{"id":1106,"date":"2018-04-13T21:25:50","date_gmt":"2018-04-13T21:25:50","guid":{"rendered":"http:\/\/hubertpietka.bialystok.pl\/?page_id=1106"},"modified":"2018-04-13T21:45:39","modified_gmt":"2018-04-13T21:45:39","slug":"martyrologia-polska","status":"publish","type":"page","link":"https:\/\/hubertpietka.bialystok.pl\/?page_id=1106","title":{"rendered":"Martyrologia polska"},"content":{"rendered":"<p><strong>Martyrologia polska<\/strong><\/p>\n<p>Jak Jezus um\u0119czona<br \/>\nPolska<br \/>\nWzywa i wo\u0142a<\/p>\n<div class=\"text_exposed_show\">\n<p>Wsta\u0144cie do apelu<br \/>\nPowsta\u0144cie<br \/>\nM\u0119czennicy polskich dziej\u00f3w<\/p>\n<p>Niech wielka armia wstanie<br \/>\nPodniesie nasz czas<br \/>\nW nowe \u015bwiata<br \/>\nBierzmowanie<\/p>\n<p>Pod Katyniem i Smole\u0144skiem<br \/>\nSymbole kl\u0119ski<br \/>\nNabieraj\u0105 barw zwyci\u0119skich<\/p>\n<p>Wsta\u0144cie do apelu<br \/>\nZ tych synonim\u00f3w wielkich zbrodni<br \/>\nCzas ju\u017c odpowiedni<\/p>\n<p>Niech wielka armia wstanie<br \/>\nZ \u017cywymi rami\u0119 w rami\u0119<br \/>\nOdmieni symbole kl\u0119ski<br \/>\nMarszem zwyci\u0119skim<\/p>\n<p>Powstanie wtedy nowy \u015bwiat<br \/>\nGdzie bratem brat<br \/>\nI odmieni si\u0119 pogardy czas<br \/>\nPrzez nowych nas<\/p>\n<p>Wsta\u0144cie do apelu<br \/>\nM\u0119czennicy polskich dziej\u00f3w<br \/>\nWzywam was<br \/>\nNowej Polski<br \/>\nI nowego \u015bwiata<br \/>\nJu\u017c czas<\/p>\n<p>Ju\u017c czas<br \/>\nWielka armio<br \/>\nNa ze snu powstanie<br \/>\nCzas na<br \/>\n\u015awiata przemian\u0119<\/p>\n<\/div>\n<p style=\"text-align: center;\"><em><strong><a href=\"https:\/\/www.youtube.com\/watch?v=Z3UO5LN-L7g\">Cisza. Modlitwa katy\u0144ska<\/a><\/strong><\/em><\/p>\n<p style=\"text-align: center;\"><em><strong><a href=\"https:\/\/www.youtube.com\/watch?v=GzAJmEgPgFI\">D. \u015awi\u0105tek &#8211; Sen o Katyniu<\/a><\/strong><\/em><\/p>\n<p style=\"text-align: center;\"><em><strong><a href=\"https:\/\/www.youtube.com\/watch?v=GzAJmEgPgFI\">A. Ko\u0142akowski &#8211; Katy\u0144 1940<\/a><\/strong><\/em><\/p>\n<p style=\"text-align: center;\"><em><strong><a href=\"https:\/\/www.youtube.com\/watch?v=wJfZ9OsKb8E\">J. Pietrzak &#8211; Ballada 10 kwietnia<\/a><\/strong><\/em><\/p>\n<h1 class=\"title style-scope ytd-video-primary-info-renderer\" style=\"text-align: center;\"><em><a href=\"https:\/\/www.youtube.com\/watch?v=RoidjHh1W2w\">Taki kraj &#8211; M. Bizo\u0144 &#8211; Piwnica pod Baranami<\/a><\/em><\/h1>\n","protected":false},"excerpt":{"rendered":"<p>Martyrologia polska Jak Jezus um\u0119czona Polska Wzywa i wo\u0142a Wsta\u0144cie do apelu Powsta\u0144cie M\u0119czennicy polskich dziej\u00f3w Niech wielka armia wstanie Podniesie nasz czas W nowe&hellip; <\/p>\n","protected":false},"author":1,"featured_media":0,"parent":0,"menu_order":0,"comment_status":"closed","ping_status":"closed","template":"","meta":{"footnotes":""},"class_list":["post-1106","page","type-page","status-publish","hentry"],"_links":{"self":[{"href":"https:\/\/hubertpietka.bialystok.pl\/index.php?rest_route=\/wp\/v2\/pages\/1106","targetHints":{"allow":["GET"]}}],"collection":[{"href":"https:\/\/hubertpietka.bialystok.pl\/index.php?rest_route=\/wp\/v2\/pages"}],"about":[{"href":"https:\/\/hubertpietka.bialystok.pl\/index.php?rest_route=\/wp\/v2\/types\/page"}],"author":[{"embeddable":true,"href":"https:\/\/hubertpietka.bialystok.pl\/index.php?rest_route=\/wp\/v2\/users\/1"}],"replies":[{"embeddable":true,"href":"https:\/\/hubertpietka.bialystok.pl\/index.php?rest_route=%2Fwp%2Fv2%2Fcomments&post=1106"}],"version-history":[{"count":6,"href":"https:\/\/hubertpietka.bialystok.pl\/index.php?rest_route=\/wp\/v2\/pages\/1106\/revisions"}],"predecessor-version":[{"id":1112,"href":"https:\/\/hubertpietka.bialystok.pl\/index.php?rest_route=\/wp\/v2\/pages\/1106\/revisions\/1112"}],"wp:attachment":[{"href":"https:\/\/hubertpietka.bialystok.pl\/index.php?rest_route=%2Fwp%2Fv2%2Fmedia&parent=1106"}],"curies":[{"name":"wp","href":"https:\/\/api.w.org\/{rel}","templated":true}]}}