{"id":1116,"date":"2018-04-18T16:01:52","date_gmt":"2018-04-18T16:01:52","guid":{"rendered":"http:\/\/hubertpietka.bialystok.pl\/?page_id=1116"},"modified":"2018-04-18T16:31:56","modified_gmt":"2018-04-18T16:31:56","slug":"jedna","status":"publish","type":"page","link":"https:\/\/hubertpietka.bialystok.pl\/?page_id=1116","title":{"rendered":"Jedna"},"content":{"rendered":"<p><span class=\" UFICommentActorAndBody\"><span data-ft=\"{&quot;tn&quot;:&quot;K&quot;}\"><span class=\"UFICommentBody _1n4g\"><em><strong>Jedna<\/strong><\/em><\/span><\/span><\/span><\/p>\n<p>Jedna jest<br \/>\nNajukocha\u0144sza<br \/>\nWy\u015bniona<\/p>\n<p>Moja \u017cona<\/p>\n<p>Bli\u017csza mi<br \/>\nNi\u017c ja sobie sam<br \/>\nJ\u0105 jedn\u0105 do ko\u0144ca mam<\/p>\n<p>Tak zwyczajna<br \/>\n\u017be nadzwyczajna<br \/>\nW obok trwaniu<br \/>\nSn\u00f3w doczekaniu<\/p>\n<p>I znosi mnie tak<br \/>\nJak ca\u0142y \u015bwiat<br \/>\nW prostocie swej<br \/>\nJa jej, \u017ce ojej <span class=\"_47e3 _5mfr\" title=\"Emotikon wink\"><span class=\"_7oe\">\ud83d\ude42<\/span><\/span><\/p>\n<p>Ona jedna jak siedem<br \/>\nI ja dla niej<br \/>\nJeden.<\/p>\n<h1 class=\"title style-scope ytd-video-primary-info-renderer\" style=\"text-align: center;\"><em><a href=\"https:\/\/www.youtube.com\/watch?v=U5LLkehUa-c\">Lady Pank &#8211; M\u00f3j \u015bwiat bez Ciebie<\/a><\/em><\/h1>\n<h1 class=\"title style-scope ytd-video-primary-info-renderer\" style=\"text-align: center;\"><em><a href=\"https:\/\/www.youtube.com\/watch?v=PTekHWPpdyA\">Ich Troje &#8211; Zawsze p\u00f3jd\u0119 w twoj\u0105 stron\u0119<\/a><\/em><\/h1>\n<p style=\"text-align: center;\"><em><a href=\"https:\/\/www.youtube.com\/watch?v=9K1O1JvUBfg\"><strong>M. Grechuta &#8211; Nieoceniona<\/strong><\/a><\/em><\/p>\n<p style=\"text-align: center;\"><em>\ud83d\ude42<\/em><\/p>\n<p style=\"text-align: center;\"><em><a href=\"https:\/\/www.youtube.com\/watch?v=J8t9d4TIVHQ\"><strong>Masters &#8211; \u017bono moja<\/strong><\/a><\/em><\/p>\n<h1 class=\"title style-scope ytd-video-primary-info-renderer\" style=\"text-align: center;\"><em><a href=\"https:\/\/www.youtube.com\/watch?v=y2Q2T11RUow\">Akcent &#8211; Przez Twe Oczy Zielone<\/a><\/em><\/h1>\n<p style=\"text-align: center;\"><em>\ud83d\ude09<\/em><\/p>\n<h1 class=\"title style-scope ytd-video-primary-info-renderer\" style=\"text-align: center;\"><em><a href=\"https:\/\/www.youtube.com\/watch?v=7BusTxnFRH8\">Zbigniew Wodecki Z tob\u0105 chc\u0119 ogl\u0105da\u0107 \u015bwiat<\/a><\/em><\/h1>\n<h1 class=\"title style-scope ytd-video-primary-info-renderer\" style=\"text-align: center;\"><em><a href=\"https:\/\/www.youtube.com\/watch?v=ItKxVNUFKYI\">Krzysztof Kilja\u0144ski &amp; Kayah &#8211; Pr\u00f3cz ciebie nic<\/a><\/em><\/h1>\n<p style=\"text-align: center;\"><em>\ud83d\ude42<\/em><\/p>\n","protected":false},"excerpt":{"rendered":"<p>Jedna Jedna jest Najukocha\u0144sza Wy\u015bniona Moja \u017cona Bli\u017csza mi Ni\u017c ja sobie sam J\u0105 jedn\u0105 do ko\u0144ca mam Tak zwyczajna \u017be nadzwyczajna W obok trwaniu&hellip; <\/p>\n","protected":false},"author":1,"featured_media":0,"parent":0,"menu_order":0,"comment_status":"closed","ping_status":"closed","template":"","meta":{"footnotes":""},"class_list":["post-1116","page","type-page","status-publish","hentry"],"_links":{"self":[{"href":"https:\/\/hubertpietka.bialystok.pl\/index.php?rest_route=\/wp\/v2\/pages\/1116","targetHints":{"allow":["GET"]}}],"collection":[{"href":"https:\/\/hubertpietka.bialystok.pl\/index.php?rest_route=\/wp\/v2\/pages"}],"about":[{"href":"https:\/\/hubertpietka.bialystok.pl\/index.php?rest_route=\/wp\/v2\/types\/page"}],"author":[{"embeddable":true,"href":"https:\/\/hubertpietka.bialystok.pl\/index.php?rest_route=\/wp\/v2\/users\/1"}],"replies":[{"embeddable":true,"href":"https:\/\/hubertpietka.bialystok.pl\/index.php?rest_route=%2Fwp%2Fv2%2Fcomments&post=1116"}],"version-history":[{"count":6,"href":"https:\/\/hubertpietka.bialystok.pl\/index.php?rest_route=\/wp\/v2\/pages\/1116\/revisions"}],"predecessor-version":[{"id":1122,"href":"https:\/\/hubertpietka.bialystok.pl\/index.php?rest_route=\/wp\/v2\/pages\/1116\/revisions\/1122"}],"wp:attachment":[{"href":"https:\/\/hubertpietka.bialystok.pl\/index.php?rest_route=%2Fwp%2Fv2%2Fmedia&parent=1116"}],"curies":[{"name":"wp","href":"https:\/\/api.w.org\/{rel}","templated":true}]}}