{"id":113,"date":"2017-01-03T22:18:58","date_gmt":"2017-01-03T22:18:58","guid":{"rendered":"http:\/\/hubertpietka.bialystok.pl\/?page_id=113"},"modified":"2017-05-30T00:30:40","modified_gmt":"2017-05-30T00:30:40","slug":"dla-osrodkow-kultury","status":"publish","type":"page","link":"https:\/\/hubertpietka.bialystok.pl\/?page_id=113","title":{"rendered":"Dla o\u015brodk\u00f3w kultury"},"content":{"rendered":"<ol>\n<li>Warsztaty z interpretacji poezji.<\/li>\n<li>Zaj\u0119cia dramowe.<\/li>\n<li>Biblioterapia.<\/li>\n<li>Historia literatury.<\/li>\n<li>Patriotyzm wczoraj i dzi\u015b.<\/li>\n<\/ol>\n<p>Prowadzenie spotka\u0144 literackich i okoliczno\u015bciowych&#8230;<\/p>\n<p>&nbsp;<\/p>\n","protected":false},"excerpt":{"rendered":"<p>Warsztaty z interpretacji poezji. Zaj\u0119cia dramowe. Biblioterapia. Historia literatury. Patriotyzm wczoraj i dzi\u015b. Prowadzenie spotka\u0144 literackich i okoliczno\u015bciowych&#8230; &nbsp;<\/p>\n","protected":false},"author":1,"featured_media":0,"parent":0,"menu_order":0,"comment_status":"closed","ping_status":"closed","template":"","meta":{"footnotes":""},"class_list":["post-113","page","type-page","status-publish","hentry"],"_links":{"self":[{"href":"https:\/\/hubertpietka.bialystok.pl\/index.php?rest_route=\/wp\/v2\/pages\/113","targetHints":{"allow":["GET"]}}],"collection":[{"href":"https:\/\/hubertpietka.bialystok.pl\/index.php?rest_route=\/wp\/v2\/pages"}],"about":[{"href":"https:\/\/hubertpietka.bialystok.pl\/index.php?rest_route=\/wp\/v2\/types\/page"}],"author":[{"embeddable":true,"href":"https:\/\/hubertpietka.bialystok.pl\/index.php?rest_route=\/wp\/v2\/users\/1"}],"replies":[{"embeddable":true,"href":"https:\/\/hubertpietka.bialystok.pl\/index.php?rest_route=%2Fwp%2Fv2%2Fcomments&post=113"}],"version-history":[{"count":3,"href":"https:\/\/hubertpietka.bialystok.pl\/index.php?rest_route=\/wp\/v2\/pages\/113\/revisions"}],"predecessor-version":[{"id":460,"href":"https:\/\/hubertpietka.bialystok.pl\/index.php?rest_route=\/wp\/v2\/pages\/113\/revisions\/460"}],"wp:attachment":[{"href":"https:\/\/hubertpietka.bialystok.pl\/index.php?rest_route=%2Fwp%2Fv2%2Fmedia&parent=113"}],"curies":[{"name":"wp","href":"https:\/\/api.w.org\/{rel}","templated":true}]}}