{"id":1131,"date":"2018-04-18T16:58:45","date_gmt":"2018-04-18T16:58:45","guid":{"rendered":"http:\/\/hubertpietka.bialystok.pl\/?page_id=1131"},"modified":"2018-04-18T16:58:45","modified_gmt":"2018-04-18T16:58:45","slug":"solidarnosc-miedzyludzkosc-czlowieczenstwa","status":"publish","type":"page","link":"https:\/\/hubertpietka.bialystok.pl\/?page_id=1131","title":{"rendered":"Solidarno\u015b\u0107 \/Mi\u0119dzyludzko\u015b\u0107 cz\u0142owiecze\u0144stwa\/"},"content":{"rendered":"<p><em><strong><span class=\" UFICommentActorAndBody\"><span class=\"UFICommentBody _1n4g\">Solidarno\u015b\u0107<br \/>\n\/Mi\u0119dzyludzko\u015b\u0107 cz\u0142owiecze\u0144stwa\/<\/span><\/span><\/strong><\/em><\/p>\n<p><strong>I<\/strong><\/p>\n<p>Solidarno\u015b\u0107<br \/>\nSolidna podwalina<br \/>\nPod moralno\u015b\u0107<br \/>\nSolidarno\u015b\u0107<br \/>\nWsp\u00f3\u0142odczuwanie<span class=\"text_exposed_show\"><br \/>\nI wsp\u00f3\u0142ofiarno\u015b\u0107<br \/>\nSolidarno\u015b\u0107<br \/>\nKwiat mi\u0142o\u015bci<br \/>\nNa duszy ludzko\u015bci<br \/>\nSolidarno\u015b\u0107<br \/>\nWi\u0119cej nic<br \/>\nBy\u0107 ze sob\u0105 razem<\/span><\/p>\n<p><strong>II<\/strong><span class=\" UFICommentActorAndBody\"><span data-ft=\"{&quot;tn&quot;:&quot;K&quot;}\"><span class=\"UFICommentBody _1n4g\"><\/p>\n<p>Solidarno\u015b\u0107<\/span><\/span><\/span><\/p>\n<p><span class=\" UFICommentActorAndBody\"><span data-ft=\"{&quot;tn&quot;:&quot;K&quot;}\"><span class=\"UFICommentBody _1n4g\"><br \/>\nMi\u0119dzyludzkich<br \/>\nWi\u0119zi blisko\u015b\u0107<br \/>\nMiedzycz\u0142owieczych<br \/>\ndo\u015bwiadcze\u0144 sp\u00f3jno\u015b\u0107<br \/>\nMi\u0119dzy nami<br \/>\nWsp\u00f3\u0142istno\u015b\u0107<br \/>\nKoherentno\u015b\u0107<br \/>\nCel\u00f3w<br \/>\nByt\u00f3w cz\u0142owieczych<br \/>\nZbie\u017cno\u015b\u0107<br \/>\nKu przysz\u0142o\u015bci<br \/>\nOtwarto\u015b\u0107<br \/>\nI wsp\u00f3lna<br \/>\nDzia\u0142alno\u015b\u0107<\/span><\/span><\/span><\/p>\n","protected":false},"excerpt":{"rendered":"<p>Solidarno\u015b\u0107 \/Mi\u0119dzyludzko\u015b\u0107 cz\u0142owiecze\u0144stwa\/ I Solidarno\u015b\u0107 Solidna podwalina Pod moralno\u015b\u0107 Solidarno\u015b\u0107 Wsp\u00f3\u0142odczuwanie I wsp\u00f3\u0142ofiarno\u015b\u0107 Solidarno\u015b\u0107 Kwiat mi\u0142o\u015bci Na duszy ludzko\u015bci Solidarno\u015b\u0107 Wi\u0119cej nic By\u0107 ze sob\u0105&hellip; <\/p>\n","protected":false},"author":1,"featured_media":0,"parent":0,"menu_order":0,"comment_status":"closed","ping_status":"closed","template":"","meta":{"footnotes":""},"class_list":["post-1131","page","type-page","status-publish","hentry"],"_links":{"self":[{"href":"https:\/\/hubertpietka.bialystok.pl\/index.php?rest_route=\/wp\/v2\/pages\/1131","targetHints":{"allow":["GET"]}}],"collection":[{"href":"https:\/\/hubertpietka.bialystok.pl\/index.php?rest_route=\/wp\/v2\/pages"}],"about":[{"href":"https:\/\/hubertpietka.bialystok.pl\/index.php?rest_route=\/wp\/v2\/types\/page"}],"author":[{"embeddable":true,"href":"https:\/\/hubertpietka.bialystok.pl\/index.php?rest_route=\/wp\/v2\/users\/1"}],"replies":[{"embeddable":true,"href":"https:\/\/hubertpietka.bialystok.pl\/index.php?rest_route=%2Fwp%2Fv2%2Fcomments&post=1131"}],"version-history":[{"count":1,"href":"https:\/\/hubertpietka.bialystok.pl\/index.php?rest_route=\/wp\/v2\/pages\/1131\/revisions"}],"predecessor-version":[{"id":1132,"href":"https:\/\/hubertpietka.bialystok.pl\/index.php?rest_route=\/wp\/v2\/pages\/1131\/revisions\/1132"}],"wp:attachment":[{"href":"https:\/\/hubertpietka.bialystok.pl\/index.php?rest_route=%2Fwp%2Fv2%2Fmedia&parent=1131"}],"curies":[{"name":"wp","href":"https:\/\/api.w.org\/{rel}","templated":true}]}}