{"id":1138,"date":"2018-04-25T11:20:35","date_gmt":"2018-04-25T11:20:35","guid":{"rendered":"http:\/\/hubertpietka.bialystok.pl\/?page_id=1138"},"modified":"2018-04-25T11:20:35","modified_gmt":"2018-04-25T11:20:35","slug":"viva-la-vita-niech-zyje-zycie","status":"publish","type":"page","link":"https:\/\/hubertpietka.bialystok.pl\/?page_id=1138","title":{"rendered":"Viva La Vita \/ Niech \u017cyje \u017cycie"},"content":{"rendered":"<p><em><strong>Viva La Vita \/<\/strong><\/em><br \/>\n<em><strong> Niech \u017cyje \u017cycie<\/strong><\/em><\/p>\n<p>\u017bycie<\/p>\n<p>To czas<br \/>\nNa dobro w nas<\/p>\n<div class=\"text_exposed_show\">\n<p>To ze z\u0142em<br \/>\nMi\u0142o\u015bci walka<\/p>\n<p>To miejsce zachwytu<br \/>\nNad pi\u0119knem \u015bwiata<\/p>\n<p>To prawdy kwestia<br \/>\nI jej zwyci\u0119stwa<\/p>\n<p>To z cz\u0142owiekiem spotkanie<br \/>\nI z tym co sobie damy<\/p>\n<p>To konkret i potencja\u0142<br \/>\nTo udzia\u0142 w trudach i rado\u015bciach spo\u0142ecze\u0144stwa<\/p>\n<p>Wreszcie bo tak trzeba<br \/>\nTo wyj\u015bcie naprzeciw nieba<\/p>\n<p>To siebie budowanie<br \/>\nW znoju i nadziei trwania<\/p>\n<p>To w dziejach ludzko\u015bci partycypacja<br \/>\nI budowanie nowej spo\u0142eczno\u015bci \u015bwiata<\/p>\n<p>To ze s\u0142abo\u015bci powstawanie<br \/>\nZ grzechem wygrywanie<\/p>\n<p>To taki czas<br \/>\nNa sprawiedliwo\u015b\u0107 w nas<\/p>\n<p>By odda\u0107 ka\u017cdemu<br \/>\nTo co nale\u017cy si\u0119 jemu<\/p>\n<\/div>\n","protected":false},"excerpt":{"rendered":"<p>Viva La Vita \/ Niech \u017cyje \u017cycie \u017bycie To czas Na dobro w nas To ze z\u0142em Mi\u0142o\u015bci walka To miejsce zachwytu Nad pi\u0119knem \u015bwiata&hellip; <\/p>\n","protected":false},"author":1,"featured_media":0,"parent":0,"menu_order":0,"comment_status":"closed","ping_status":"closed","template":"","meta":{"footnotes":""},"class_list":["post-1138","page","type-page","status-publish","hentry"],"_links":{"self":[{"href":"https:\/\/hubertpietka.bialystok.pl\/index.php?rest_route=\/wp\/v2\/pages\/1138","targetHints":{"allow":["GET"]}}],"collection":[{"href":"https:\/\/hubertpietka.bialystok.pl\/index.php?rest_route=\/wp\/v2\/pages"}],"about":[{"href":"https:\/\/hubertpietka.bialystok.pl\/index.php?rest_route=\/wp\/v2\/types\/page"}],"author":[{"embeddable":true,"href":"https:\/\/hubertpietka.bialystok.pl\/index.php?rest_route=\/wp\/v2\/users\/1"}],"replies":[{"embeddable":true,"href":"https:\/\/hubertpietka.bialystok.pl\/index.php?rest_route=%2Fwp%2Fv2%2Fcomments&post=1138"}],"version-history":[{"count":1,"href":"https:\/\/hubertpietka.bialystok.pl\/index.php?rest_route=\/wp\/v2\/pages\/1138\/revisions"}],"predecessor-version":[{"id":1139,"href":"https:\/\/hubertpietka.bialystok.pl\/index.php?rest_route=\/wp\/v2\/pages\/1138\/revisions\/1139"}],"wp:attachment":[{"href":"https:\/\/hubertpietka.bialystok.pl\/index.php?rest_route=%2Fwp%2Fv2%2Fmedia&parent=1138"}],"curies":[{"name":"wp","href":"https:\/\/api.w.org\/{rel}","templated":true}]}}