{"id":1141,"date":"2018-04-26T13:35:50","date_gmt":"2018-04-26T13:35:50","guid":{"rendered":"http:\/\/hubertpietka.bialystok.pl\/?page_id=1141"},"modified":"2018-04-26T13:44:46","modified_gmt":"2018-04-26T13:44:46","slug":"kiedy-bylem-maly","status":"publish","type":"page","link":"https:\/\/hubertpietka.bialystok.pl\/?page_id=1141","title":{"rendered":"Kiedy by\u0142em ma\u0142y"},"content":{"rendered":"<p><em><strong>Kiedy by\u0142em ma\u0142y<\/strong><\/em><\/p>\n<p>Kiedy by\u0142em ma\u0142y<br \/>\nChcia\u0142em by\u0107 drwalem<\/p>\n<div class=\"text_exposed_show\">\n<p>Wielkie drzewa siekier\u0105 ci\u0105\u0107 chcia\u0142em<br \/>\nW s\u0142o\u0144cu i z czo\u0142em w pocie zalanym<br \/>\n(Wtedy pi\u0142y motorowe jeszcze nie warcza\u0142y<br \/>\nTylko ptaki \u015bpiewa\u0142y)<\/p>\n<p>Kiedy troch\u0119 wi\u0119kszy by\u0142em<br \/>\nPi\u0142karzem by\u0107 chcia\u0142em<br \/>\nMarzy\u0142em o zielonych boiskach<br \/>\nPokonywaniu siebie i przeciwnika<br \/>\n(Wtedy nie by\u0142o war\u00f3w<br \/>\nTylko korkotrampki<br \/>\nI zwyk\u0142e pi\u0142ki)<\/p>\n<p>Kiedy doros\u0142em troch\u0119<br \/>\nJu\u017c nie wiedzia\u0142em kim chc\u0119 by\u0107<br \/>\nOdda\u0142em to Bogu<br \/>\n(Kiedy\u015b \u0142atwiej z dnia na dzie\u0144 by\u0142o \u017cy\u0107<br \/>\nCzas spokojniej bieg\u0142)<\/p>\n<p>Teraz jestem ju\u017c du\u017cy<br \/>\nWiele w swym \u017cyciu prze\u017cy\u0142em burz<br \/>\nI chc\u0119 by\u0107 tym tylko<br \/>\nKim chce \u017cebym by\u0142 B\u00f3g<br \/>\n(Kiedy\u015b du\u017co dylemat\u00f3w mia\u0142em<br \/>\nTeraz si\u0119 wyprostowa\u0142em)<\/p>\n<p>Kim i czym b\u0119d\u0119 B\u00f3g wie<br \/>\nJa nie zwa\u017cam na s\u0142owo tylko ludzkie<br \/>\nLiczy si\u0119 tylko wola Bo\u017ca<br \/>\nKt\u00f3r\u0105 ludziom objawi\u0107 On mo\u017ce<br \/>\n(Bo lepszym jest s\u0142ucha\u0107 Jego<br \/>\nNi\u017c ludzkich k\u0142amstw skarg i \u017cal\u00f3w)<\/p>\n<p><strong><a href=\"https:\/\/www.youtube.com\/watch?v=icYCtUmWcdc\">D\u017cem &#8211; Naiwne pytania<\/a><\/strong><\/p>\n<h1 class=\"title style-scope ytd-video-primary-info-renderer\"><a href=\"https:\/\/www.youtube.com\/watch?v=mmmJ9ltyWjQ\">Breakout &#8211; Kiedy by\u0142em ma\u0142ym ch\u0142opcem<\/a><\/h1>\n<p><strong><a href=\"https:\/\/www.youtube.com\/watch?v=5wqMVcITetY\">Zdrowa woda &#8211; Zwyk\u0142y cz\u0142owiek<\/a><\/strong><\/p>\n<\/div>\n","protected":false},"excerpt":{"rendered":"<p>Kiedy by\u0142em ma\u0142y Kiedy by\u0142em ma\u0142y Chcia\u0142em by\u0107 drwalem Wielkie drzewa siekier\u0105 ci\u0105\u0107 chcia\u0142em W s\u0142o\u0144cu i z czo\u0142em w pocie zalanym (Wtedy pi\u0142y motorowe&hellip; <\/p>\n","protected":false},"author":1,"featured_media":0,"parent":0,"menu_order":0,"comment_status":"closed","ping_status":"closed","template":"","meta":{"footnotes":""},"class_list":["post-1141","page","type-page","status-publish","hentry"],"_links":{"self":[{"href":"https:\/\/hubertpietka.bialystok.pl\/index.php?rest_route=\/wp\/v2\/pages\/1141","targetHints":{"allow":["GET"]}}],"collection":[{"href":"https:\/\/hubertpietka.bialystok.pl\/index.php?rest_route=\/wp\/v2\/pages"}],"about":[{"href":"https:\/\/hubertpietka.bialystok.pl\/index.php?rest_route=\/wp\/v2\/types\/page"}],"author":[{"embeddable":true,"href":"https:\/\/hubertpietka.bialystok.pl\/index.php?rest_route=\/wp\/v2\/users\/1"}],"replies":[{"embeddable":true,"href":"https:\/\/hubertpietka.bialystok.pl\/index.php?rest_route=%2Fwp%2Fv2%2Fcomments&post=1141"}],"version-history":[{"count":3,"href":"https:\/\/hubertpietka.bialystok.pl\/index.php?rest_route=\/wp\/v2\/pages\/1141\/revisions"}],"predecessor-version":[{"id":1144,"href":"https:\/\/hubertpietka.bialystok.pl\/index.php?rest_route=\/wp\/v2\/pages\/1141\/revisions\/1144"}],"wp:attachment":[{"href":"https:\/\/hubertpietka.bialystok.pl\/index.php?rest_route=%2Fwp%2Fv2%2Fmedia&parent=1141"}],"curies":[{"name":"wp","href":"https:\/\/api.w.org\/{rel}","templated":true}]}}