{"id":1152,"date":"2018-05-04T12:02:40","date_gmt":"2018-05-04T12:02:40","guid":{"rendered":"http:\/\/hubertpietka.bialystok.pl\/?page_id=1152"},"modified":"2018-05-04T12:45:33","modified_gmt":"2018-05-04T12:45:33","slug":"buklak-wsrod-dymow","status":"publish","type":"page","link":"https:\/\/hubertpietka.bialystok.pl\/?page_id=1152","title":{"rendered":"Buk\u0142ak w\u015br\u00f3d dym\u00f3w"},"content":{"rendered":"<p><em><strong>Buk\u0142ak w\u015br\u00f3d dym\u00f3w<\/strong><\/em><\/p>\n<p>Ref.<br \/>\n\u015aw. Florian gasi p\u0142omienie<br \/>\nB\u00f3g nas rozpromienia<\/p>\n<div class=\"text_exposed_show\">\n<p>Ko\u015bci\u00f3\u0142 \u015bw. Floriana<br \/>\nW Krakowie na Warszawskiej<br \/>\nP\u0142omie\u0144 za\u0142amania nerwowego si\u0119 dogasi\u0142<br \/>\nB\u00f3g uczucia wskrzesi\u0142<\/p>\n<p>Ref.<\/p>\n<p>W Bia\u0142ymstoku na Warszawskiej<br \/>\nP\u0142omie\u0144 mi\u0142o\u015bci m\u0142odzie\u0144czej si\u0119 tli\u0142<br \/>\nBy sp\u0142on\u0105\u0107 na Krakowskiej<br \/>\n\u015aw. Wojciech z Warszawskiej<br \/>\nDucha \u015awi\u0119tego podni\u00f3s\u0142<\/p>\n<p>Ref.<\/p>\n<p>Ko\u015bci\u00f3\u0142 \u015bw. Floriana<br \/>\nJest w Bia\u0142ymstoku<br \/>\nKrakowskie Przedmie\u015bcie w Warszawie<br \/>\nStra\u017cacy w drodze z Cz\u0119stochowy<br \/>\nB\u00f3g zapala ogniki<br \/>\nW mojej g\u0142owie<\/p>\n<p>Ref.<\/p>\n<p>Co si\u0119 spali\u0107 ma<br \/>\nNiech sp\u0142onie<br \/>\nB\u00f3g jak buk\u0142aki<br \/>\nW\u0119dzi nas w dymie Swego S\u0142owa<br \/>\nBy dokona\u0107 si\u0119 mog\u0142o<br \/>\nTo co powinno si\u0119 dokona\u0107<\/p>\n<p>Ref.<\/p>\n<p>Duchu \u015awi\u0119ty ogie\u0144 pal<br \/>\nCo z\u0142e niepotrzebne wypal<br \/>\n\u015aw. Florianie p\u0142omienie ga\u015b<br \/>\nTego co niepo\u017c\u0105dane dla nas<br \/>\nW nas i wok\u00f3\u0142 nas<\/p>\n<p>Ref.<\/p>\n<p>Cho\u0107 jak buk\u0142aki w dymie<br \/>\nKszta\u0142towa\u0107 si\u0119 musimy<br \/>\nB\u00f3g przez ogie\u0144 dym i p\u0142omienie<br \/>\nProwadzi nas do Siebie<br \/>\nBy\u015bmy mogli by\u0107 dobrym naczyniem<br \/>\nDo przechowywania Bo\u017cego wina<\/p>\n<p>Ref.<\/p>\n<p>I cho\u0107 to moja i Twoja wina<br \/>\nNiezawiniona to przyczyna<br \/>\nBy m\u00f3g\u0142 na gruzach<br \/>\nI pogorzeliskach<br \/>\nPowsta\u0107 \u015bwiat<br \/>\nNowych ludzkich istnie\u0144 nowych nas<\/p>\n<p>Ref.<\/p>\n<p>To czas ju\u017c czas<br \/>\nTu i teraz ju\u017c najwy\u017cszy czas<br \/>\nBy wypali\u0142o si\u0119 z\u0142o w nas<br \/>\n\u015aw. Florianie ten po\u017car potem zga\u015b<br \/>\nA B\u00f3g p\u0142omie\u0144 mi\u0142o\u015bci<br \/>\nNiech rozpali w nas do czerwono\u015bci<\/p>\n<p>Ref.<\/p>\n<p>By w nowych nas \u015bwiecie<br \/>\nB\u00f3g wszystko o\u015bwieci\u0142<br \/>\nA ognik prawdy i dobroci<br \/>\nWobec wszystkich ludzi<br \/>\nM\u00f3g\u0142 zwie\u0144czy\u0107<br \/>\nDzie\u0142o p\u0142omieni mi\u0142o\u015bci<\/p>\n<p>Ref.<\/p>\n<p><em>Pisano we \u015bw. Floriana &#8211; 4 maja 2018 r. &#8211; w Bia\u0142ymstoku<\/em><\/p>\n<p style=\"text-align: center;\"><em><strong><a href=\"https:\/\/www.youtube.com\/watch?v=sw-OgVHhb-w\">Panie, ogie\u0144 pal<\/a><\/strong><\/em><\/p>\n<h1 class=\"title style-scope ytd-video-primary-info-renderer\" style=\"text-align: center;\"><em><a href=\"https:\/\/www.youtube.com\/watch?v=4doRTwzx6hU\">Duchu \u015awi\u0119ty, przyjd\u017a i rozpal nas!<\/a><\/em><\/h1>\n<p style=\"text-align: center;\"><em><strong><a href=\"https:\/\/www.youtube.com\/watch?v=zxMD0aggKPU\">O cuda, cuda<\/a><\/strong><\/em><\/p>\n<p style=\"text-align: center;\">\ud83d\ude42<\/p>\n<h1 class=\"title style-scope ytd-video-primary-info-renderer\" style=\"text-align: center;\"><a href=\"https:\/\/www.youtube.com\/watch?v=MVJ7i0l59R4\"><em>Duchu \u015awi\u0119ty Stworzycielu<\/em><\/a><\/h1>\n<h1 class=\"title style-scope ytd-video-primary-info-renderer\" style=\"text-align: center;\"><em><a href=\"https:\/\/www.youtube.com\/watch?v=gKOBZbxTz7c\">Niech Tw\u00f3j \u015awi\u0119ty Duch &#8211; Bartek Jaskot<\/a><\/em><\/h1>\n<h1 class=\"title style-scope ytd-video-primary-info-renderer\" style=\"text-align: center;\"><em><a href=\"https:\/\/www.youtube.com\/watch?v=a-59QR5aDdo\">Przyjd\u017a jak deszcz<\/a><\/em><\/h1>\n<h1 class=\"title style-scope ytd-video-primary-info-renderer\" style=\"text-align: center;\"><em><a href=\"https:\/\/www.youtube.com\/watch?v=njH9pBJFLxM\">Swojego Ducha Panie wylej na nas dzi\u015b<\/a><\/em><\/h1>\n<h1 class=\"title style-scope ytd-video-primary-info-renderer\" style=\"text-align: center;\"><em><a href=\"https:\/\/www.youtube.com\/watch?v=aBZ1u93tDa0\">Dotknij Panie moich oczu &#8211; Adoramus<\/a><\/em><\/h1>\n<p style=\"text-align: center;\">\ud83d\ude42<\/p>\n<h1 class=\"title style-scope ytd-video-primary-info-renderer\" style=\"text-align: center;\"><a href=\"https:\/\/www.youtube.com\/watch?v=Sy7k5ZgA_RU\"><em>Anita Lipnicka &#8211; Ptasiek<\/em><\/a><\/h1>\n<p style=\"text-align: center;\">\ud83d\ude09<\/p>\n<\/div>\n","protected":false},"excerpt":{"rendered":"<p>Buk\u0142ak w\u015br\u00f3d dym\u00f3w Ref. \u015aw. Florian gasi p\u0142omienie B\u00f3g nas rozpromienia Ko\u015bci\u00f3\u0142 \u015bw. Floriana W Krakowie na Warszawskiej P\u0142omie\u0144 za\u0142amania nerwowego si\u0119 dogasi\u0142 B\u00f3g uczucia&hellip; <\/p>\n","protected":false},"author":1,"featured_media":0,"parent":0,"menu_order":0,"comment_status":"closed","ping_status":"closed","template":"","meta":{"footnotes":""},"class_list":["post-1152","page","type-page","status-publish","hentry"],"_links":{"self":[{"href":"https:\/\/hubertpietka.bialystok.pl\/index.php?rest_route=\/wp\/v2\/pages\/1152","targetHints":{"allow":["GET"]}}],"collection":[{"href":"https:\/\/hubertpietka.bialystok.pl\/index.php?rest_route=\/wp\/v2\/pages"}],"about":[{"href":"https:\/\/hubertpietka.bialystok.pl\/index.php?rest_route=\/wp\/v2\/types\/page"}],"author":[{"embeddable":true,"href":"https:\/\/hubertpietka.bialystok.pl\/index.php?rest_route=\/wp\/v2\/users\/1"}],"replies":[{"embeddable":true,"href":"https:\/\/hubertpietka.bialystok.pl\/index.php?rest_route=%2Fwp%2Fv2%2Fcomments&post=1152"}],"version-history":[{"count":5,"href":"https:\/\/hubertpietka.bialystok.pl\/index.php?rest_route=\/wp\/v2\/pages\/1152\/revisions"}],"predecessor-version":[{"id":1157,"href":"https:\/\/hubertpietka.bialystok.pl\/index.php?rest_route=\/wp\/v2\/pages\/1152\/revisions\/1157"}],"wp:attachment":[{"href":"https:\/\/hubertpietka.bialystok.pl\/index.php?rest_route=%2Fwp%2Fv2%2Fmedia&parent=1152"}],"curies":[{"name":"wp","href":"https:\/\/api.w.org\/{rel}","templated":true}]}}