{"id":1159,"date":"2018-05-04T12:54:02","date_gmt":"2018-05-04T12:54:02","guid":{"rendered":"http:\/\/hubertpietka.bialystok.pl\/?page_id=1159"},"modified":"2018-05-04T12:55:43","modified_gmt":"2018-05-04T12:55:43","slug":"ojczyzna-majowa-maryjna-miarowa-litania-slowa","status":"publish","type":"page","link":"https:\/\/hubertpietka.bialystok.pl\/?page_id=1159","title":{"rendered":"Ojczyzna majowa Maryjna \/ miarowa &#8211; pie\u015b\u0144 s\u0142owa"},"content":{"rendered":"<p><em><strong>Ojczyzna majowa Maryjna \/ miarowa &#8211; pie\u015b\u0144 s\u0142owa<\/strong><\/em><\/p>\n<p>Kiedy kwitn\u0105 bia\u0142e kwiaty<br \/>\nHistoria Polski z niewinno\u015bci\u0105 Maryi si\u0119 splata<\/p>\n<div class=\"text_exposed_show\">\n<p>Kiedy wiosny ziele\u0144 wybucha w czasoprzestrze\u0144<br \/>\nOjczyzny natura zatapia si\u0119 w b\u0142\u0119kitach Maryi<\/p>\n<p>Kiedy barwy kolorowe<br \/>\nWprowadzaj\u0105 w zachwyt g\u0142ow\u0119<br \/>\nKultura Polska zanurza si\u0119 w Maryjnej litanii d\u017awi\u0119kach<\/p>\n<p>Kiedy przesz\u0142o\u015b\u0107 Polski<br \/>\nJak kropla krwi si\u0119 szkli<br \/>\n\u0141\u0105czy si\u0119 niezawinione m\u0119cze\u0144stwo<br \/>\nZe zmartwychwstania zwyci\u0119stwem<\/p>\n<p>Zwyci\u0119stwo to nad zim\u0105 wiosny<br \/>\nZwyci\u0119stwo przesz\u0142o\u015bci dla Polski tera\u017aniejszo\u015bci<br \/>\nZwyci\u0119stwo Maryi opromienia rzeczywisto\u015b\u0107 \u015bwiata w tym momencie<\/p>\n<p>W tej chwili<\/p>\n<p>Wszystko \u015bpiewa hymn<br \/>\nDla Maryi<\/p>\n<p><em>Pisano w Uroczysto\u015b\u0107 Maryi Kr\u00f3lowej Polski &#8211; 3 maja 2018 r. &#8211; w Bia\u0142ymstoku<\/em><\/p>\n<\/div>\n","protected":false},"excerpt":{"rendered":"<p>Ojczyzna majowa Maryjna \/ miarowa &#8211; pie\u015b\u0144 s\u0142owa Kiedy kwitn\u0105 bia\u0142e kwiaty Historia Polski z niewinno\u015bci\u0105 Maryi si\u0119 splata Kiedy wiosny ziele\u0144 wybucha w czasoprzestrze\u0144&hellip; <\/p>\n","protected":false},"author":1,"featured_media":0,"parent":0,"menu_order":0,"comment_status":"closed","ping_status":"closed","template":"","meta":{"footnotes":""},"class_list":["post-1159","page","type-page","status-publish","hentry"],"_links":{"self":[{"href":"https:\/\/hubertpietka.bialystok.pl\/index.php?rest_route=\/wp\/v2\/pages\/1159","targetHints":{"allow":["GET"]}}],"collection":[{"href":"https:\/\/hubertpietka.bialystok.pl\/index.php?rest_route=\/wp\/v2\/pages"}],"about":[{"href":"https:\/\/hubertpietka.bialystok.pl\/index.php?rest_route=\/wp\/v2\/types\/page"}],"author":[{"embeddable":true,"href":"https:\/\/hubertpietka.bialystok.pl\/index.php?rest_route=\/wp\/v2\/users\/1"}],"replies":[{"embeddable":true,"href":"https:\/\/hubertpietka.bialystok.pl\/index.php?rest_route=%2Fwp%2Fv2%2Fcomments&post=1159"}],"version-history":[{"count":2,"href":"https:\/\/hubertpietka.bialystok.pl\/index.php?rest_route=\/wp\/v2\/pages\/1159\/revisions"}],"predecessor-version":[{"id":1161,"href":"https:\/\/hubertpietka.bialystok.pl\/index.php?rest_route=\/wp\/v2\/pages\/1159\/revisions\/1161"}],"wp:attachment":[{"href":"https:\/\/hubertpietka.bialystok.pl\/index.php?rest_route=%2Fwp%2Fv2%2Fmedia&parent=1159"}],"curies":[{"name":"wp","href":"https:\/\/api.w.org\/{rel}","templated":true}]}}