{"id":116,"date":"2017-01-03T22:27:59","date_gmt":"2017-01-03T22:27:59","guid":{"rendered":"http:\/\/hubertpietka.bialystok.pl\/?page_id=116"},"modified":"2017-05-30T00:30:04","modified_gmt":"2017-05-30T00:30:04","slug":"dla-roznych-grup-zawodowych","status":"publish","type":"page","link":"https:\/\/hubertpietka.bialystok.pl\/?page_id=116","title":{"rendered":"Dla r\u00f3\u017cnych grup zawodowych"},"content":{"rendered":"<ol>\n<li>Kodeks etyki &#8211; warto\u015bci w danej grupie zawodowej.<\/li>\n<li>Spotkania z poezj\u0105 &#8211; ukierunkowane dla r\u00f3\u017cnych grup zawodowych.<\/li>\n<li>Sfera publiczna i prywatne interakcje w wykonywanym zawodzie.<\/li>\n<\/ol>\n<p>Koordynacja spotka\u0144 okoliczno\u015bciowych&#8230;<\/p>\n","protected":false},"excerpt":{"rendered":"<p>Kodeks etyki &#8211; warto\u015bci w danej grupie zawodowej. Spotkania z poezj\u0105 &#8211; ukierunkowane dla r\u00f3\u017cnych grup zawodowych. Sfera publiczna i prywatne interakcje w wykonywanym zawodzie.&hellip; <\/p>\n","protected":false},"author":1,"featured_media":0,"parent":0,"menu_order":0,"comment_status":"closed","ping_status":"closed","template":"","meta":{"footnotes":""},"class_list":["post-116","page","type-page","status-publish","hentry"],"_links":{"self":[{"href":"https:\/\/hubertpietka.bialystok.pl\/index.php?rest_route=\/wp\/v2\/pages\/116","targetHints":{"allow":["GET"]}}],"collection":[{"href":"https:\/\/hubertpietka.bialystok.pl\/index.php?rest_route=\/wp\/v2\/pages"}],"about":[{"href":"https:\/\/hubertpietka.bialystok.pl\/index.php?rest_route=\/wp\/v2\/types\/page"}],"author":[{"embeddable":true,"href":"https:\/\/hubertpietka.bialystok.pl\/index.php?rest_route=\/wp\/v2\/users\/1"}],"replies":[{"embeddable":true,"href":"https:\/\/hubertpietka.bialystok.pl\/index.php?rest_route=%2Fwp%2Fv2%2Fcomments&post=116"}],"version-history":[{"count":3,"href":"https:\/\/hubertpietka.bialystok.pl\/index.php?rest_route=\/wp\/v2\/pages\/116\/revisions"}],"predecessor-version":[{"id":459,"href":"https:\/\/hubertpietka.bialystok.pl\/index.php?rest_route=\/wp\/v2\/pages\/116\/revisions\/459"}],"wp:attachment":[{"href":"https:\/\/hubertpietka.bialystok.pl\/index.php?rest_route=%2Fwp%2Fv2%2Fmedia&parent=116"}],"curies":[{"name":"wp","href":"https:\/\/api.w.org\/{rel}","templated":true}]}}