{"id":1166,"date":"2018-05-07T16:13:42","date_gmt":"2018-05-07T16:13:42","guid":{"rendered":"http:\/\/hubertpietka.bialystok.pl\/?page_id=1166"},"modified":"2018-05-07T16:23:23","modified_gmt":"2018-05-07T16:23:23","slug":"struktura-swiata","status":"publish","type":"page","link":"https:\/\/hubertpietka.bialystok.pl\/?page_id=1166","title":{"rendered":"Struktura \u015bwiata"},"content":{"rendered":"<p><em><strong>Struktura \u015bwiata<\/strong><\/em><\/p>\n<p><em>Genezis<\/em><\/p>\n<p>Wiersz<span class=\"text_exposed_show\"><br \/>\nO harmonii \u015bwiata<br \/>\nKt\u00f3r\u0105 tylko grzech zak\u0142\u00f3ca<\/span><\/p>\n<div class=\"text_exposed_show\">\n<p>Oby\u015bmy z\u0142o prze\u0142amali w sobie<br \/>\nWtedy wszech\u015bwiat i cz\u0142owiek<br \/>\nPowr\u00f3c\u0105 na wyznaczone przez Boga tory<\/p>\n<\/div>\n<p>&nbsp;<\/p>\n<p><em>Exodus<\/em><\/p>\n<div class=\"text_exposed_show\">\n<p>Przypadk\u00f3w nie ma<br \/>\nJedna cz\u0105steczka \u015bwiata<br \/>\nZ drug\u0105 jest powi\u0105zana<\/p>\n<p>Jedna na drug\u0105 wp\u0142ywa<br \/>\nI na ca\u0142o\u015b\u0107 oddzialywuje<br \/>\nPrzypadk\u00f3w nie ma<\/p>\n<p>I ludzie<br \/>\nTo naczynia po\u0142\u0105czone<br \/>\nCho\u0107 wsp\u00f3\u0142pracuj\u0105ce w trudzie<\/p>\n<p>Cz\u0142owiek jest zawsze<br \/>\nWobec cz\u0142owieka<br \/>\nA \u015bwiat ten uk\u0142ad dope\u0142nia<\/p>\n<p>Nie ma przypadk\u00f3w<br \/>\nJest tylko gra zale\u017cno\u015bci<br \/>\nI wzajemnych koleracji<\/p>\n<p>Dlatego tak wa\u017cne<br \/>\nJest uk\u0142adanie relacji \u015bwiata tego<br \/>\nWed\u0142ug warto\u015bci cz\u0142owieka<\/p>\n<p>A cz\u0142owiek sam<br \/>\nOkre\u015bli\u0107 si\u0119 mo\u017ce<br \/>\nTylko wobec Opatrzno\u015bci Bo\u017cej<\/p>\n<p>Tak to jest u\u0142o\u017cone<br \/>\n\u017be B\u00f3g \u015bwiat i cz\u0142owiek<br \/>\nTo spectrum wsp\u00f3lnych z\u0142o\u017ce\u0144<\/p>\n<p>Elementy r\u00f3\u017cne<br \/>\nB\u00f3g splata<br \/>\nBy wsp\u00f3\u0142gra\u0142y w losach \u015bwiata<\/p>\n<p>B\u00f3g na cz\u0142owieka wp\u0142ywa<br \/>\nCz\u0142owiek kszta\u0142tuje obraz \u015bwiata<br \/>\nI okre\u015bla si\u0119 wobec brata<\/p>\n<p>Pi\u0119kne tak naprawd\u0119<br \/>\nS\u0105 te wsp\u00f3\u0142zale\u017cno\u015bci<br \/>\nOne wyznaczaj\u0105 te\u017c hierarchi\u0119 warto\u015bci<\/p>\n<p>By cz\u0142owiek<br \/>\nKszta\u0142towa\u0142 siebie i brata<br \/>\nWobec harmonii Boga i wszech\u015bwiata<\/p>\n<p><em><strong><a href=\"https:\/\/www.youtube.com\/watch?v=8YhWel70ENY\">Grajmy Panu &#8211; A. Sza\u0142apak<\/a><\/strong><\/em><\/p>\n<h1 class=\"title style-scope ytd-video-primary-info-renderer\"><a href=\"https:\/\/www.youtube.com\/watch?v=vo5yTOZPC0o\"><em>Oceany &#8211; Exodus 15<\/em><\/a><\/h1>\n<\/div>\n","protected":false},"excerpt":{"rendered":"<p>Struktura \u015bwiata Genezis Wiersz O harmonii \u015bwiata Kt\u00f3r\u0105 tylko grzech zak\u0142\u00f3ca Oby\u015bmy z\u0142o prze\u0142amali w sobie Wtedy wszech\u015bwiat i cz\u0142owiek Powr\u00f3c\u0105 na wyznaczone przez Boga&hellip; <\/p>\n","protected":false},"author":1,"featured_media":0,"parent":0,"menu_order":0,"comment_status":"closed","ping_status":"closed","template":"","meta":{"footnotes":""},"class_list":["post-1166","page","type-page","status-publish","hentry"],"_links":{"self":[{"href":"https:\/\/hubertpietka.bialystok.pl\/index.php?rest_route=\/wp\/v2\/pages\/1166","targetHints":{"allow":["GET"]}}],"collection":[{"href":"https:\/\/hubertpietka.bialystok.pl\/index.php?rest_route=\/wp\/v2\/pages"}],"about":[{"href":"https:\/\/hubertpietka.bialystok.pl\/index.php?rest_route=\/wp\/v2\/types\/page"}],"author":[{"embeddable":true,"href":"https:\/\/hubertpietka.bialystok.pl\/index.php?rest_route=\/wp\/v2\/users\/1"}],"replies":[{"embeddable":true,"href":"https:\/\/hubertpietka.bialystok.pl\/index.php?rest_route=%2Fwp%2Fv2%2Fcomments&post=1166"}],"version-history":[{"count":3,"href":"https:\/\/hubertpietka.bialystok.pl\/index.php?rest_route=\/wp\/v2\/pages\/1166\/revisions"}],"predecessor-version":[{"id":1169,"href":"https:\/\/hubertpietka.bialystok.pl\/index.php?rest_route=\/wp\/v2\/pages\/1166\/revisions\/1169"}],"wp:attachment":[{"href":"https:\/\/hubertpietka.bialystok.pl\/index.php?rest_route=%2Fwp%2Fv2%2Fmedia&parent=1166"}],"curies":[{"name":"wp","href":"https:\/\/api.w.org\/{rel}","templated":true}]}}