{"id":1171,"date":"2018-05-07T16:29:35","date_gmt":"2018-05-07T16:29:35","guid":{"rendered":"http:\/\/hubertpietka.bialystok.pl\/?page_id=1171"},"modified":"2018-05-07T16:33:25","modified_gmt":"2018-05-07T16:33:25","slug":"wiosna","status":"publish","type":"page","link":"https:\/\/hubertpietka.bialystok.pl\/?page_id=1171","title":{"rendered":"Wiosna"},"content":{"rendered":"<p><em><strong>Wiosna<\/strong><\/em><\/p>\n<p><em>O wio\u015bnie wierszyk<\/em><br \/>\n<em> Nie ostatni i nie pierwszy<\/em><\/p>\n<p><em>Nie najgorszy i nie najlepszy<\/em><\/p>\n<p>\ud83d\ude09<\/p>\n<p><strong>I<\/strong><\/p>\n<p>Wiosna w pe\u0142ni<br \/>\nWszystko si\u0119 zieleni<\/p>\n<p>I my\u015bli i s\u0142owa<br \/>\nJu\u017c zielona g\u0142owa<\/p>\n<p>Wiosna w pe\u0142ni<br \/>\nKwiatostan \u015bwiat barwi<\/p>\n<p>I uczucia kolorowe<br \/>\nSerca raduj\u0105 te owoce<\/p>\n<p>Wiosna w pe\u0142ni<br \/>\nChmurki bia\u0142e i b\u0142\u0119kit<\/p>\n<p>I psychika oddycha<br \/>\nA wola g\u0142o\u015bniej wzdycha<\/p>\n<p>Wiosna w pe\u0142ni<br \/>\nSzczebiot ptasi kwili<\/p>\n<p>I my w tej chwili<br \/>\nPie\u015b\u0144 wy\u015bpiewujemy mi\u0142\u0105<\/p>\n<p><strong>II<\/strong><\/p>\n<p>Wiosna w pe\u0142ni<br \/>\nLudzie s\u0105 bardziej weseli<\/p>\n<p>Bo przyrody czar<br \/>\nUdziela si\u0119 nam<\/p>\n<p>Wiosna w pe\u0142ni<br \/>\nDusza chce si\u0119 wznie\u015b\u0107 w nieboprzestw\u00f3r<\/p>\n<p>Duch wzwy\u017c nas unosi<br \/>\nO coraz wi\u0119cej prosi<\/p>\n<p>Wiosna w pe\u0142ni<br \/>\n\u015awiat si\u0119 nape\u0142ni\u0142<\/p>\n<p>Niech ta dobra pora wygra<br \/>\nZ tym co \u017cycie utrudnia<\/p>\n<p>Wiosna w pe\u0142ni<br \/>\nZwyci\u0119stwo jasnej strefy<\/p>\n<p>I wszystko inaczej wygl\u0105da<br \/>\nA cz\u0142owiek ja\u015bniej spogl\u0105da<\/p>\n<p>Wiosna w pe\u0142ni<br \/>\nPrzyroda budzi nowe \u017cycia sfery<\/p>\n<p>\u015awiat zachwyca<br \/>\nA cz\u0142owiek wznosi swe oblicze<\/p>\n<p>Wiosna w pe\u0142ni<br \/>\nRado\u015b\u0107 nie z tej ziemi si\u0119 udzieli<\/p>\n<p>Wiosna to odzew dobrego echa<br \/>\nWytchnienie dla \u015bwiata i cz\u0142owieka<\/p>\n<p><a href=\"https:\/\/www.youtube.com\/watch?v=jdLlJHuQeNI\"><em><strong>&#8222;Cztery pory roku. Wiosna&#8221; &#8211; Antonio Vivaldi<\/strong><\/em><\/a><\/p>\n","protected":false},"excerpt":{"rendered":"<p>Wiosna O wio\u015bnie wierszyk Nie ostatni i nie pierwszy Nie najgorszy i nie najlepszy \ud83d\ude09 I Wiosna w pe\u0142ni Wszystko si\u0119 zieleni I my\u015bli i&hellip; <\/p>\n","protected":false},"author":1,"featured_media":0,"parent":0,"menu_order":0,"comment_status":"closed","ping_status":"closed","template":"","meta":{"footnotes":""},"class_list":["post-1171","page","type-page","status-publish","hentry"],"_links":{"self":[{"href":"https:\/\/hubertpietka.bialystok.pl\/index.php?rest_route=\/wp\/v2\/pages\/1171","targetHints":{"allow":["GET"]}}],"collection":[{"href":"https:\/\/hubertpietka.bialystok.pl\/index.php?rest_route=\/wp\/v2\/pages"}],"about":[{"href":"https:\/\/hubertpietka.bialystok.pl\/index.php?rest_route=\/wp\/v2\/types\/page"}],"author":[{"embeddable":true,"href":"https:\/\/hubertpietka.bialystok.pl\/index.php?rest_route=\/wp\/v2\/users\/1"}],"replies":[{"embeddable":true,"href":"https:\/\/hubertpietka.bialystok.pl\/index.php?rest_route=%2Fwp%2Fv2%2Fcomments&post=1171"}],"version-history":[{"count":3,"href":"https:\/\/hubertpietka.bialystok.pl\/index.php?rest_route=\/wp\/v2\/pages\/1171\/revisions"}],"predecessor-version":[{"id":1174,"href":"https:\/\/hubertpietka.bialystok.pl\/index.php?rest_route=\/wp\/v2\/pages\/1171\/revisions\/1174"}],"wp:attachment":[{"href":"https:\/\/hubertpietka.bialystok.pl\/index.php?rest_route=%2Fwp%2Fv2%2Fmedia&parent=1171"}],"curies":[{"name":"wp","href":"https:\/\/api.w.org\/{rel}","templated":true}]}}