{"id":1176,"date":"2018-05-16T12:32:49","date_gmt":"2018-05-16T12:32:49","guid":{"rendered":"http:\/\/hubertpietka.bialystok.pl\/?page_id=1176"},"modified":"2018-05-16T12:33:43","modified_gmt":"2018-05-16T12:33:43","slug":"golebia-zlap-fotograficzna-i-nie-tylko-zabawa","status":"publish","type":"page","link":"https:\/\/hubertpietka.bialystok.pl\/?page_id=1176","title":{"rendered":"Go\u0142\u0119bia z\u0142ap \/Fotograficzna i nie tylko&#8230; Zabawa\/"},"content":{"rendered":"<p><em><strong>Go\u0142\u0119bia z\u0142ap<\/strong><\/em><br \/>\n<em><strong> \/Fotograficzna i nie tylko&#8230; Zabawa\/<\/strong><\/em><\/p>\n<p><strong>I<\/strong><br \/>\nNa Rynku Ko\u015bciuszki<span class=\"text_exposed_show\"><br \/>\nNaprzeciw Katedry bio\u0142ostockiej<br \/>\nKwiaciarnia \u017bonkil<br \/>\nSi\u0119 znajduje<\/span><\/p>\n<div class=\"text_exposed_show\">\n<p>Kilka lat temu<br \/>\nW wyniku akcji spo\u0142ecznej<br \/>\nOdnowiono neon<br \/>\nNad kwiaciarni\u0105 si\u0119 mieszcz\u0105cy<\/p>\n<p>Znajduj\u0105 si\u0119 na nim<br \/>\n\u017bonkile jak go\u0142\u0119bie<br \/>\nW nocy \u015bwiec\u0105ce<br \/>\nKolejno si\u0119 zapalaj\u0105ce<\/p>\n<p>Z\u0142ap go\u0142\u0119bia na migawk\u0119<br \/>\nTo nie takie proste<br \/>\nJak si\u0119 wydaje<br \/>\nBo \u015bwiat\u0142o rozb\u0142yska si\u0119<br \/>\nI obraz rozmyty jest<\/p>\n<p>Trzeba go\u0142\u0119bia z\u0142apa\u0107<br \/>\nW takiej chwili<br \/>\nKiedy \u015bwiat\u0142o wschodzi<br \/>\nLub si\u0119 chyli<\/p>\n<p>Aby wyra\u017any by\u0142<br \/>\nA mo\u017ce uda Ci si\u0119 z\u0142apa\u0107<br \/>\nDwa go\u0142\u0119bie lub trzy<\/p>\n<p>Naprawd\u0119 fajna zabawa<br \/>\nJa d\u0142u\u017csz\u0105 chwil\u0119<br \/>\nPr\u00f3bowa\u0142em<br \/>\nI w ko\u0144cu z\u0142apa\u0142em<\/p>\n<p>II<br \/>\nTak si\u0119 sk\u0142ada<br \/>\n\u017be zaczyna si\u0119<br \/>\nDo Ducha \u015awi\u0119tego<br \/>\nNowenna<\/p>\n<p>Wi\u0119c warto Go\u0142\u0119bia<br \/>\nSzuka\u0107<br \/>\nI pr\u00f3bowa\u0107 go te\u017c z\u0142apa\u0107<br \/>\nDla swego ducha<\/p>\n<p>Wtedy \u017cycie twe<br \/>\nRozraduje si\u0119<br \/>\nGdy Duch \u015awi\u0119ty<br \/>\nJe dotknie<\/p>\n<p>Trzeba tylko otworzy\u0107 si\u0119<br \/>\nNa Jego dzia\u0142anie<\/p>\n<p>A On jest wsz\u0119dzie<br \/>\nNawet w tak prozaicznej zabawie<br \/>\nJak na neonie<br \/>\n\u0141apanie go\u0142\u0119bi<\/p>\n<p>Powodzenia<br \/>\nZ\u0142ap go\u0142\u0119bia<\/p>\n<p>Niech ta zabawa<br \/>\n\u015awiat przemienia<br \/>\nPrzez Ducha \u015awi\u0119tego<br \/>\nTchnienia<\/p>\n<\/div>\n<p><img decoding=\"async\" class=\"spotlight\" src=\"https:\/\/scontent-waw1-1.xx.fbcdn.net\/v\/t1.0-9\/32260967_229472790965719_6381887318101327872_n.jpg?_nc_cat=0&amp;oh=47ed0ff2d46f57d1c6089991251847c0&amp;oe=5B95E66C\" alt=\"Zdj\u0119cie u\u017cytkownika Huberthubal Adalbertusmattias Pienteczkapientaszekpietka.\" \/><\/p>\n","protected":false},"excerpt":{"rendered":"<p>Go\u0142\u0119bia z\u0142ap \/Fotograficzna i nie tylko&#8230; Zabawa\/ I Na Rynku Ko\u015bciuszki Naprzeciw Katedry bio\u0142ostockiej Kwiaciarnia \u017bonkil Si\u0119 znajduje Kilka lat temu W wyniku akcji spo\u0142ecznej&hellip; <\/p>\n","protected":false},"author":1,"featured_media":0,"parent":0,"menu_order":0,"comment_status":"closed","ping_status":"closed","template":"","meta":{"footnotes":""},"class_list":["post-1176","page","type-page","status-publish","hentry"],"_links":{"self":[{"href":"https:\/\/hubertpietka.bialystok.pl\/index.php?rest_route=\/wp\/v2\/pages\/1176","targetHints":{"allow":["GET"]}}],"collection":[{"href":"https:\/\/hubertpietka.bialystok.pl\/index.php?rest_route=\/wp\/v2\/pages"}],"about":[{"href":"https:\/\/hubertpietka.bialystok.pl\/index.php?rest_route=\/wp\/v2\/types\/page"}],"author":[{"embeddable":true,"href":"https:\/\/hubertpietka.bialystok.pl\/index.php?rest_route=\/wp\/v2\/users\/1"}],"replies":[{"embeddable":true,"href":"https:\/\/hubertpietka.bialystok.pl\/index.php?rest_route=%2Fwp%2Fv2%2Fcomments&post=1176"}],"version-history":[{"count":2,"href":"https:\/\/hubertpietka.bialystok.pl\/index.php?rest_route=\/wp\/v2\/pages\/1176\/revisions"}],"predecessor-version":[{"id":1178,"href":"https:\/\/hubertpietka.bialystok.pl\/index.php?rest_route=\/wp\/v2\/pages\/1176\/revisions\/1178"}],"wp:attachment":[{"href":"https:\/\/hubertpietka.bialystok.pl\/index.php?rest_route=%2Fwp%2Fv2%2Fmedia&parent=1176"}],"curies":[{"name":"wp","href":"https:\/\/api.w.org\/{rel}","templated":true}]}}