{"id":1180,"date":"2018-05-16T12:46:28","date_gmt":"2018-05-16T12:46:28","guid":{"rendered":"http:\/\/hubertpietka.bialystok.pl\/?page_id=1180"},"modified":"2018-05-16T12:49:09","modified_gmt":"2018-05-16T12:49:09","slug":"triduum-meka-smierc-i-zmartwychwstanie-w-panu","status":"publish","type":"page","link":"https:\/\/hubertpietka.bialystok.pl\/?page_id=1180","title":{"rendered":"Triduum \/M\u0119ka \u015bmier\u0107 i Zmartwychwstanie w Panu\/"},"content":{"rendered":"<p><em><strong>Triduum <\/strong><\/em><\/p>\n<p><em><strong>\/M\u0119ka \u015bmier\u0107 i Zmartwychwstanie w Panu\/<\/strong><\/em><\/p>\n<p><img decoding=\"async\" class=\"spotlight\" src=\"https:\/\/scontent-waw1-1.xx.fbcdn.net\/v\/t1.0-9\/32679806_230900760822922_3032030710912253952_n.jpg?_nc_cat=0&amp;oh=b17dbe9c3c0ea0d22010d6233ae3d203&amp;oe=5B9D6D08\" alt=\"Zdj\u0119cie u\u017cytkownika Huberthubal Adalbertusmattias Pienteczkapientaszekpietka.\" \/><\/p>\n<ol>\n<li><strong>Wielki Czwartek<\/strong><\/li>\n<\/ol>\n<p>Modlitwa ludu<\/p>\n<p>potrzebna jest<\/p>\n<p>modlitwa przed<\/p>\n<p>Eucharystycznym Jezusem<\/p>\n<p>&nbsp;<\/p>\n<p>Z modlitwy tej<\/p>\n<p>wsp\u00f3lnej<\/p>\n<p>niech szum si\u0119 wzniesie<\/p>\n<p>do Boga w niebie<\/p>\n<p><img decoding=\"async\" class=\"spotlight\" src=\"https:\/\/scontent-waw1-1.xx.fbcdn.net\/v\/t1.0-9\/32387304_230900710822927_5559089966371307520_n.jpg?_nc_cat=0&amp;oh=6d4bc23350ea3532a27beaaeeb6774ee&amp;oe=5B80DB7D\" alt=\"Zdj\u0119cie u\u017cytkownika Huberthubal Adalbertusmattias Pienteczkapientaszekpietka.\" \/><\/p>\n<p>2.<strong> Wielki Pi\u0105tek<\/strong><\/p>\n<p>Ducha \u015awi\u0119tego przyzywajcie<\/p>\n<p>w dniach kl\u0119ski waszej<\/p>\n<p>On opiesza\u0142y nie b\u0119dzie<\/p>\n<p>pr\u0119dko z pomoc\u0105 przyjdzie<\/p>\n<p>&nbsp;<\/p>\n<p>Tylko ufajcie i m\u00f3dlcie si\u0119<\/p>\n<p>a Duch \u015awi\u0119ty przyjdzie<\/p>\n<p>i przemieni noc kl\u0119ski<\/p>\n<p>w czas zwyci\u0119ski<\/p>\n<p><img decoding=\"async\" class=\"spotlight\" src=\"https:\/\/scontent-waw1-1.xx.fbcdn.net\/v\/t1.0-9\/32557995_230900740822924_8099649863114817536_n.jpg?_nc_cat=0&amp;oh=478e63193bbbb7771cc9a4ef8e039f24&amp;oe=5B7FD23F\" alt=\"Zdj\u0119cie u\u017cytkownika Huberthubal Adalbertusmattias Pienteczkapientaszekpietka.\" \/><\/p>\n<p>3. <strong>Wielka Sobota<\/strong><\/p>\n<p>Poranek Zmartwychwstania ju\u017c \u015bwita<\/p>\n<p>powstanie wielka Polska<\/p>\n<p>zabrzmi dzwon zwyci\u0119stwa<\/p>\n<p>je\u015bli wsp\u00f3lnie do Boga wo\u0142a\u0107 b\u0119dziem<\/p>\n<p>&nbsp;<\/p>\n<p>Przez Ducha \u015awi\u0119tego przyzywanie<\/p>\n<p>przez przy Jezusie Eucharystycznym trwanie<\/p>\n<p>przez Maryjny r\u00f3\u017caniec<\/p>\n<p>przez majowe do Panienki \u015awi\u0119tej litanie<\/p>\n<p>&nbsp;<\/p>\n<p>Amen.<\/p>\n<p><img decoding=\"async\" class=\"spotlight\" src=\"https:\/\/scontent-waw1-1.xx.fbcdn.net\/v\/t1.0-9\/32739757_230900730822925_5894646986589601792_n.jpg?_nc_cat=0&amp;oh=ee5493e49540b460d1c53b1a5961cd93&amp;oe=5B826CC2\" alt=\"Zdj\u0119cie u\u017cytkownika Huberthubal Adalbertusmattias Pienteczkapientaszekpietka.\" \/><\/p>\n","protected":false},"excerpt":{"rendered":"<p>Triduum \/M\u0119ka \u015bmier\u0107 i Zmartwychwstanie w Panu\/ Wielki Czwartek Modlitwa ludu potrzebna jest modlitwa przed Eucharystycznym Jezusem &nbsp; Z modlitwy tej wsp\u00f3lnej niech szum si\u0119&hellip; <\/p>\n","protected":false},"author":1,"featured_media":0,"parent":0,"menu_order":0,"comment_status":"closed","ping_status":"closed","template":"","meta":{"footnotes":""},"class_list":["post-1180","page","type-page","status-publish","hentry"],"_links":{"self":[{"href":"https:\/\/hubertpietka.bialystok.pl\/index.php?rest_route=\/wp\/v2\/pages\/1180","targetHints":{"allow":["GET"]}}],"collection":[{"href":"https:\/\/hubertpietka.bialystok.pl\/index.php?rest_route=\/wp\/v2\/pages"}],"about":[{"href":"https:\/\/hubertpietka.bialystok.pl\/index.php?rest_route=\/wp\/v2\/types\/page"}],"author":[{"embeddable":true,"href":"https:\/\/hubertpietka.bialystok.pl\/index.php?rest_route=\/wp\/v2\/users\/1"}],"replies":[{"embeddable":true,"href":"https:\/\/hubertpietka.bialystok.pl\/index.php?rest_route=%2Fwp%2Fv2%2Fcomments&post=1180"}],"version-history":[{"count":3,"href":"https:\/\/hubertpietka.bialystok.pl\/index.php?rest_route=\/wp\/v2\/pages\/1180\/revisions"}],"predecessor-version":[{"id":1183,"href":"https:\/\/hubertpietka.bialystok.pl\/index.php?rest_route=\/wp\/v2\/pages\/1180\/revisions\/1183"}],"wp:attachment":[{"href":"https:\/\/hubertpietka.bialystok.pl\/index.php?rest_route=%2Fwp%2Fv2%2Fmedia&parent=1180"}],"curies":[{"name":"wp","href":"https:\/\/api.w.org\/{rel}","templated":true}]}}