{"id":1189,"date":"2018-05-16T12:56:28","date_gmt":"2018-05-16T12:56:28","guid":{"rendered":"http:\/\/hubertpietka.bialystok.pl\/?page_id=1189"},"modified":"2018-05-16T13:59:18","modified_gmt":"2018-05-16T13:59:18","slug":"non-possumus","status":"publish","type":"page","link":"https:\/\/hubertpietka.bialystok.pl\/?page_id=1189","title":{"rendered":"Non possumus"},"content":{"rendered":"<p><em><strong>Non possumus<\/strong><\/em><\/p>\n<p>&nbsp;<\/p>\n<p>Nie mo\u017cna pozwoli\u0107<\/p>\n<p>na \u015bmier\u0107<\/p>\n<p>na z\u0142o<\/p>\n<p>nie mo\u017cna pozwoli\u0107<\/p>\n<p>&nbsp;<\/p>\n<p>Trzeba walczy\u0107<\/p>\n<p>ze z\u0142em<\/p>\n<p>z k\u0142amstwem<\/p>\n<p>trzeba walczy\u0107 dobrem<\/p>\n<p>&nbsp;<\/p>\n<p>Lecz s\u0105 chwile<\/p>\n<p>gdy trzeba powiedzie\u0107<\/p>\n<p>basta<\/p>\n<p>dosy\u0107<\/p>\n<p>id\u017a precz<\/p>\n<p>&nbsp;<\/p>\n<p>Non possumus<\/p>\n<p>Id\u017a precz<\/p>\n<p>&nbsp;<\/p>\n<p><em>Pisano 8 maja 2018 r. w \u015bw. Stanis\u0142awa M\u0119czennika<\/em><\/p>\n<p>&nbsp;<\/p>\n<h1 class=\"title style-scope ytd-video-primary-info-renderer\"><a href=\"https:\/\/www.youtube.com\/watch?v=y3OWMbH_Fow\">Perfect &#8211; Id\u017a precz<\/a><\/h1>\n<h1 class=\"title style-scope ytd-video-primary-info-renderer\"><a href=\"https:\/\/www.youtube.com\/watch?v=qGRt_t24jjI\">Micha\u0142 Szczygie\u0142 &#8211; Nic Tu Po Mnie<\/a><\/h1>\n<p><strong><a href=\"https:\/\/www.youtube.com\/watch?v=l1fDlEyJ3_o\">Ira i Przyjaciele &#8211; Wiara<\/a><\/strong><\/p>\n","protected":false},"excerpt":{"rendered":"<p>Non possumus &nbsp; Nie mo\u017cna pozwoli\u0107 na \u015bmier\u0107 na z\u0142o nie mo\u017cna pozwoli\u0107 &nbsp; Trzeba walczy\u0107 ze z\u0142em z k\u0142amstwem trzeba walczy\u0107 dobrem &nbsp; Lecz&hellip; <\/p>\n","protected":false},"author":1,"featured_media":0,"parent":0,"menu_order":0,"comment_status":"closed","ping_status":"closed","template":"","meta":{"footnotes":""},"class_list":["post-1189","page","type-page","status-publish","hentry"],"_links":{"self":[{"href":"https:\/\/hubertpietka.bialystok.pl\/index.php?rest_route=\/wp\/v2\/pages\/1189","targetHints":{"allow":["GET"]}}],"collection":[{"href":"https:\/\/hubertpietka.bialystok.pl\/index.php?rest_route=\/wp\/v2\/pages"}],"about":[{"href":"https:\/\/hubertpietka.bialystok.pl\/index.php?rest_route=\/wp\/v2\/types\/page"}],"author":[{"embeddable":true,"href":"https:\/\/hubertpietka.bialystok.pl\/index.php?rest_route=\/wp\/v2\/users\/1"}],"replies":[{"embeddable":true,"href":"https:\/\/hubertpietka.bialystok.pl\/index.php?rest_route=%2Fwp%2Fv2%2Fcomments&post=1189"}],"version-history":[{"count":7,"href":"https:\/\/hubertpietka.bialystok.pl\/index.php?rest_route=\/wp\/v2\/pages\/1189\/revisions"}],"predecessor-version":[{"id":1196,"href":"https:\/\/hubertpietka.bialystok.pl\/index.php?rest_route=\/wp\/v2\/pages\/1189\/revisions\/1196"}],"wp:attachment":[{"href":"https:\/\/hubertpietka.bialystok.pl\/index.php?rest_route=%2Fwp%2Fv2%2Fmedia&parent=1189"}],"curies":[{"name":"wp","href":"https:\/\/api.w.org\/{rel}","templated":true}]}}