{"id":119,"date":"2017-01-03T22:34:11","date_gmt":"2017-01-03T22:34:11","guid":{"rendered":"http:\/\/hubertpietka.bialystok.pl\/?page_id=119"},"modified":"2020-11-15T19:00:08","modified_gmt":"2020-11-15T19:00:08","slug":"dla-dzieci","status":"publish","type":"page","link":"https:\/\/hubertpietka.bialystok.pl\/?page_id=119","title":{"rendered":"Dla dzieci i m\u0142odzie\u017cy"},"content":{"rendered":"<ol>\n<li>Lekcje patriotyczne.<\/li>\n<li>Kodeks etyczny.<\/li>\n<li>Pogadanki o warto\u015bciach.<\/li>\n<li>Trudne wybory moralne.<\/li>\n<li>W\u0142a\u015bciwe interpretowanie poezji.<\/li>\n<\/ol>\n<p>Prowadzenie spotka\u0144 okoliczno\u015bciowych, rocznicowych&#8230;<\/p>\n","protected":false},"excerpt":{"rendered":"<p>Lekcje patriotyczne. Kodeks etyczny. Pogadanki o warto\u015bciach. Trudne wybory moralne. W\u0142a\u015bciwe interpretowanie poezji. Prowadzenie spotka\u0144 okoliczno\u015bciowych, rocznicowych&#8230;<\/p>\n","protected":false},"author":1,"featured_media":0,"parent":0,"menu_order":0,"comment_status":"closed","ping_status":"closed","template":"","meta":{"footnotes":""},"class_list":["post-119","page","type-page","status-publish","hentry"],"_links":{"self":[{"href":"https:\/\/hubertpietka.bialystok.pl\/index.php?rest_route=\/wp\/v2\/pages\/119","targetHints":{"allow":["GET"]}}],"collection":[{"href":"https:\/\/hubertpietka.bialystok.pl\/index.php?rest_route=\/wp\/v2\/pages"}],"about":[{"href":"https:\/\/hubertpietka.bialystok.pl\/index.php?rest_route=\/wp\/v2\/types\/page"}],"author":[{"embeddable":true,"href":"https:\/\/hubertpietka.bialystok.pl\/index.php?rest_route=\/wp\/v2\/users\/1"}],"replies":[{"embeddable":true,"href":"https:\/\/hubertpietka.bialystok.pl\/index.php?rest_route=%2Fwp%2Fv2%2Fcomments&post=119"}],"version-history":[{"count":6,"href":"https:\/\/hubertpietka.bialystok.pl\/index.php?rest_route=\/wp\/v2\/pages\/119\/revisions"}],"predecessor-version":[{"id":3505,"href":"https:\/\/hubertpietka.bialystok.pl\/index.php?rest_route=\/wp\/v2\/pages\/119\/revisions\/3505"}],"wp:attachment":[{"href":"https:\/\/hubertpietka.bialystok.pl\/index.php?rest_route=%2Fwp%2Fv2%2Fmedia&parent=119"}],"curies":[{"name":"wp","href":"https:\/\/api.w.org\/{rel}","templated":true}]}}