{"id":1198,"date":"2018-05-16T14:04:46","date_gmt":"2018-05-16T14:04:46","guid":{"rendered":"http:\/\/hubertpietka.bialystok.pl\/?page_id=1198"},"modified":"2018-05-16T14:17:20","modified_gmt":"2018-05-16T14:17:20","slug":"bo-boli","status":"publish","type":"page","link":"https:\/\/hubertpietka.bialystok.pl\/?page_id=1198","title":{"rendered":"Bo boli"},"content":{"rendered":"<p><em><strong>Bo boli<\/strong><\/em><\/p>\n<p>Nie<br \/>\nBo boli<\/p>\n<div class=\"text_exposed_show\">\n<p>Nie przygl\u0105dajcie biernie si\u0119<br \/>\nJak z\u0142o panoszy si\u0119<\/p>\n<p>Nie<br \/>\nBo boli<\/p>\n<p>Nie dopu\u015bcie nie<br \/>\nBy niesprawiedliwo\u015b\u0107 rozszerza\u0142a si\u0119<\/p>\n<p>Nie<br \/>\nBo boli<\/p>\n<p>Nie umywajcie rak<br \/>\nBo i was dosi\u0119gnie z\u0142o<\/p>\n<p>Nie<br \/>\nBo boli<\/p>\n<p>Nie dawajcie pos\u0142uchu k\u0142amstwom<br \/>\nKt\u00f3re ju\u017c wstrz\u0105saj\u0105 \u015bwiatem<\/p>\n<p>Nie<br \/>\nBo boli<\/p>\n<p>Nie przyklaskujcie zbrodni<br \/>\nBo tak wygodnie<\/p>\n<p>Nie<br \/>\nBo boli<\/p>\n<p>Nie my\u015blcie ze z\u0142o ominie was<br \/>\nJe\u015bli nie zareagujecie kiedy trzeba<\/p>\n<p>Nie<br \/>\nBo boli<\/p>\n<p>Nie miejcie wsp\u00f3\u0142udzia\u0142u w zbrodni<br \/>\nBo spadnie na wasze g\u0142owy<\/p>\n<p>Nie<br \/>\nBo boli<\/p>\n<p>Nie dopu\u015bcie by z\u0142o tryumfowa\u0142o<br \/>\nBo to b\u0119dzie kl\u0119ska wasza cala<\/p>\n<p>Nie<br \/>\nBo boli<\/p>\n<p>Bo boli<br \/>\nBo boli<br \/>\nBo boli<\/p>\n<p><em>Pisano w \u015bw. Andrzeja Boboli &#8211; 16 maj\u0105 2018 r.<\/em><\/p>\n<\/div>\n<p><a href=\"https:\/\/www.youtube.com\/watch?v=OHsr0kqc0Fg\"><strong>TSA &#8211; To boli<\/strong><\/a><\/p>\n<h1 class=\"title style-scope ytd-video-primary-info-renderer\"><a href=\"https:\/\/www.youtube.com\/watch?v=cJlOFplRGHM\">Kasia Kowalska &#8211; B\u00f3l<\/a><\/h1>\n<h1 class=\"title style-scope ytd-video-primary-info-renderer\"><a href=\"https:\/\/www.youtube.com\/watch?v=rYJlqEYOOuY\">Nosowska &#8211; Je\u015bli wiesz co chc\u0119 powiedzie\u0107<\/a><\/h1>\n","protected":false},"excerpt":{"rendered":"<p>Bo boli Nie Bo boli Nie przygl\u0105dajcie biernie si\u0119 Jak z\u0142o panoszy si\u0119 Nie Bo boli Nie dopu\u015bcie nie By niesprawiedliwo\u015b\u0107 rozszerza\u0142a si\u0119 Nie Bo&hellip; <\/p>\n","protected":false},"author":1,"featured_media":0,"parent":0,"menu_order":0,"comment_status":"closed","ping_status":"closed","template":"","meta":{"footnotes":""},"class_list":["post-1198","page","type-page","status-publish","hentry"],"_links":{"self":[{"href":"https:\/\/hubertpietka.bialystok.pl\/index.php?rest_route=\/wp\/v2\/pages\/1198","targetHints":{"allow":["GET"]}}],"collection":[{"href":"https:\/\/hubertpietka.bialystok.pl\/index.php?rest_route=\/wp\/v2\/pages"}],"about":[{"href":"https:\/\/hubertpietka.bialystok.pl\/index.php?rest_route=\/wp\/v2\/types\/page"}],"author":[{"embeddable":true,"href":"https:\/\/hubertpietka.bialystok.pl\/index.php?rest_route=\/wp\/v2\/users\/1"}],"replies":[{"embeddable":true,"href":"https:\/\/hubertpietka.bialystok.pl\/index.php?rest_route=%2Fwp%2Fv2%2Fcomments&post=1198"}],"version-history":[{"count":5,"href":"https:\/\/hubertpietka.bialystok.pl\/index.php?rest_route=\/wp\/v2\/pages\/1198\/revisions"}],"predecessor-version":[{"id":1203,"href":"https:\/\/hubertpietka.bialystok.pl\/index.php?rest_route=\/wp\/v2\/pages\/1198\/revisions\/1203"}],"wp:attachment":[{"href":"https:\/\/hubertpietka.bialystok.pl\/index.php?rest_route=%2Fwp%2Fv2%2Fmedia&parent=1198"}],"curies":[{"name":"wp","href":"https:\/\/api.w.org\/{rel}","templated":true}]}}