{"id":1213,"date":"2018-05-21T14:01:18","date_gmt":"2018-05-21T14:01:18","guid":{"rendered":"http:\/\/hubertpietka.bialystok.pl\/?page_id=1213"},"modified":"2018-05-21T14:24:11","modified_gmt":"2018-05-21T14:24:11","slug":"dyptyk-pneuma","status":"publish","type":"page","link":"https:\/\/hubertpietka.bialystok.pl\/?page_id=1213","title":{"rendered":"Dyptyk Pneuma \/Ducha \u015awi\u0119tego Zes\u0142anie a z Matk\u0119 Ko\u015bcio\u0142a wsp\u00f3\u0142dzia\u0142anie\/"},"content":{"rendered":"<p><em><strong>Dyptyk Pneuma <\/strong><\/em><\/p>\n<p><em><strong>\/Ducha \u015awi\u0119tego Zes\u0142anie a z Matk\u0119 Ko\u015bcio\u0142a wsp\u00f3\u0142dzia\u0142anie\/<br \/>\n<\/strong><\/em><\/p>\n<h1 class=\"title style-scope ytd-video-primary-info-renderer\"><em><a href=\"https:\/\/www.youtube.com\/watch?v=0LAof-n9KVI\">Matko \u017cycia &#8211; Mocni w Duchu<\/a><\/em><\/h1>\n<p><strong>Prolog<\/strong><br \/>\nDucha \u015awi\u0119tego Zes\u0142anie<br \/>\nNajpe\u0142niejszy wyraz<span class=\"text_exposed_show\"><br \/>\nZnajduje w Maryi <\/span><\/p>\n<div class=\"text_exposed_show\">\n<p>Przez Ni\u0105<br \/>\nOd Niego<br \/>\nSzum prawdy<br \/>\nSi\u0119 rozlega<\/p>\n<p>Maryja Zwyci\u0119ska<br \/>\nDucha \u015awi\u0119tego m\u0119stwem<br \/>\nMaryja<br \/>\nPie\u015b\u0144 Ducha \u015awi\u0119tego dla ziemi<\/p>\n<h1 class=\"title style-scope ytd-video-primary-info-renderer\"><em><a href=\"https:\/\/www.youtube.com\/watch?v=-qIhcZk8dJY\">Mocni w Duchu &#8211; Maryjo Matko moja<\/a><\/em><\/h1>\n<p><strong>1. Ekspiacja do Ducha \u015awi\u0119tego<\/strong><\/p>\n<p>Za chaos kulturowy<br \/>\nZa ka\u017cde niepotrzebne s\u0142owo<\/p>\n<p>Za warto\u015bci pomieszanie<br \/>\nPodszept\u00f3w z\u0142ego ducha s\u0142uchanie<\/p>\n<p>Przepraszamy Cie Panie<\/p>\n<h1 class=\"title style-scope ytd-video-primary-info-renderer\"><em><a href=\"https:\/\/www.youtube.com\/watch?v=RUP6aKaCmI8\">Julian Tuwim &#8211; Chrystusie&#8230;<\/a><\/em><\/h1>\n<p><strong>2. Naczynie powa\u017cne<\/strong><\/p>\n<p>Wyborne Naczynie \u0142ask wszelkich<br \/>\nNape\u0142nione Duchem \u015awi\u0119tym po brzegi<\/p>\n<p>Przez Ni\u0105 najpe\u0142niej sp\u0142ywaj\u0105<br \/>\nOwoce i Ducha \u015awi\u0119tego dary<\/p>\n<p>Ducha \u015awi\u0119tego Oblubienica<br \/>\n\u0141ask wszelkich sp\u0142ywaj\u0105cych na ziemi\u0119 Krynica<\/p>\n<p>Nasza Matka<br \/>\nMatka Ko\u015bcio\u0142a<br \/>\nPrzewielebna<br \/>\nNaj\u015bwi\u0119tsza<br \/>\nMaryja<\/p>\n<p>W Niej \u017cyjemy<br \/>\nW Niej B\u00f3g udziela<br \/>\n\u0141ask wszelkich<\/p>\n<h1 class=\"title style-scope ytd-video-primary-info-renderer\"><em><a href=\"https:\/\/www.youtube.com\/watch?v=NYj3AUGtjRQ\">Mocni w Duchu &#8211; Maryjo Matko mojego wezwania<\/a><\/em><\/h1>\n<p><strong>Exodus<\/strong><br \/>\nOna i tylko Ona<br \/>\nCa\u0142kowicie Duchem \u015awi\u0119tym nape\u0142niona<br \/>\nRazem z nami wola<\/p>\n<p>O przemian\u0119 tej ziemi<br \/>\nWed\u0142ug upodobania Bo\u017cego<\/p>\n<p>Je\u015bli jej zaufacie<br \/>\nNie zawiedziecie si\u0119<br \/>\nWygracie<\/p>\n<p><em><strong><a href=\"https:\/\/www.youtube.com\/watch?v=DmF1RFVtUIw\">Dobra Matko &#8211; Eleni<\/a><\/strong><\/em><\/p>\n<\/div>\n","protected":false},"excerpt":{"rendered":"<p>Dyptyk Pneuma \/Ducha \u015awi\u0119tego Zes\u0142anie a z Matk\u0119 Ko\u015bcio\u0142a wsp\u00f3\u0142dzia\u0142anie\/ Matko \u017cycia &#8211; Mocni w Duchu Prolog Ducha \u015awi\u0119tego Zes\u0142anie Najpe\u0142niejszy wyraz Znajduje w Maryi&hellip; <\/p>\n","protected":false},"author":1,"featured_media":0,"parent":0,"menu_order":0,"comment_status":"closed","ping_status":"closed","template":"","meta":{"footnotes":""},"class_list":["post-1213","page","type-page","status-publish","hentry"],"_links":{"self":[{"href":"https:\/\/hubertpietka.bialystok.pl\/index.php?rest_route=\/wp\/v2\/pages\/1213","targetHints":{"allow":["GET"]}}],"collection":[{"href":"https:\/\/hubertpietka.bialystok.pl\/index.php?rest_route=\/wp\/v2\/pages"}],"about":[{"href":"https:\/\/hubertpietka.bialystok.pl\/index.php?rest_route=\/wp\/v2\/types\/page"}],"author":[{"embeddable":true,"href":"https:\/\/hubertpietka.bialystok.pl\/index.php?rest_route=\/wp\/v2\/users\/1"}],"replies":[{"embeddable":true,"href":"https:\/\/hubertpietka.bialystok.pl\/index.php?rest_route=%2Fwp%2Fv2%2Fcomments&post=1213"}],"version-history":[{"count":4,"href":"https:\/\/hubertpietka.bialystok.pl\/index.php?rest_route=\/wp\/v2\/pages\/1213\/revisions"}],"predecessor-version":[{"id":1217,"href":"https:\/\/hubertpietka.bialystok.pl\/index.php?rest_route=\/wp\/v2\/pages\/1213\/revisions\/1217"}],"wp:attachment":[{"href":"https:\/\/hubertpietka.bialystok.pl\/index.php?rest_route=%2Fwp%2Fv2%2Fmedia&parent=1213"}],"curies":[{"name":"wp","href":"https:\/\/api.w.org\/{rel}","templated":true}]}}