{"id":1219,"date":"2018-05-22T14:52:04","date_gmt":"2018-05-22T14:52:04","guid":{"rendered":"http:\/\/hubertpietka.bialystok.pl\/?page_id=1219"},"modified":"2018-05-22T15:05:48","modified_gmt":"2018-05-22T15:05:48","slug":"przez-wiare","status":"publish","type":"page","link":"https:\/\/hubertpietka.bialystok.pl\/?page_id=1219","title":{"rendered":"Przez wiar\u0119"},"content":{"rendered":"<div id=\"js_14y\" class=\"_5pbx userContent _3576\" data-ft=\"{&quot;tn&quot;:&quot;K&quot;}\">\n<div id=\"id_5b042e0d979af1982449723\" class=\"text_exposed_root text_exposed\">\n<p><em><strong>Przez wiar\u0119<\/strong><\/em><\/p>\n<p>Wierze m\u00f3j Bo\u017ce<br \/>\nZe jeste\u015b mocen<br \/>\nUstrzec m\u00f3j depozyt<\/p>\n<div class=\"text_exposed_show\">\n<p>Wiara moja<br \/>\nJest por\u0119k\u0105 d\u00f3br<br \/>\nKt\u00f3rych spodziewam si\u0119 od Ciebie<\/p>\n<p>Przez wiar\u0119<br \/>\nUfam ze b\u0119dzie dobrze<br \/>\nBo w Tobie pok\u0142adam m\u0105 nadzieje<\/p>\n<\/div>\n<\/div>\n<\/div>\n<div class=\"_3x-2\" data-ft=\"{&quot;tn&quot;:&quot;H&quot;}\">\n<div data-ft=\"{&quot;tn&quot;:&quot;H&quot;}\">\n<div class=\"mtm\">\n<div>\n<div class=\"_5cq3\" data-ft=\"{&quot;tn&quot;:&quot;E&quot;}\">\n<div id=\"u_jsonp_4_19\" class=\"uiScaledImageContainer _4-ep\"><img loading=\"lazy\" decoding=\"async\" class=\"scaledImageFitWidth img\" src=\"https:\/\/scontent-waw1-1.xx.fbcdn.net\/v\/t1.0-0\/p235x350\/33216171_1985266648173422_4891279284066320384_n.jpg?_nc_cat=0&amp;oh=d46d73de8dc8afd7a2ac722493b5a5a2&amp;oe=5B85954D\" alt=\"Zdj\u0119cie u\u017cytkownika Wojsko Maryi - MI.\" width=\"450\" height=\"338\" \/><\/div>\n<div class=\"uiScaledImageContainer _4-ep\" style=\"text-align: center;\"><em><strong><a href=\"https:\/\/www.youtube.com\/watch?v=-_hd5Hdg4zM\">TGD &#8211; Mi\u0142osierni<\/a><\/strong><\/em><\/div>\n<\/div>\n<\/div>\n<\/div>\n<\/div>\n<\/div>\n","protected":false},"excerpt":{"rendered":"<p>Przez wiar\u0119 Wierze m\u00f3j Bo\u017ce Ze jeste\u015b mocen Ustrzec m\u00f3j depozyt Wiara moja Jest por\u0119k\u0105 d\u00f3br Kt\u00f3rych spodziewam si\u0119 od Ciebie Przez wiar\u0119 Ufam ze&hellip; <\/p>\n","protected":false},"author":1,"featured_media":0,"parent":0,"menu_order":0,"comment_status":"closed","ping_status":"closed","template":"","meta":{"footnotes":""},"class_list":["post-1219","page","type-page","status-publish","hentry"],"_links":{"self":[{"href":"https:\/\/hubertpietka.bialystok.pl\/index.php?rest_route=\/wp\/v2\/pages\/1219","targetHints":{"allow":["GET"]}}],"collection":[{"href":"https:\/\/hubertpietka.bialystok.pl\/index.php?rest_route=\/wp\/v2\/pages"}],"about":[{"href":"https:\/\/hubertpietka.bialystok.pl\/index.php?rest_route=\/wp\/v2\/types\/page"}],"author":[{"embeddable":true,"href":"https:\/\/hubertpietka.bialystok.pl\/index.php?rest_route=\/wp\/v2\/users\/1"}],"replies":[{"embeddable":true,"href":"https:\/\/hubertpietka.bialystok.pl\/index.php?rest_route=%2Fwp%2Fv2%2Fcomments&post=1219"}],"version-history":[{"count":4,"href":"https:\/\/hubertpietka.bialystok.pl\/index.php?rest_route=\/wp\/v2\/pages\/1219\/revisions"}],"predecessor-version":[{"id":1223,"href":"https:\/\/hubertpietka.bialystok.pl\/index.php?rest_route=\/wp\/v2\/pages\/1219\/revisions\/1223"}],"wp:attachment":[{"href":"https:\/\/hubertpietka.bialystok.pl\/index.php?rest_route=%2Fwp%2Fv2%2Fmedia&parent=1219"}],"curies":[{"name":"wp","href":"https:\/\/api.w.org\/{rel}","templated":true}]}}