{"id":1225,"date":"2018-05-25T14:42:51","date_gmt":"2018-05-25T14:42:51","guid":{"rendered":"http:\/\/hubertpietka.bialystok.pl\/?page_id=1225"},"modified":"2018-05-25T15:02:00","modified_gmt":"2018-05-25T15:02:00","slug":"kondycja-czlowieka-xxi-wieku-piesn-trzeciego-tysiaclecia","status":"publish","type":"page","link":"https:\/\/hubertpietka.bialystok.pl\/?page_id=1225","title":{"rendered":"Kondycja cz\u0142owieka XXI wieku \/ + Pie\u015b\u0144 trzeciego tysi\u0105clecia \/"},"content":{"rendered":"<p><em><strong>Kondycja cz\u0142owieka XXI wieku <\/strong><\/em><br \/>\n<em><strong> \/ + Pie\u015b\u0144 trzeciego tysi\u0105clecia \/<\/strong><\/em><\/p>\n<p><strong>1.<\/strong> Pomi\u0119dzy skrupu\u0142ami i w\u0105tpliwo\u015bciami a wiar\u0105<br \/>\n<em>Umieramy <\/em><span class=\"text_exposed_show\"><br \/>\n<em> By rodzic si\u0119 na nowo<\/em> <\/span><\/p>\n<div class=\"text_exposed_show\">\n<p>Pomi\u0119dzy mi\u0142osierdziem a s\u0105dem<br \/>\nZnowu<br \/>\n<em>Umieramy<\/em><br \/>\n<em> By rodzic si\u0119 na nowo<\/em><\/p>\n<p>Ci b\u0142ogos\u0142awi\u0105<br \/>\nTamci z\u0142orzecz\u0105<br \/>\n<em>Wiec umieramy <\/em><br \/>\n<em> By na nowo si\u0119 pocz\u0105\u0107<\/em><\/p>\n<p><strong>2. <\/strong>Ref. <em>Umieramy <\/em><br \/>\n<em> By na nowo<\/em><br \/>\n<em> Rodzi\u0107 si\u0119 w Panu<\/em><\/p>\n<p>On podnosi leczy<br \/>\nDusze z jej cierpie\u0144<br \/>\nTylko On ma moc<br \/>\nBy wskrzesi\u0107 to co umar\u0142o<\/p>\n<p>Ref.<\/p>\n<p>W nim zmartwychwstajemy<br \/>\nKiedy upadniemy<br \/>\nKiedy si\u0119 potkniemy<br \/>\nOn podaje Sw\u0105 d\u0142o\u0144<\/p>\n<p>Ref.<\/p>\n<p>On nas ulepsza<br \/>\nKiedy nic nie pocieszy<br \/>\nOn daje \u017cycie<br \/>\nTam gdzie \u015bmier\u0107 panowa\u0107 chce<\/p>\n<p>Ref.<\/p>\n<p>W Nim rodzimy si\u0119<br \/>\nI umieramy<br \/>\nW Nim zmartwychwstajemy<br \/>\nZ ka\u017cdym swoim ci\u0119\u017carem<\/p>\n<p>Ref.<\/p>\n<p>Cale spectrum naszego istnienia<br \/>\nW Nim si\u0119 nape\u0142nia<br \/>\nI On wszelkie ciemno\u015bci<br \/>\nRozprasza rozpromienia<\/p>\n<p>Ref.<\/p>\n<p style=\"text-align: center;\"><em><strong><a href=\"https:\/\/m.youtube.com\/watch?v=bayB1j49lSg\">Mietek Szcze\u015bniak &#8211; Moje w\u0119drowanie<\/a><\/strong><\/em><\/p>\n<h1 class=\"title style-scope ytd-video-primary-info-renderer\" style=\"text-align: center;\"><em><a href=\"https:\/\/www.youtube.com\/watch?v=r_vvXCUsMUs\">Zmartwychwsta\u0142 Pan i \u017cyje dzi\u015b<\/a><\/em><\/h1>\n<h1 class=\"title style-scope ytd-video-primary-info-renderer\" style=\"text-align: center;\"><em><a href=\"https:\/\/www.youtube.com\/watch?v=6QtZHxcBqhE\">Jezus zwyci\u0119\u017cy\u0142 &#8211; Jednego Serca Jednego Ducha 2014<\/a><\/em><\/h1>\n<h1 class=\"title style-scope ytd-video-primary-info-renderer\" style=\"text-align: center;\"><em><a href=\"https:\/\/www.youtube.com\/watch?v=JbhIHF3SHm0\">Lednica2000 &#8211; Podnie\u015b mnie Jezu<\/a><\/em><\/h1>\n<\/div>\n","protected":false},"excerpt":{"rendered":"<p>Kondycja cz\u0142owieka XXI wieku \/ + Pie\u015b\u0144 trzeciego tysi\u0105clecia \/ 1. Pomi\u0119dzy skrupu\u0142ami i w\u0105tpliwo\u015bciami a wiar\u0105 Umieramy By rodzic si\u0119 na nowo Pomi\u0119dzy mi\u0142osierdziem&hellip; <\/p>\n","protected":false},"author":1,"featured_media":0,"parent":0,"menu_order":0,"comment_status":"closed","ping_status":"closed","template":"","meta":{"footnotes":""},"class_list":["post-1225","page","type-page","status-publish","hentry"],"_links":{"self":[{"href":"https:\/\/hubertpietka.bialystok.pl\/index.php?rest_route=\/wp\/v2\/pages\/1225","targetHints":{"allow":["GET"]}}],"collection":[{"href":"https:\/\/hubertpietka.bialystok.pl\/index.php?rest_route=\/wp\/v2\/pages"}],"about":[{"href":"https:\/\/hubertpietka.bialystok.pl\/index.php?rest_route=\/wp\/v2\/types\/page"}],"author":[{"embeddable":true,"href":"https:\/\/hubertpietka.bialystok.pl\/index.php?rest_route=\/wp\/v2\/users\/1"}],"replies":[{"embeddable":true,"href":"https:\/\/hubertpietka.bialystok.pl\/index.php?rest_route=%2Fwp%2Fv2%2Fcomments&post=1225"}],"version-history":[{"count":4,"href":"https:\/\/hubertpietka.bialystok.pl\/index.php?rest_route=\/wp\/v2\/pages\/1225\/revisions"}],"predecessor-version":[{"id":1229,"href":"https:\/\/hubertpietka.bialystok.pl\/index.php?rest_route=\/wp\/v2\/pages\/1225\/revisions\/1229"}],"wp:attachment":[{"href":"https:\/\/hubertpietka.bialystok.pl\/index.php?rest_route=%2Fwp%2Fv2%2Fmedia&parent=1225"}],"curies":[{"name":"wp","href":"https:\/\/api.w.org\/{rel}","templated":true}]}}