{"id":1231,"date":"2018-05-27T09:35:06","date_gmt":"2018-05-27T09:35:06","guid":{"rendered":"http:\/\/hubertpietka.bialystok.pl\/?page_id=1231"},"modified":"2018-05-27T09:45:57","modified_gmt":"2018-05-27T09:45:57","slug":"parabola-niebieska-trojca-swieta-krolewska","status":"publish","type":"page","link":"https:\/\/hubertpietka.bialystok.pl\/?page_id=1231","title":{"rendered":"Parabola niebieska \/ Tr\u00f3jca \u015awi\u0119ta Kr\u00f3lewska \/"},"content":{"rendered":"<p><strong><em>Parabola niebieska<br \/>\n\/ Tr\u00f3jca \u015awi\u0119ta Kr\u00f3lewska \/<\/em><\/strong><\/p>\n<p>B\u00f3g Ojciec jest jak niebo<br \/>\nKt\u00f3re na Swym \u0142onie<br \/>\nMa Syna Cz\u0142owieczego<\/p>\n<p>Jezus Chrystus<br \/>\n\u015awiata S\u0142o\u0144ce<br \/>\n\u015awieci bez ko\u0144ca<\/p>\n<p>Promienieje nad nami<br \/>\nW atmosferze i powietrzach<br \/>\nDucha \u015awi\u0119tego to domena<\/p>\n<p>\u015awiat\u0142o w przestworzach<br \/>\nRozb\u0142yska<br \/>\nI przemienia wszystko<\/p>\n<p>Duch \u015awi\u0119ty cho\u0107 niewidoczny<br \/>\nPrzenika wszech\u015bwiat wiecznie<br \/>\nChrystusa blaskiem jasnym<\/p>\n<p>Najpi\u0119kniej Tr\u00f3jca \u015awi\u0119ta<br \/>\nObjawia si\u0119 we<br \/>\nWschodach i zachodach s\u0142o\u0144ca<\/p>\n<p>S\u0142o\u0144ce Chrystus<br \/>\nNa niebie Ojcu si\u0119 rozlewa<br \/>\nDuch \u015awi\u0119ty \u015bwiat barwi kolorami krwi<\/p>\n<p>Wschody i zachody<br \/>\nTo m\u0119ki Chrystusa uobecnienie<br \/>\nB\u00f3g Ojciec i Duch \u015awi\u0119ty wskazuj\u0105 na ni\u0105<\/p>\n<p>S\u0105 tez znakiem zwyci\u0119stwa<br \/>\nEschatologii i zmartwychwstania<br \/>\nNiebieskiego Kr\u00f3lestwa Pana<\/p>\n<p>Chrystus Kr\u00f3l w Bogu Ojcu<br \/>\nI nad \u015bwiatem w Duchu \u015awi\u0119tym<br \/>\nRoztacza Sw\u0105 wo\u0144 \u015bwi\u0119t\u0105<\/p>\n<p>Jedno\u015b\u0107 Tr\u00f3jcy jest tak oczywista<br \/>\nJak te niebieskie zjawiska<br \/>\nFunkcjonuj\u0105ce razem i przenikaj\u0105ce \u015bwiat ten<\/p>\n<p>Zjawiska te wynikaj\u0105 z siebie<br \/>\nI wsp\u00f3lnie dookre\u015blaj\u0105 ziemi\u0119<br \/>\nPrzemieniaj\u0105 jej brzemi\u0119<\/p>\n<p>A nad t\u0105 Niebiesk\u0105 Koron\u0105<br \/>\nGwiazda Nieba jest okre\u015blona<br \/>\nGwiazda Polarna Maryja Naj\u015bwi\u0119tsza Matka nasza<\/p>\n<p>Ona jest brylantem<br \/>\nW Koronie Tr\u00f3jcy \u015awi\u0119tej<br \/>\nOna dookre\u015bla blask Niebieskiego Kr\u00f3lestwa<\/p>\n<p>W niej jak w zwierciadle Tr\u00f3jca odbija si\u0119<br \/>\nOna zwie\u0144czeniem stworzenia<br \/>\nNajpi\u0119kniejsza naj\u015bwi\u0119tsza<\/p>\n<p>A obok Gwiazdy Polarnej Morza<br \/>\nMiliony gwiazdek<br \/>\nWsp\u00f3\u0142tworz\u0105 Niebiesk\u0105 Koron\u0119<\/p>\n<p>To \u015bwi\u0119ci<br \/>\nBlaskiem Tr\u00f3jcy przenikni\u0119ci<br \/>\nI na Ni\u0105 wskazuj\u0105cy wiernie<\/p>\n<p>A do tego jeszcze anio\u0142owie<br \/>\nJak inne planety<br \/>\nI makrokosmos \u015bwiata domkni\u0119ty<\/p>\n<p>W ten spos\u00f3b wyznacza si\u0119<br \/>\nKosmologii niebieskiej parabola<br \/>\nKt\u00f3ra odzwierciedla Tr\u00f3jcy \u015awi\u0119tej dzie\u0142o doskona\u0142e<\/p>\n<p>Opisuje Jej Bo\u017cy wsp\u00f3\u0142byt<br \/>\nI na niwie nieba<br \/>\nJej skutki dla \u015bwiata<\/p>\n<p>Wszystko w planie Bo\u017cym<br \/>\nMa sw\u00f3j sens przemo\u017cny<br \/>\nWielki i \u015bwi\u0119ty pi\u0119kny<\/p>\n<p>Trzeba tylko odkrywa\u0107 konotacje i sens wsp\u00f3\u0142znacze\u0144<br \/>\nBy ten \u015bwiat realnie nazywa\u0107 i przemienia\u0107<br \/>\nOdnawia\u0107 oblicze tej ziemi<\/p>\n<p>Sens istnienia dookre\u015bla ludzkie przeznaczenia<br \/>\nI pie\u015b\u0144 s\u0142o\u0144ca Bogu<br \/>\nNieustannie stworzenie \u015bpiewa<\/p>\n<p>Jak wschody i zachody<br \/>\nGwiazdy planety<br \/>\nI niebieski przestw\u00f3r<\/p>\n<p>Tr\u00f3jca \u015awi\u0119ta niech b\u0119dzie uwielbiona<br \/>\n\u015awiata Korona z diamentem<br \/>\nI milionami pere\u0142 i brylant\u00f3w<\/p>\n<p><em>Pisano w Uroczysto\u015b\u0107 Tr\u00f3jcy \u015awi\u0119tej 27 maja 2018 r., Bia\u0142ystok<\/em><\/p>\n<p><img decoding=\"async\" class=\"spotlight\" src=\"https:\/\/scontent-waw1-1.xx.fbcdn.net\/v\/t1.0-9\/33692010_1990265964340157_5428077061363204096_n.jpg?_nc_cat=0&amp;oh=1d13223e52794734936060cbd1811a17&amp;oe=5B86025B\" alt=\"Zdj\u0119cie u\u017cytkownika Wojsko Maryi - MI.\" \/><\/p>\n<h1 class=\"title style-scope ytd-video-primary-info-renderer\" style=\"text-align: center;\"><em><a href=\"https:\/\/www.youtube.com\/watch?v=3Roj-1vG9Mk\">Mietek Szcze\u015bniak &#8211; ka\u017cdy wsch\u00f3d s\u0142o\u0144ca Ciebie zapowiada<\/a><\/em><\/h1>\n","protected":false},"excerpt":{"rendered":"<p>Parabola niebieska \/ Tr\u00f3jca \u015awi\u0119ta Kr\u00f3lewska \/ B\u00f3g Ojciec jest jak niebo Kt\u00f3re na Swym \u0142onie Ma Syna Cz\u0142owieczego Jezus Chrystus \u015awiata S\u0142o\u0144ce \u015awieci bez&hellip; <\/p>\n","protected":false},"author":1,"featured_media":0,"parent":0,"menu_order":0,"comment_status":"closed","ping_status":"closed","template":"","meta":{"footnotes":""},"class_list":["post-1231","page","type-page","status-publish","hentry"],"_links":{"self":[{"href":"https:\/\/hubertpietka.bialystok.pl\/index.php?rest_route=\/wp\/v2\/pages\/1231","targetHints":{"allow":["GET"]}}],"collection":[{"href":"https:\/\/hubertpietka.bialystok.pl\/index.php?rest_route=\/wp\/v2\/pages"}],"about":[{"href":"https:\/\/hubertpietka.bialystok.pl\/index.php?rest_route=\/wp\/v2\/types\/page"}],"author":[{"embeddable":true,"href":"https:\/\/hubertpietka.bialystok.pl\/index.php?rest_route=\/wp\/v2\/users\/1"}],"replies":[{"embeddable":true,"href":"https:\/\/hubertpietka.bialystok.pl\/index.php?rest_route=%2Fwp%2Fv2%2Fcomments&post=1231"}],"version-history":[{"count":4,"href":"https:\/\/hubertpietka.bialystok.pl\/index.php?rest_route=\/wp\/v2\/pages\/1231\/revisions"}],"predecessor-version":[{"id":1235,"href":"https:\/\/hubertpietka.bialystok.pl\/index.php?rest_route=\/wp\/v2\/pages\/1231\/revisions\/1235"}],"wp:attachment":[{"href":"https:\/\/hubertpietka.bialystok.pl\/index.php?rest_route=%2Fwp%2Fv2%2Fmedia&parent=1231"}],"curies":[{"name":"wp","href":"https:\/\/api.w.org\/{rel}","templated":true}]}}