{"id":1237,"date":"2018-05-29T10:58:08","date_gmt":"2018-05-29T10:58:08","guid":{"rendered":"http:\/\/hubertpietka.bialystok.pl\/?page_id=1237"},"modified":"2018-05-29T11:09:58","modified_gmt":"2018-05-29T11:09:58","slug":"wyliczanka-refleksji-kilka","status":"publish","type":"page","link":"https:\/\/hubertpietka.bialystok.pl\/?page_id=1237","title":{"rendered":"Wyliczanka \/ + refleksji kilka \/"},"content":{"rendered":"<p><em><strong>Wyliczanka \/ + refleksji kilka \/<\/strong><\/em><\/p>\n<p>Raz dwa trzy cztery<br \/>\nMaszeruj\u0105 oficery<\/p>\n<div class=\"text_exposed_show\">\n<p>Raz<br \/>\nMi\u0142o\u015b\u0107 nieprzyjaci\u00f3\u0142<br \/>\nTo znaczy<br \/>\nZrozumie\u0107 dobrze<br \/>\nZe trzeba bardziej mi\u0142osierdzia ni\u017c ofiary<\/p>\n<p>Dwa<br \/>\nMi\u0142o\u015b\u0107 jest wieczna<br \/>\nAle istnieje tez<br \/>\nObrona konieczna<\/p>\n<p>Trzy<br \/>\nMi\u0142o\u015b\u0107 si\u0119 nie ko\u0144czy<br \/>\nTam gdzie B\u00f3g j\u0105 ustanowi\u0142<br \/>\nJako najwi\u0119ksze dobro<br \/>\nDane cz\u0142owiekowi<\/p>\n<p>Cztery<br \/>\nKocha\u0107 innych<br \/>\nTo znaczy najpierw kocha\u0107 siebie<br \/>\nI nie trzeba z\u0142u si\u0119 poddawa\u0107<br \/>\nI na szkod\u0119 sw\u0105 dzia\u0142a\u0107<\/p>\n<p>Czterej pancerni i pies<br \/>\nKto zgadnie kto to jest<\/p>\n<p><em>Na zdj. Katedra Bia\u0142ostocka <\/em><br \/>\n<em> Jan Pawe\u0142 II b\u0142ogos\u0142awi miastu \u015bwiatu i Polsce <\/em><br \/>\n<em> Kwiaciarnia \u017bonkil <\/em><br \/>\n<em> I niebo oraz przecinaj\u0105ce je wst\u0119gi \u015bwietliste<\/em><\/p>\n<div class=\"_3x-2\" data-ft=\"{&quot;tn&quot;:&quot;H&quot;}\">\n<div data-ft=\"{&quot;tn&quot;:&quot;H&quot;}\">\n<div class=\"mtm\">\n<div class=\"_2a2q\">\n<div class=\"uiScaledImageContainer\"><img loading=\"lazy\" decoding=\"async\" class=\"scaledImageFitWidth img\" src=\"https:\/\/scontent-waw1-1.xx.fbcdn.net\/v\/t1.0-0\/p526x296\/33816498_234910707088594_6873729226034380800_n.jpg?_nc_cat=0&amp;oh=dd51351d68aed829387b9ed84b25b195&amp;oe=5B78A0E5\" alt=\"Zdj\u0119cie u\u017cytkownika Huberthubal Adalbertusmattias Pienteczkapientaszekpietka.\" width=\"492\" height=\"369\" \/><\/div>\n<div class=\"uiScaledImageContainer\"><img loading=\"lazy\" decoding=\"async\" class=\"scaledImageFitWidth img\" src=\"https:\/\/scontent-waw1-1.xx.fbcdn.net\/v\/t1.0-0\/p526x296\/33871873_234910697088595_9078563718366756864_n.jpg?_nc_cat=0&amp;oh=2ed8e74a86fe67d392b2dde3c7f926bc&amp;oe=5B8DDFDE\" alt=\"Zdj\u0119cie u\u017cytkownika Huberthubal Adalbertusmattias Pienteczkapientaszekpietka.\" width=\"492\" height=\"369\" \/><\/div>\n<div class=\"uiScaledImageContainer\">\n<h1 class=\"title style-scope ytd-video-primary-info-renderer\" style=\"text-align: center;\"><em><a href=\"https:\/\/www.youtube.com\/watch?v=WxMwz-jCE3w\">Ryszard Riedel&amp;D\u017cem &#8211; Opowiedzcie wiatry (Poz\u0142acany warkocz)<\/a><\/em><\/h1>\n<h1 class=\"title style-scope ytd-video-primary-info-renderer\" style=\"text-align: center;\"><a href=\"https:\/\/www.youtube.com\/watch?v=F2lo8fsAOB4\"><em>Czterej pancerni i pies &#8211; czo\u0142\u00f3wka z filmu, piosenka Deszcze niespokojne<\/em><\/a><\/h1>\n<\/div>\n<\/div>\n<\/div>\n<\/div>\n<\/div>\n<\/div>\n","protected":false},"excerpt":{"rendered":"<p>Wyliczanka \/ + refleksji kilka \/ Raz dwa trzy cztery Maszeruj\u0105 oficery Raz Mi\u0142o\u015b\u0107 nieprzyjaci\u00f3\u0142 To znaczy Zrozumie\u0107 dobrze Ze trzeba bardziej mi\u0142osierdzia ni\u017c ofiary&hellip; <\/p>\n","protected":false},"author":1,"featured_media":0,"parent":0,"menu_order":0,"comment_status":"closed","ping_status":"closed","template":"","meta":{"footnotes":""},"class_list":["post-1237","page","type-page","status-publish","hentry"],"_links":{"self":[{"href":"https:\/\/hubertpietka.bialystok.pl\/index.php?rest_route=\/wp\/v2\/pages\/1237","targetHints":{"allow":["GET"]}}],"collection":[{"href":"https:\/\/hubertpietka.bialystok.pl\/index.php?rest_route=\/wp\/v2\/pages"}],"about":[{"href":"https:\/\/hubertpietka.bialystok.pl\/index.php?rest_route=\/wp\/v2\/types\/page"}],"author":[{"embeddable":true,"href":"https:\/\/hubertpietka.bialystok.pl\/index.php?rest_route=\/wp\/v2\/users\/1"}],"replies":[{"embeddable":true,"href":"https:\/\/hubertpietka.bialystok.pl\/index.php?rest_route=%2Fwp%2Fv2%2Fcomments&post=1237"}],"version-history":[{"count":4,"href":"https:\/\/hubertpietka.bialystok.pl\/index.php?rest_route=\/wp\/v2\/pages\/1237\/revisions"}],"predecessor-version":[{"id":1241,"href":"https:\/\/hubertpietka.bialystok.pl\/index.php?rest_route=\/wp\/v2\/pages\/1237\/revisions\/1241"}],"wp:attachment":[{"href":"https:\/\/hubertpietka.bialystok.pl\/index.php?rest_route=%2Fwp%2Fv2%2Fmedia&parent=1237"}],"curies":[{"name":"wp","href":"https:\/\/api.w.org\/{rel}","templated":true}]}}