{"id":124,"date":"2017-01-03T22:40:38","date_gmt":"2017-01-03T22:40:38","guid":{"rendered":"http:\/\/hubertpietka.bialystok.pl\/?page_id=124"},"modified":"2020-11-16T22:22:22","modified_gmt":"2020-11-16T22:22:22","slug":"dla-seniorow","status":"publish","type":"page","link":"https:\/\/hubertpietka.bialystok.pl\/?page_id=124","title":{"rendered":"Dla \/ sz\u00f3stek pana"},"content":{"rendered":"<p><strong><em>Dla \/ sz\u00f3stek pana<\/em><\/strong><\/p>\n<p><strong>1.<\/strong><br \/>\nPan de Mon Ooo<br \/>\nPan the M-ia<br \/>\nPan deMonium<\/p>\n<p>M\u00f3wi o sobie<br \/>\nWszystko nale\u017cy do mnie<br \/>\nC\u00f3\u017c to nie ja<br \/>\nKa\u017cdy mi s\u0142u\u017cy\u0107 ma<\/p>\n<p><strong>2.<\/strong><br \/>\nZwyci\u0119\u017ca si\u0119 go<br \/>\nS\u0142owem Bo\u017cym<br \/>\nModlitw\u0105<br \/>\nW ka\u017cdej godzinie<\/p>\n<p>Rozbraja si\u0119 jego pociski<br \/>\nW mi\u0142o\u015bci<br \/>\nI sprawiedliwo\u015bci\u0105<\/p>\n<p><strong>3.<\/strong><br \/>\nJe\u015bli ja niepoczytalny jestem<br \/>\nTo jak nazwa\u0107<br \/>\nTo co ty dzia\u0142asz<br \/>\nZ premedytacj\u0105<\/p>\n<p>Zabierasz<br \/>\nCo twoje nie jest<br \/>\nI dzisiaj te\u017c<\/p>\n<p><img decoding=\"async\" class=\"css-9pa8cd\" draggable=\"true\" src=\"https:\/\/pbs.twimg.com\/media\/Em5EkVdW8AALG-n?format=jpg&amp;name=small\" alt=\"Image\" \/><\/p>\n<p><em>Na zdj. Poga\u0144ski bo\u017cek<\/em><br \/>\n<em>U st\u00f3p Matki Bo\u017cej<\/em><br \/>\n<em>Dzisiaj Maryi Matki Mi\u0142osierdzia<\/em><br \/>\n<em>Maryja zawsze zwyci\u0119\u017ca<\/em><\/p>\n","protected":false},"excerpt":{"rendered":"<p>Dla \/ sz\u00f3stek pana 1. Pan de Mon Ooo Pan the M-ia Pan deMonium M\u00f3wi o sobie Wszystko nale\u017cy do mnie C\u00f3\u017c to nie ja&hellip; <\/p>\n","protected":false},"author":1,"featured_media":0,"parent":0,"menu_order":0,"comment_status":"closed","ping_status":"closed","template":"","meta":{"footnotes":""},"class_list":["post-124","page","type-page","status-publish","hentry"],"_links":{"self":[{"href":"https:\/\/hubertpietka.bialystok.pl\/index.php?rest_route=\/wp\/v2\/pages\/124","targetHints":{"allow":["GET"]}}],"collection":[{"href":"https:\/\/hubertpietka.bialystok.pl\/index.php?rest_route=\/wp\/v2\/pages"}],"about":[{"href":"https:\/\/hubertpietka.bialystok.pl\/index.php?rest_route=\/wp\/v2\/types\/page"}],"author":[{"embeddable":true,"href":"https:\/\/hubertpietka.bialystok.pl\/index.php?rest_route=\/wp\/v2\/users\/1"}],"replies":[{"embeddable":true,"href":"https:\/\/hubertpietka.bialystok.pl\/index.php?rest_route=%2Fwp%2Fv2%2Fcomments&post=124"}],"version-history":[{"count":12,"href":"https:\/\/hubertpietka.bialystok.pl\/index.php?rest_route=\/wp\/v2\/pages\/124\/revisions"}],"predecessor-version":[{"id":3522,"href":"https:\/\/hubertpietka.bialystok.pl\/index.php?rest_route=\/wp\/v2\/pages\/124\/revisions\/3522"}],"wp:attachment":[{"href":"https:\/\/hubertpietka.bialystok.pl\/index.php?rest_route=%2Fwp%2Fv2%2Fmedia&parent=124"}],"curies":[{"name":"wp","href":"https:\/\/api.w.org\/{rel}","templated":true}]}}