{"id":1250,"date":"2018-06-03T08:46:59","date_gmt":"2018-06-03T08:46:59","guid":{"rendered":"http:\/\/hubertpietka.bialystok.pl\/?page_id=1250"},"modified":"2018-06-03T08:47:57","modified_gmt":"2018-06-03T08:47:57","slug":"immaculatam-virginis-koncept-panienki-najswietszej-dla-nas","status":"publish","type":"page","link":"https:\/\/hubertpietka.bialystok.pl\/?page_id=1250","title":{"rendered":"Immaculatam Virginis \/ Koncept Panienki Naj\u015bwi\u0119tszej&#8230;  Dla nas \/"},"content":{"rendered":"<p><em><strong>Immaculatam Virginis \/ Koncept Panienki Naj\u015bwi\u0119tszej&#8230;\u00a0 Dla nas \/<\/strong><\/em><\/p>\n<p>Tylko Jedna jest z ludzi ca\u0142kowicie bezgrzeszna<br \/>\nMaryja Niepokalanie Pocz\u0119ta<\/p>\n<div class=\"text_exposed_show\">\n<p>Tylko Jedn\u0105 m\u00f3g\u0142 B\u00f3g wybra\u0107 na Matk\u0119 Sw\u0105<br \/>\nMaryj\u0119 Niepokalanie Pocz\u0119t\u0105<\/p>\n<p>Tylko Jedna m\u00f3g\u0142 Syn za Matk\u0119 da\u0107 nam<br \/>\nNiepokalanie Pocz\u0119t\u0105 Maryj\u0119<br \/>\nMatk\u0119 nam<\/p>\n<p>Tylko Jedna jest droga najbezpieczniejsza do Boga<br \/>\nMaryja Niepokalanie Pocz\u0119ta<br \/>\nDrogowskazy daje nam \u015bwi\u0119te<\/p>\n<p>Tylko Jedna mo\u017ce by\u0107 ziemi i nieba Kr\u00f3lowa<br \/>\nMaryja Niepokalanie Pocz\u0119ta<br \/>\nTak ziemi i niebu droga<\/p>\n<p>Tylko Jedn\u0105 w \u015bwi\u0119to\u015bci zr\u00f3wna\u0142 z Sob\u0105 B\u00f3g<br \/>\nNiepokalanie Pocz\u0119t\u0105 Maryj\u0119<br \/>\n\u015awi\u0119to\u015bci dla nas wz\u00f3r<\/p>\n<p>Tylko Jedna mo\u017ce by\u0107 Po\u015bredniczka Najlepsza<br \/>\nMaryja Niepokalanie Pocz\u0119ta<\/p>\n<p>Ps. 1<br \/>\nNiech wszystko co \u017cyje<br \/>\nOdda cze\u015b\u0107 i chwal\u0119 Maryi<\/p>\n<p>Ps. 2<br \/>\nNic tak jak bia\u0142e kwiaty i ziele\u0144 nie wskazuje lepiej<br \/>\nNa czysto\u015b\u0107 i niewinno\u015b\u0107 \u015bwi\u0119to\u015b\u0107<br \/>\nMaryi Niepokalanie Pocz\u0119tej<\/p>\n<p>Takie kwiaty Jej ofiarowywa\u0107<br \/>\nI modlitwami p\u0142atk\u00f3w r\u00f3\u017c<br \/>\nPrzez Zdrowa\u015b obsypywa\u0107<\/p>\n<p>Ps. 3<br \/>\nBo tylko Jedno jest<br \/>\nNiepokalanie Pocz\u0119te Serce<br \/>\nObok najpi\u0119kniejsze tam gdzie<br \/>\nJezusa Naj\u015bwi\u0119tsze Serce.<\/p>\n<\/div>\n<div class=\"_3x-2\" data-ft=\"{&quot;tn&quot;:&quot;H&quot;}\">\n<div data-ft=\"{&quot;tn&quot;:&quot;H&quot;}\">\n<div class=\"mtm\">\n<div>\n<div class=\"_5cq3 _1ktf\" data-ft=\"{&quot;tn&quot;:&quot;E&quot;}\">\n<div id=\"u_jsonp_5_1d\" class=\"uiScaledImageContainer _4-ep\"><img loading=\"lazy\" decoding=\"async\" class=\"scaledImageFitWidth img\" src=\"https:\/\/scontent-waw1-1.xx.fbcdn.net\/v\/t1.0-0\/s480x480\/34189175_1996606913706062_7536890799514976256_n.jpg?_nc_cat=0&amp;_nc_eui2=AeHWLpYrCAsGUckQjfSs4_cIZF_6n8FNvBIU5v44rL439MAo0Qto2XPfsq5BizbYQwKPXKJ2TSUGjKyBqsp8-_I_RdQda6YQUh8b-A60HoBl4Q&amp;oh=9c33ce809cedcac03f93328636e2def1&amp;oe=5B8551ED\" alt=\"Zdj\u0119cie u\u017cytkownika Wojsko Maryi - MI.\" width=\"474\" height=\"356\" \/><\/div>\n<\/div>\n<\/div>\n<\/div>\n<\/div>\n<\/div>\n","protected":false},"excerpt":{"rendered":"<p>Immaculatam Virginis \/ Koncept Panienki Naj\u015bwi\u0119tszej&#8230;\u00a0 Dla nas \/ Tylko Jedna jest z ludzi ca\u0142kowicie bezgrzeszna Maryja Niepokalanie Pocz\u0119ta Tylko Jedn\u0105 m\u00f3g\u0142 B\u00f3g wybra\u0107 na&hellip; <\/p>\n","protected":false},"author":1,"featured_media":0,"parent":0,"menu_order":0,"comment_status":"closed","ping_status":"closed","template":"","meta":{"footnotes":""},"class_list":["post-1250","page","type-page","status-publish","hentry"],"_links":{"self":[{"href":"https:\/\/hubertpietka.bialystok.pl\/index.php?rest_route=\/wp\/v2\/pages\/1250","targetHints":{"allow":["GET"]}}],"collection":[{"href":"https:\/\/hubertpietka.bialystok.pl\/index.php?rest_route=\/wp\/v2\/pages"}],"about":[{"href":"https:\/\/hubertpietka.bialystok.pl\/index.php?rest_route=\/wp\/v2\/types\/page"}],"author":[{"embeddable":true,"href":"https:\/\/hubertpietka.bialystok.pl\/index.php?rest_route=\/wp\/v2\/users\/1"}],"replies":[{"embeddable":true,"href":"https:\/\/hubertpietka.bialystok.pl\/index.php?rest_route=%2Fwp%2Fv2%2Fcomments&post=1250"}],"version-history":[{"count":2,"href":"https:\/\/hubertpietka.bialystok.pl\/index.php?rest_route=\/wp\/v2\/pages\/1250\/revisions"}],"predecessor-version":[{"id":1252,"href":"https:\/\/hubertpietka.bialystok.pl\/index.php?rest_route=\/wp\/v2\/pages\/1250\/revisions\/1252"}],"wp:attachment":[{"href":"https:\/\/hubertpietka.bialystok.pl\/index.php?rest_route=%2Fwp%2Fv2%2Fmedia&parent=1250"}],"curies":[{"name":"wp","href":"https:\/\/api.w.org\/{rel}","templated":true}]}}