{"id":1254,"date":"2018-06-05T08:36:13","date_gmt":"2018-06-05T08:36:13","guid":{"rendered":"http:\/\/hubertpietka.bialystok.pl\/?page_id=1254"},"modified":"2018-06-05T08:58:25","modified_gmt":"2018-06-05T08:58:25","slug":"pokusy-i-sny-a-rzeczywistosc-i-wybory","status":"publish","type":"page","link":"https:\/\/hubertpietka.bialystok.pl\/?page_id=1254","title":{"rendered":"Pokusy i sny \/ a rzeczywisto\u015b\u0107 i wybory"},"content":{"rendered":"<div class=\"_1dwg _1w_m _q7o\">\n<div>\n<div id=\"js_6h\" class=\"_5pbx userContent _3576\" data-ft=\"{&quot;tn&quot;:&quot;K&quot;}\">\n<div id=\"id_5b164a12ae1555b61789530\" class=\"text_exposed_root text_exposed\">\n<p><em><strong>Pokusy i sny \/ a rzeczywisto\u015b\u0107 i wybory<\/strong><\/em><\/p>\n<p><strong>Prolog<\/strong><br \/>\nPokusy i sny<br \/>\nTo jeszcze nie grzechy <span class=\"text_exposed_show\"><br \/>\nAby tak si\u0119 sta\u0142o<br \/>\nMusi zrealizowa\u0107 si\u0119 to<\/span><\/p>\n<div class=\"text_exposed_show\">\n<p><strong>1.<\/strong> Wyobra\u017a sobie<br \/>\n\u017be masz pokus\u0119<br \/>\nUkra\u015b\u0107 ksi\u0119\u017cyc z nieba<br \/>\nAle po co ci to<br \/>\nSkoro na twoim niebie<br \/>\n\u015awieci s\u0142o\u0144ce w dzie\u0144<\/p>\n<p><strong>2.<\/strong> Wyobra\u017a sobie te\u017c<br \/>\nZe gwiazdka przy\u015bni\u0142a ci si\u0119<br \/>\nI w \u015bnie m\u00f3g\u0142by\u015b si\u0119gn\u0105\u0107<br \/>\nPo t\u0105 gwiazdk\u0119<br \/>\nAle po co ci to<br \/>\nSkoro ty masz s\u0142o\u0144ce obok<\/p>\n<p><strong>Epilog<\/strong><br \/>\nTaka jest r\u00f3\u017cnica<br \/>\nMi\u0119dzy noc\u0105 a dniem<br \/>\nDobrem a z\u0142em<br \/>\nTym co nieu\u015bwiadomione<br \/>\nA tym co wybierasz<br \/>\nW wolno\u015bci swojej<\/p>\n<p style=\"text-align: center;\"><em>Na zdj. Procesja Eucharystyczna przy Mi\u0142osierdzia Bo\u017cego sanktuarium \/<\/em><br \/>\n<em> W Oktawie Bo\u017cego Cia\u0142a pisano \/<\/em><br \/>\n<em> St\u0105d ten obrazek \ud83d\ude42<\/em><\/p>\n<\/div>\n<\/div>\n<\/div>\n<div class=\"_3x-2\" data-ft=\"{&quot;tn&quot;:&quot;H&quot;}\">\n<div data-ft=\"{&quot;tn&quot;:&quot;H&quot;}\">\n<div class=\"mtm\">\n<div>\n<div class=\"_5cq3 _1ktf\" data-ft=\"{&quot;tn&quot;:&quot;E&quot;}\">\n<div id=\"u_jsonp_3_t\" class=\"uiScaledImageContainer _4-ep\"><img loading=\"lazy\" decoding=\"async\" class=\"scaledImageFitWidth img aligncenter\" src=\"https:\/\/scontent-waw1-1.xx.fbcdn.net\/v\/t1.0-0\/s480x480\/34387881_1999687013398052_1906532907497816064_n.jpg?_nc_cat=0&amp;oh=6a9eab8fd5e5bee6888f462109917695&amp;oe=5BAE7E40\" alt=\"Zdj\u0119cie u\u017cytkownika Wojsko Maryi - MI.\" width=\"474\" height=\"356\" \/><\/div>\n<\/div>\n<\/div>\n<\/div>\n<\/div>\n<\/div>\n<div>\n<h1 class=\"title style-scope ytd-video-primary-info-renderer\" style=\"text-align: right;\"><em><a href=\"https:\/\/www.youtube.com\/watch?v=un-sNosxthE\">Lady Pank &#8211; Lataj\u0105cy Kot (O dw\u00f3ch takich co ukradli ksi\u0119\u017cyc)<\/a><\/em><\/h1>\n<\/div>\n<\/div>\n<\/div>\n<div>\n<form id=\"u_jsonp_3_1n\" class=\"commentable_item\" action=\"\/ajax\/ufi\/modify.php\" method=\"post\" data-ft=\"{&quot;tn&quot;:&quot;]&quot;}\">\n<div class=\"_sa_ _gsd _fgm _5vsi _192z\">\n<div class=\"_5ybo _1q_o _2zfm _5yhh\">\n<div class=\"_fk3\">\n<div class=\"_fk4\">\n<div id=\"u_jsonp_3_1m\" class=\"_fk6\">\n<div>\n<div class=\"__ji\">\n<div class=\"_fk8\">\n<p style=\"text-align: right;\"><em><strong><a href=\"https:\/\/www.youtube.com\/watch?v=cL2v0B0d3jE\">O dw\u00f3ch takich co ukradli ksi\u0119\u017cyc &#8211; Piosenka Braci Kaczy\u0144skich<\/a><\/strong><\/em><\/p>\n<p style=\"text-align: right;\">\ud83d\ude42<\/p>\n<div>\n<h1 class=\"title style-scope ytd-video-primary-info-renderer\" style=\"text-align: right;\"><a href=\"https:\/\/www.youtube.com\/watch?v=0WhKSChtd84\"><em>Lady Pank &#8211; Tacy sami<\/em><\/a><\/h1>\n<\/div>\n<\/div>\n<\/div>\n<\/div>\n<\/div>\n<\/div>\n<\/div>\n<\/div>\n<\/div>\n<\/form>\n<\/div>\n","protected":false},"excerpt":{"rendered":"<p>Pokusy i sny \/ a rzeczywisto\u015b\u0107 i wybory Prolog Pokusy i sny To jeszcze nie grzechy Aby tak si\u0119 sta\u0142o Musi zrealizowa\u0107 si\u0119 to 1.&hellip; <\/p>\n","protected":false},"author":1,"featured_media":0,"parent":0,"menu_order":0,"comment_status":"closed","ping_status":"closed","template":"","meta":{"footnotes":""},"class_list":["post-1254","page","type-page","status-publish","hentry"],"_links":{"self":[{"href":"https:\/\/hubertpietka.bialystok.pl\/index.php?rest_route=\/wp\/v2\/pages\/1254","targetHints":{"allow":["GET"]}}],"collection":[{"href":"https:\/\/hubertpietka.bialystok.pl\/index.php?rest_route=\/wp\/v2\/pages"}],"about":[{"href":"https:\/\/hubertpietka.bialystok.pl\/index.php?rest_route=\/wp\/v2\/types\/page"}],"author":[{"embeddable":true,"href":"https:\/\/hubertpietka.bialystok.pl\/index.php?rest_route=\/wp\/v2\/users\/1"}],"replies":[{"embeddable":true,"href":"https:\/\/hubertpietka.bialystok.pl\/index.php?rest_route=%2Fwp%2Fv2%2Fcomments&post=1254"}],"version-history":[{"count":5,"href":"https:\/\/hubertpietka.bialystok.pl\/index.php?rest_route=\/wp\/v2\/pages\/1254\/revisions"}],"predecessor-version":[{"id":1259,"href":"https:\/\/hubertpietka.bialystok.pl\/index.php?rest_route=\/wp\/v2\/pages\/1254\/revisions\/1259"}],"wp:attachment":[{"href":"https:\/\/hubertpietka.bialystok.pl\/index.php?rest_route=%2Fwp%2Fv2%2Fmedia&parent=1254"}],"curies":[{"name":"wp","href":"https:\/\/api.w.org\/{rel}","templated":true}]}}