{"id":1272,"date":"2018-06-11T15:42:43","date_gmt":"2018-06-11T15:42:43","guid":{"rendered":"http:\/\/hubertpietka.bialystok.pl\/?page_id=1272"},"modified":"2018-06-11T15:47:51","modified_gmt":"2018-06-11T15:47:51","slug":"w-bogu-sluzyc","status":"publish","type":"page","link":"https:\/\/hubertpietka.bialystok.pl\/?page_id=1272","title":{"rendered":"W Bogu s\u0142u\u017cy\u0107"},"content":{"rendered":"<p><em><strong>W Bogu s\u0142u\u017cy\u0107<\/strong><\/em><\/p>\n<p><strong>Ref.<\/strong> W Bogu s\u0142u\u017cy\u0107<br \/>\nTo w Bogu \u017cy\u0107<\/p>\n<div class=\"text_exposed_show\">\n<p>To Ty wybra\u0142e\u015b mnie<br \/>\nZa to Ci dzi\u0119kuj\u0119<\/p>\n<p><strong>Ref.<\/strong><\/p>\n<p>Ja bym nie wybra\u0142 si\u0119<br \/>\nAle Ty lepiej wiesz<\/p>\n<p><strong>Ref.<\/strong><\/p>\n<p>Nikt by nie wybra\u0142 mnie<br \/>\nWielki jeste\u015b Bo\u017ce<\/p>\n<p><strong>Ref.<\/strong><\/p>\n<p>Jam s\u0142uga Tw\u00f3j nieu\u017cyteczny<br \/>\nAle w Tobie pomocny<\/p>\n<p><strong>Ref.<\/strong><\/p>\n<p>Ja najmniejszy<br \/>\nAle Ty Najwi\u0119kszy<\/p>\n<p><strong>Ref.<\/strong><\/p>\n<p>Ja ma\u0142y<br \/>\nAle Ty B\u00f3g doskona\u0142y<\/p>\n<p><strong>Ref.<\/strong><\/p>\n<p>Ja ju\u017c \u017cyje tylko<br \/>\nDzi\u0119ki Twej \u0142asce \u015bwi\u0119tej<\/p>\n<p><strong>Ref.<\/strong><\/p>\n<p>Ty to wszystko czynisz<br \/>\nA ja male ale w Tobie nic<\/p>\n<p><strong>Ref.<\/strong><\/p>\n<p>Ty nas wybra\u0142e\u015b<br \/>\nTo Ty tego dokona\u0142e\u015b<\/p>\n<p><strong>Ref.<\/strong><\/p>\n<p>I Ty sam wszystko spe\u0142nisz<br \/>\nA ja tylko Tw\u00f3j s\u0142uga jestem<\/p>\n<p><strong>Ref.<\/strong><\/p>\n<p>Dzi\u0119ki za wszystko Ci<br \/>\nBo wszystko jest \u0142ask\u0105 Tw\u0105<\/p>\n<p><strong>Ref.<\/strong><\/p>\n<p>Ja jestem tylko \u015bwiadkiem<br \/>\nTwojej mi\u0142o\u015bci ogromnej<\/p>\n<p><strong>Ref.<\/strong><\/p>\n<p>Ja tylko chce<br \/>\nOg\u0142asza\u0107 mi\u0142osierdzie Twe<\/p>\n<p><strong>Ref.<\/strong><\/p>\n<p>Wszystko jest cudem<br \/>\n\u0141aski Twej o Bo\u017ce<\/p>\n<p><strong>Ref.<\/strong><\/p>\n<h1 class=\"title style-scope ytd-video-primary-info-renderer\" style=\"text-align: center;\"><em><a href=\"https:\/\/www.youtube.com\/watch?v=RwJ8DWDSBxk\">C\u00f3\u017c Ci si\u0119 Jezu spodoba\u0142o we mnie<\/a><\/em><\/h1>\n<h1 class=\"title style-scope ytd-video-primary-info-renderer\" style=\"text-align: center;\"><em><a href=\"https:\/\/www.youtube.com\/watch?v=ymnS6NoIpIo\">Nikt Ci\u0119 nie kocha tak jak Ja &#8211; Guadalupe<\/a><\/em><\/h1>\n<\/div>\n","protected":false},"excerpt":{"rendered":"<p>W Bogu s\u0142u\u017cy\u0107 Ref. W Bogu s\u0142u\u017cy\u0107 To w Bogu \u017cy\u0107 To Ty wybra\u0142e\u015b mnie Za to Ci dzi\u0119kuj\u0119 Ref. Ja bym nie wybra\u0142 si\u0119&hellip; <\/p>\n","protected":false},"author":1,"featured_media":0,"parent":0,"menu_order":0,"comment_status":"closed","ping_status":"closed","template":"","meta":{"footnotes":""},"class_list":["post-1272","page","type-page","status-publish","hentry"],"_links":{"self":[{"href":"https:\/\/hubertpietka.bialystok.pl\/index.php?rest_route=\/wp\/v2\/pages\/1272","targetHints":{"allow":["GET"]}}],"collection":[{"href":"https:\/\/hubertpietka.bialystok.pl\/index.php?rest_route=\/wp\/v2\/pages"}],"about":[{"href":"https:\/\/hubertpietka.bialystok.pl\/index.php?rest_route=\/wp\/v2\/types\/page"}],"author":[{"embeddable":true,"href":"https:\/\/hubertpietka.bialystok.pl\/index.php?rest_route=\/wp\/v2\/users\/1"}],"replies":[{"embeddable":true,"href":"https:\/\/hubertpietka.bialystok.pl\/index.php?rest_route=%2Fwp%2Fv2%2Fcomments&post=1272"}],"version-history":[{"count":3,"href":"https:\/\/hubertpietka.bialystok.pl\/index.php?rest_route=\/wp\/v2\/pages\/1272\/revisions"}],"predecessor-version":[{"id":1275,"href":"https:\/\/hubertpietka.bialystok.pl\/index.php?rest_route=\/wp\/v2\/pages\/1272\/revisions\/1275"}],"wp:attachment":[{"href":"https:\/\/hubertpietka.bialystok.pl\/index.php?rest_route=%2Fwp%2Fv2%2Fmedia&parent=1272"}],"curies":[{"name":"wp","href":"https:\/\/api.w.org\/{rel}","templated":true}]}}