{"id":1285,"date":"2018-06-13T09:26:44","date_gmt":"2018-06-13T09:26:44","guid":{"rendered":"http:\/\/hubertpietka.bialystok.pl\/?page_id=1285"},"modified":"2018-06-13T09:44:59","modified_gmt":"2018-06-13T09:44:59","slug":"czerwiec-a-jezusowe-serce","status":"publish","type":"page","link":"https:\/\/hubertpietka.bialystok.pl\/?page_id=1285","title":{"rendered":"Czerwiec a Jezusowe Serce"},"content":{"rendered":"<p><strong><em>Czerwiec a Jezusowe Serce\u00a0<\/em><\/strong><\/p>\n<p>Czerwiec miesi\u0105cem<br \/>\nGdzie kr\u00f3luje Jezusowe Serce<br \/>\nTrzeba mie\u0107 serce<br \/>\nJak czerwiec czerstwe<\/p>\n<p>Trzeba trze\u017awo sercem rozeznawa\u0107<br \/>\nI rozumowi to poddawa\u0107<br \/>\nDo tego szczypt\u0119 wiary przyda\u0107<br \/>\nUczucia serca w prawdzie rozpoznawa\u0107<\/p>\n<p>Czerstwo czyli jasno patrze\u0107<br \/>\nWychodzi\u0107 nadziei naprzeciw<br \/>\nDobro od z\u0142a odr\u00f3\u017cnia\u0107<br \/>\nSerce nie znosi pr\u00f3\u017cni<\/p>\n<p>Czerwiec Jezusowym Sercem stoi<br \/>\nTo Serce najlepiej wskazuje<br \/>\nJak \u017cy\u0107 aby si\u0119 nie zagubi\u0107<br \/>\nAby serca nie zabrudzi\u0107<\/p>\n<p>Czerstwy czerwiec<br \/>\nLudzkie a Jezusowe Serce<br \/>\nNawet przyroda miesi\u0105ca tego bardzo pomaga<br \/>\nBy cz\u0142owiek odpowiedzi szuka\u0142 w Bogu<\/p>\n<p><em>Na zdj. Naj\u015bwi\u0119tsze Jezusowe Serce \/<\/em><br \/>\n<em>Kaplica na Cmentarzu Farnym w Bia\u0142ymstoku \/<\/em><br \/>\n<em>Pisano 13 czerwca 2018 r.<\/em><br \/>\n<a href=\"http:\/\/hubertpietka.bialystok.pl\/wp-content\/uploads\/2018\/06\/IMG_20180612_175055.jpg\"><img loading=\"lazy\" decoding=\"async\" class=\"alignnone wp-image-1288\" src=\"http:\/\/hubertpietka.bialystok.pl\/wp-content\/uploads\/2018\/06\/IMG_20180612_175055-150x150.jpg\" alt=\"\" width=\"296\" height=\"296\" \/><\/a><\/p>\n","protected":false},"excerpt":{"rendered":"<p>Czerwiec a Jezusowe Serce\u00a0 Czerwiec miesi\u0105cem Gdzie kr\u00f3luje Jezusowe Serce Trzeba mie\u0107 serce Jak czerwiec czerstwe Trzeba trze\u017awo sercem rozeznawa\u0107 I rozumowi to poddawa\u0107 Do&hellip; <\/p>\n","protected":false},"author":1,"featured_media":0,"parent":0,"menu_order":0,"comment_status":"closed","ping_status":"closed","template":"","meta":{"footnotes":""},"class_list":["post-1285","page","type-page","status-publish","hentry"],"_links":{"self":[{"href":"https:\/\/hubertpietka.bialystok.pl\/index.php?rest_route=\/wp\/v2\/pages\/1285","targetHints":{"allow":["GET"]}}],"collection":[{"href":"https:\/\/hubertpietka.bialystok.pl\/index.php?rest_route=\/wp\/v2\/pages"}],"about":[{"href":"https:\/\/hubertpietka.bialystok.pl\/index.php?rest_route=\/wp\/v2\/types\/page"}],"author":[{"embeddable":true,"href":"https:\/\/hubertpietka.bialystok.pl\/index.php?rest_route=\/wp\/v2\/users\/1"}],"replies":[{"embeddable":true,"href":"https:\/\/hubertpietka.bialystok.pl\/index.php?rest_route=%2Fwp%2Fv2%2Fcomments&post=1285"}],"version-history":[{"count":7,"href":"https:\/\/hubertpietka.bialystok.pl\/index.php?rest_route=\/wp\/v2\/pages\/1285\/revisions"}],"predecessor-version":[{"id":1294,"href":"https:\/\/hubertpietka.bialystok.pl\/index.php?rest_route=\/wp\/v2\/pages\/1285\/revisions\/1294"}],"wp:attachment":[{"href":"https:\/\/hubertpietka.bialystok.pl\/index.php?rest_route=%2Fwp%2Fv2%2Fmedia&parent=1285"}],"curies":[{"name":"wp","href":"https:\/\/api.w.org\/{rel}","templated":true}]}}