{"id":129,"date":"2017-01-03T22:49:01","date_gmt":"2017-01-03T22:49:01","guid":{"rendered":"http:\/\/hubertpietka.bialystok.pl\/?page_id=129"},"modified":"2020-11-15T14:51:16","modified_gmt":"2020-11-15T14:51:16","slug":"dla-niepelnosprawnych","status":"publish","type":"page","link":"https:\/\/hubertpietka.bialystok.pl\/?page_id=129","title":{"rendered":"Dla senior\u00f3w i niepe\u0142nosprawnych"},"content":{"rendered":"<ol>\n<li>Warsztaty z interpretacji poezji.<\/li>\n<li>Korepetycje z historii literatury.<\/li>\n<li>Patriotyzm i historia.<\/li>\n<li>Zaj\u0119cia etyczne \u2013 filozofia dialogu.<\/li>\n<li>Treningi dramowe.<\/li>\n<li>Odczucia niepe\u0142nosprawno\u015bci.<\/li>\n<li>Terapia poezj\u0105.<\/li>\n<\/ol>\n<p>Spotkania okoliczno\u015bciowe, rocznicowe itp.<\/p>\n","protected":false},"excerpt":{"rendered":"<p>Warsztaty z interpretacji poezji. Korepetycje z historii literatury. Patriotyzm i historia. Zaj\u0119cia etyczne \u2013 filozofia dialogu. Treningi dramowe. Odczucia niepe\u0142nosprawno\u015bci. Terapia poezj\u0105. Spotkania okoliczno\u015bciowe, rocznicowe&hellip; <\/p>\n","protected":false},"author":1,"featured_media":0,"parent":0,"menu_order":0,"comment_status":"closed","ping_status":"closed","template":"","meta":{"footnotes":""},"class_list":["post-129","page","type-page","status-publish","hentry"],"_links":{"self":[{"href":"https:\/\/hubertpietka.bialystok.pl\/index.php?rest_route=\/wp\/v2\/pages\/129","targetHints":{"allow":["GET"]}}],"collection":[{"href":"https:\/\/hubertpietka.bialystok.pl\/index.php?rest_route=\/wp\/v2\/pages"}],"about":[{"href":"https:\/\/hubertpietka.bialystok.pl\/index.php?rest_route=\/wp\/v2\/types\/page"}],"author":[{"embeddable":true,"href":"https:\/\/hubertpietka.bialystok.pl\/index.php?rest_route=\/wp\/v2\/users\/1"}],"replies":[{"embeddable":true,"href":"https:\/\/hubertpietka.bialystok.pl\/index.php?rest_route=%2Fwp%2Fv2%2Fcomments&post=129"}],"version-history":[{"count":4,"href":"https:\/\/hubertpietka.bialystok.pl\/index.php?rest_route=\/wp\/v2\/pages\/129\/revisions"}],"predecessor-version":[{"id":3498,"href":"https:\/\/hubertpietka.bialystok.pl\/index.php?rest_route=\/wp\/v2\/pages\/129\/revisions\/3498"}],"wp:attachment":[{"href":"https:\/\/hubertpietka.bialystok.pl\/index.php?rest_route=%2Fwp%2Fv2%2Fmedia&parent=129"}],"curies":[{"name":"wp","href":"https:\/\/api.w.org\/{rel}","templated":true}]}}