{"id":1295,"date":"2018-06-13T09:50:37","date_gmt":"2018-06-13T09:50:37","guid":{"rendered":"http:\/\/hubertpietka.bialystok.pl\/?page_id=1295"},"modified":"2018-06-13T10:09:26","modified_gmt":"2018-06-13T10:09:26","slug":"alfabet-hubala","status":"publish","type":"page","link":"https:\/\/hubertpietka.bialystok.pl\/?page_id=1295","title":{"rendered":"Alfa-bet Huba-la-(la) :)"},"content":{"rendered":"<p><em><strong>Alfa-bet Huba-la-(la) \ud83d\ude42<br \/>\n<\/strong><\/em><\/p>\n<p>A jak Amen<br \/>\nB jak B\u00f3g<br \/>\nC jak Ciebie<br \/>\nD jak Dla<\/p>\n<p><em>B\u00f3g dla Ciebie.<\/em><br \/>\n<em> Amen.<\/em><\/p>\n<p>E jak Emanuel<br \/>\nF jak Fiat<br \/>\nG jak Go<br \/>\nH jak Hubal<\/p>\n<p><em>Go Emanuel!<\/em><br \/>\n<em> Fiat Hubal.<\/em><\/p>\n<p>I jak Ichtis<br \/>\nJ jak Jezus<br \/>\nK jak Kairos<br \/>\nL jak Ludzie<\/p>\n<p><em>Jezus (czyli) Ichtis.<\/em><br \/>\n<em> Kairos, Ludzie.<\/em><\/p>\n<p>L jak \u0141aska<br \/>\nM jak Maryja<br \/>\nN jak Nasza<br \/>\nO jak Obrona<\/p>\n<p><em>Obrona nasza (to) Maryja.<\/em><br \/>\n<em> \u0141aska (to).<\/em><\/p>\n<p>P jak Pani<br \/>\nQ jak Queen<br \/>\nR jak Rodzicielka<br \/>\nS jak \u015awi\u0119ta<\/p>\n<p><em>Queen (i) Pani.<\/em><br \/>\n<em> (Bo\u017ca) Rodzicielka \u015awi\u0119ta.<\/em><\/p>\n<p>T jak Twoje<br \/>\nU jak Uczynek<br \/>\nW jak Wiara<br \/>\nZ jak Zbawienie<\/p>\n<p><em>Wiara (i) uczynek.<\/em><br \/>\n<em> (To) twoje zbawienie.<\/em><\/p>\n<p>\u0118 jak w Si\u0119<br \/>\n\u0104 jak w J\u0105<br \/>\nY jak Yes<br \/>\nX jak Ksi\u0105dz<\/p>\n<p><em>(Niech) si\u0119 (ka\u017cde)<\/em><br \/>\n<em> J\u0105 (Maryj\u0119)<\/em><br \/>\n<em> (Przez) Yes (przyjmie).<\/em><br \/>\n<em> Ksi\u0105dz, (po prostu b\u0105d\u017a).<\/em><\/p>\n<p><strong>Mario, ave!<\/strong><br \/>\n<strong> Dla Ciebie alfabet.<\/strong><br \/>\n<strong> A z\u0142o niech zamilknie.<\/strong><br \/>\n<strong> Cicho!<\/strong><\/p>\n<h1 class=\"title style-scope ytd-video-primary-info-renderer\" style=\"text-align: center;\"><em><a href=\"https:\/\/www.youtube.com\/watch?v=yk0X4USMbds\">Maryja \u015aliczna Pani<\/a><\/em><\/h1>\n","protected":false},"excerpt":{"rendered":"<p>Alfa-bet Huba-la-(la) \ud83d\ude42 A jak Amen B jak B\u00f3g C jak Ciebie D jak Dla B\u00f3g dla Ciebie. Amen. E jak Emanuel F jak Fiat&hellip; <\/p>\n","protected":false},"author":1,"featured_media":0,"parent":0,"menu_order":0,"comment_status":"closed","ping_status":"closed","template":"","meta":{"footnotes":""},"class_list":["post-1295","page","type-page","status-publish","hentry"],"_links":{"self":[{"href":"https:\/\/hubertpietka.bialystok.pl\/index.php?rest_route=\/wp\/v2\/pages\/1295","targetHints":{"allow":["GET"]}}],"collection":[{"href":"https:\/\/hubertpietka.bialystok.pl\/index.php?rest_route=\/wp\/v2\/pages"}],"about":[{"href":"https:\/\/hubertpietka.bialystok.pl\/index.php?rest_route=\/wp\/v2\/types\/page"}],"author":[{"embeddable":true,"href":"https:\/\/hubertpietka.bialystok.pl\/index.php?rest_route=\/wp\/v2\/users\/1"}],"replies":[{"embeddable":true,"href":"https:\/\/hubertpietka.bialystok.pl\/index.php?rest_route=%2Fwp%2Fv2%2Fcomments&post=1295"}],"version-history":[{"count":9,"href":"https:\/\/hubertpietka.bialystok.pl\/index.php?rest_route=\/wp\/v2\/pages\/1295\/revisions"}],"predecessor-version":[{"id":1306,"href":"https:\/\/hubertpietka.bialystok.pl\/index.php?rest_route=\/wp\/v2\/pages\/1295\/revisions\/1306"}],"wp:attachment":[{"href":"https:\/\/hubertpietka.bialystok.pl\/index.php?rest_route=%2Fwp%2Fv2%2Fmedia&parent=1295"}],"curies":[{"name":"wp","href":"https:\/\/api.w.org\/{rel}","templated":true}]}}