{"id":1307,"date":"2018-06-13T13:41:17","date_gmt":"2018-06-13T13:41:17","guid":{"rendered":"http:\/\/hubertpietka.bialystok.pl\/?page_id=1307"},"modified":"2018-06-13T13:59:48","modified_gmt":"2018-06-13T13:59:48","slug":"facebook","status":"publish","type":"page","link":"https:\/\/hubertpietka.bialystok.pl\/?page_id=1307","title":{"rendered":"Facebook"},"content":{"rendered":"<p><em><strong>Facebook<\/strong><\/em><\/p>\n<p>Has\u0142o<br \/>\nZbuk<br \/>\nCzy<br \/>\nZ Buk(owna)<br \/>\nKto jest on?<\/p>\n<p>Fejs B\u00f3g<br \/>\nTwarz\u0105 z Bogiem<br \/>\nZ ksi\u0105\u017ck\u0105 w tle<br \/>\nCzy zgni\u0142e jajo<br \/>\nTo jest?<\/p>\n<p>Fejs(zbuk)?<\/p>\n<p>Kazano mi zmieni\u0107 imi\u0119<br \/>\nJa go nie wybiera\u0142em<br \/>\nGdybym to zrobi\u0142<br \/>\nBy\u0142bym k\u0142amc\u0105 podobnie jak oni<\/p>\n<p>Drodzy Przyjaciele z Facebook\u2019a<br \/>\nZrozumie\u0107 musicie m\u00f3j ruch<br \/>\nZawsze Was z sob\u0105 mam<br \/>\nW sercu Maryi Was zamykam<\/p>\n<p>Ci kt\u00f3rzy tego chc\u0105<br \/>\nZa Was odpowiedzialni teraz s\u0105<br \/>\nNa nich to spadnie<br \/>\nBo kazano mi zmieni\u0107 imi\u0119<br \/>\nJakby nie by\u0142o znane.<\/p>\n<h1 class=\"title style-scope ytd-video-primary-info-renderer\" style=\"text-align: center;\"><a href=\"https:\/\/www.youtube.com\/watch?v=FdIid5IJEds\">Maanam &#8211; Nie Poganiaj Mnie<\/a><\/h1>\n<h1 class=\"title style-scope ytd-video-primary-info-renderer\" style=\"text-align: center;\"><a href=\"https:\/\/www.youtube.com\/watch?v=g6fmdMnvtNA\">55. KFPP w Opolu \u2013 Edyta G\u00f3rniak \u2013 Co mi Panie dasz<\/a><\/h1>\n<h1 class=\"title style-scope ytd-video-primary-info-renderer\" style=\"text-align: center;\"><a href=\"https:\/\/www.youtube.com\/watch?v=OcFYKNgWkrY\">Lombard &#8211; Go\u0142\u0119bi puch<\/a><\/h1>\n","protected":false},"excerpt":{"rendered":"<p>Facebook Has\u0142o Zbuk Czy Z Buk(owna) Kto jest on? Fejs B\u00f3g Twarz\u0105 z Bogiem Z ksi\u0105\u017ck\u0105 w tle Czy zgni\u0142e jajo To jest? Fejs(zbuk)? Kazano&hellip; <\/p>\n","protected":false},"author":1,"featured_media":0,"parent":0,"menu_order":0,"comment_status":"closed","ping_status":"closed","template":"","meta":{"footnotes":""},"class_list":["post-1307","page","type-page","status-publish","hentry"],"_links":{"self":[{"href":"https:\/\/hubertpietka.bialystok.pl\/index.php?rest_route=\/wp\/v2\/pages\/1307","targetHints":{"allow":["GET"]}}],"collection":[{"href":"https:\/\/hubertpietka.bialystok.pl\/index.php?rest_route=\/wp\/v2\/pages"}],"about":[{"href":"https:\/\/hubertpietka.bialystok.pl\/index.php?rest_route=\/wp\/v2\/types\/page"}],"author":[{"embeddable":true,"href":"https:\/\/hubertpietka.bialystok.pl\/index.php?rest_route=\/wp\/v2\/users\/1"}],"replies":[{"embeddable":true,"href":"https:\/\/hubertpietka.bialystok.pl\/index.php?rest_route=%2Fwp%2Fv2%2Fcomments&post=1307"}],"version-history":[{"count":4,"href":"https:\/\/hubertpietka.bialystok.pl\/index.php?rest_route=\/wp\/v2\/pages\/1307\/revisions"}],"predecessor-version":[{"id":1312,"href":"https:\/\/hubertpietka.bialystok.pl\/index.php?rest_route=\/wp\/v2\/pages\/1307\/revisions\/1312"}],"wp:attachment":[{"href":"https:\/\/hubertpietka.bialystok.pl\/index.php?rest_route=%2Fwp%2Fv2%2Fmedia&parent=1307"}],"curies":[{"name":"wp","href":"https:\/\/api.w.org\/{rel}","templated":true}]}}