{"id":1313,"date":"2018-06-14T11:39:20","date_gmt":"2018-06-14T11:39:20","guid":{"rendered":"http:\/\/hubertpietka.bialystok.pl\/?page_id=1313"},"modified":"2018-06-14T11:57:43","modified_gmt":"2018-06-14T11:57:43","slug":"psalm-w-obliczu-zagrozenia","status":"publish","type":"page","link":"https:\/\/hubertpietka.bialystok.pl\/?page_id=1313","title":{"rendered":"Psalm \/W obliczu zagro\u017cenia\/"},"content":{"rendered":"<p><em><strong>Psalm \/W obliczu zagro\u017cenia\/<\/strong><\/em><\/p>\n<p>Zachowaj nas Panie<br \/>\nBo chroni\u0119 si\u0119 u Ciebie<br \/>\nZachowaj nas Panie<\/p>\n<p>Nie dozw\u00f3l<br \/>\nBy spotka\u0142o nas z\u0142o<br \/>\nZ pod\u0142ych\u00a0r\u0105k<br \/>\nNie dozw\u00f3l na to<\/p>\n<p>A je\u015bli co\u015b z nami lub naszym si\u0119 stanie<br \/>\nTutaj to zapowiedzia\u0142em<br \/>\nAby by\u0142o wszem i wobec wiadomo<br \/>\n\u017be uczyni\u0105 to kanalie podle<\/p>\n<p>Zachowaj nas i nasze naszych Panie<br \/>\nA je\u015bli uczyni\u0105 z\u0142o<br \/>\nNiech b\u0119dzie ono wiadomym<br \/>\nTutaj zapowiedzia\u0142em\u00a0to<\/p>\n<p>Nie l\u0119kam si\u0119 bo wiem<br \/>\nZe Ty Panie jeste\u015b mocen<br \/>\nUchroni\u0107 nas przed tym<\/p>\n<p>Je\u015bli jednak uczyni\u0105 to<br \/>\nNieprawo\u015bci si\u0119 dopuszcz\u0105<br \/>\nNiech to b\u0119dzie wiadome<br \/>\nTutaj to zapowiedzia\u0142em<\/p>\n<p>Ja jednak ufam Tobie Panie<br \/>\nZe ustrze\u017cesz nas przed nimi<br \/>\nI wybawisz<br \/>\nZ rak wszelkich pod\u0142ych kanalii<\/p>\n<p>Amen<br \/>\nUfam Tobie Panie<br \/>\nNas nasze i naszych<br \/>\nZamykam w sercu Maryi<\/p>\n<h1 class=\"title style-scope ytd-video-primary-info-renderer\"><a href=\"https:\/\/www.youtube.com\/watch?v=azBdrtvKM2g\"><strong><em>Nie l\u0119kajcie si\u0119<\/em><\/strong><\/a><\/h1>\n<h1 class=\"title style-scope ytd-video-primary-info-renderer\"><em><a href=\"https:\/\/www.youtube.com\/watch?v=sJpTcUqYTQM\">Lednica 2000 &#8211; Jan Pawe\u0142 II &#8211; Wyp\u0142y\u0144 Na G\u0142\u0119bi\u0119<\/a><\/em><\/h1>\n<h1 class=\"title style-scope ytd-video-primary-info-renderer\"><em><a href=\"https:\/\/www.youtube.com\/watch?v=p_ICJjYhKLU\">Siewcy Lednicy &#8211; Nie l\u0119kajcie si\u0119<\/a><\/em><\/h1>\n","protected":false},"excerpt":{"rendered":"<p>Psalm \/W obliczu zagro\u017cenia\/ Zachowaj nas Panie Bo chroni\u0119 si\u0119 u Ciebie Zachowaj nas Panie Nie dozw\u00f3l By spotka\u0142o nas z\u0142o Z pod\u0142ych\u00a0r\u0105k Nie dozw\u00f3l&hellip; <\/p>\n","protected":false},"author":1,"featured_media":0,"parent":0,"menu_order":0,"comment_status":"closed","ping_status":"closed","template":"","meta":{"footnotes":""},"class_list":["post-1313","page","type-page","status-publish","hentry"],"_links":{"self":[{"href":"https:\/\/hubertpietka.bialystok.pl\/index.php?rest_route=\/wp\/v2\/pages\/1313","targetHints":{"allow":["GET"]}}],"collection":[{"href":"https:\/\/hubertpietka.bialystok.pl\/index.php?rest_route=\/wp\/v2\/pages"}],"about":[{"href":"https:\/\/hubertpietka.bialystok.pl\/index.php?rest_route=\/wp\/v2\/types\/page"}],"author":[{"embeddable":true,"href":"https:\/\/hubertpietka.bialystok.pl\/index.php?rest_route=\/wp\/v2\/users\/1"}],"replies":[{"embeddable":true,"href":"https:\/\/hubertpietka.bialystok.pl\/index.php?rest_route=%2Fwp%2Fv2%2Fcomments&post=1313"}],"version-history":[{"count":4,"href":"https:\/\/hubertpietka.bialystok.pl\/index.php?rest_route=\/wp\/v2\/pages\/1313\/revisions"}],"predecessor-version":[{"id":1317,"href":"https:\/\/hubertpietka.bialystok.pl\/index.php?rest_route=\/wp\/v2\/pages\/1313\/revisions\/1317"}],"wp:attachment":[{"href":"https:\/\/hubertpietka.bialystok.pl\/index.php?rest_route=%2Fwp%2Fv2%2Fmedia&parent=1313"}],"curies":[{"name":"wp","href":"https:\/\/api.w.org\/{rel}","templated":true}]}}