{"id":1320,"date":"2018-06-15T14:43:49","date_gmt":"2018-06-15T14:43:49","guid":{"rendered":"http:\/\/hubertpietka.bialystok.pl\/?page_id=1320"},"modified":"2018-06-15T14:45:20","modified_gmt":"2018-06-15T14:45:20","slug":"polszczyzna-piekna-mowa-pol-zartempol-serio","status":"publish","type":"page","link":"https:\/\/hubertpietka.bialystok.pl\/?page_id=1320","title":{"rendered":"Polszczyzna pi\u0119kna mow\u0105 (p\u00f3\u0142\u017cartem \/ p\u00f3\u0142serio)"},"content":{"rendered":"<p><strong><em>Polszczyzna pi\u0119kna mow\u0105<\/em><\/strong><br \/>\n<strong><em>(p\u00f3\u0142\u017cartem \/ p\u00f3\u0142serio)<\/em><\/strong><\/p>\n<p>pi\u0119kna jest polszczyzna<br \/>\nwyrazi wszystko<br \/>\nco g\u0142owa wymy\u015bli<br \/>\na serce dozna<\/p>\n<p><em>(p\u00f3\u0142\u017cartem)<\/em><br \/>\nfur-(fur!)-go-on bazyliszka<br \/>\nSp. z oo. Bazyli i licho<br \/>\nma-s(\u0142)onika szuka<br \/>\nprawda ponadczasowa<\/p>\n<p><em>(p\u00f3\u0142serio)<\/em><br \/>\ni tak kocham<br \/>\ncz\u0142owieka ka\u017cdego<br \/>\nlicho jedynie<br \/>\nniech oddzieli si\u0119 od niego<\/p>\n<p>mi\u0142o\u015b\u0107 Boga<br \/>\nzawsze czeka na nawr\u00f3cenie cz\u0142owieka<br \/>\na j\u0119zyk wyrazi\u0107 tylko chce<br \/>\nniesko\u0144czone mi\u0142osierdzie Bo\u017ce<\/p>\n<p><em>Pisano we wspomnienie b\u0142. Jolanty<\/em><br \/>\n<em>&#8211; Matki polszczyzny pi\u0119knej &#8211;<\/em><br \/>\n<em>15 czerwca 2018 r. w Bia\u0142ymstoku.<\/em><\/p>\n","protected":false},"excerpt":{"rendered":"<p>Polszczyzna pi\u0119kna mow\u0105 (p\u00f3\u0142\u017cartem \/ p\u00f3\u0142serio) pi\u0119kna jest polszczyzna wyrazi wszystko co g\u0142owa wymy\u015bli a serce dozna (p\u00f3\u0142\u017cartem) fur-(fur!)-go-on bazyliszka Sp. z oo. Bazyli i&hellip; <\/p>\n","protected":false},"author":1,"featured_media":0,"parent":0,"menu_order":0,"comment_status":"closed","ping_status":"closed","template":"","meta":{"footnotes":""},"class_list":["post-1320","page","type-page","status-publish","hentry"],"_links":{"self":[{"href":"https:\/\/hubertpietka.bialystok.pl\/index.php?rest_route=\/wp\/v2\/pages\/1320","targetHints":{"allow":["GET"]}}],"collection":[{"href":"https:\/\/hubertpietka.bialystok.pl\/index.php?rest_route=\/wp\/v2\/pages"}],"about":[{"href":"https:\/\/hubertpietka.bialystok.pl\/index.php?rest_route=\/wp\/v2\/types\/page"}],"author":[{"embeddable":true,"href":"https:\/\/hubertpietka.bialystok.pl\/index.php?rest_route=\/wp\/v2\/users\/1"}],"replies":[{"embeddable":true,"href":"https:\/\/hubertpietka.bialystok.pl\/index.php?rest_route=%2Fwp%2Fv2%2Fcomments&post=1320"}],"version-history":[{"count":2,"href":"https:\/\/hubertpietka.bialystok.pl\/index.php?rest_route=\/wp\/v2\/pages\/1320\/revisions"}],"predecessor-version":[{"id":1322,"href":"https:\/\/hubertpietka.bialystok.pl\/index.php?rest_route=\/wp\/v2\/pages\/1320\/revisions\/1322"}],"wp:attachment":[{"href":"https:\/\/hubertpietka.bialystok.pl\/index.php?rest_route=%2Fwp%2Fv2%2Fmedia&parent=1320"}],"curies":[{"name":"wp","href":"https:\/\/api.w.org\/{rel}","templated":true}]}}