{"id":1324,"date":"2018-06-19T11:45:56","date_gmt":"2018-06-19T11:45:56","guid":{"rendered":"http:\/\/hubertpietka.bialystok.pl\/?page_id=1324"},"modified":"2018-06-19T11:52:33","modified_gmt":"2018-06-19T11:52:33","slug":"intencjonalnosc-czysta-dobra-a-obluda-zla-podla","status":"publish","type":"page","link":"https:\/\/hubertpietka.bialystok.pl\/?page_id=1324","title":{"rendered":"Intencjonalno\u015b\u0107 czysta dobra \/ a ob\u0142uda z\u0142a pod\u0142a"},"content":{"rendered":"<p><strong>Intencjonalno\u015b\u0107 czysta dobra \/ a ob\u0142uda z\u0142a pod\u0142a<\/strong><\/p>\n<p>1.Dla czystego wszystko takim jest<br \/>\nz serca swego tak on okre\u015bla \u015bwiat<br \/>\nbo kto czyste intencje ma<br \/>\nten dobro czyni naturalnie<\/p>\n<p><em>dobra wola bazuje na czystym podej\u015bciu<\/em><br \/>\n<em>do siebie do brata do ka\u017cdej rzeczy \u015bwiata<\/em><\/p>\n<p>2. Z\u0142e intencje z wol\u0105 z\u0142a si\u0119 splataj\u0105<br \/>\ntak czyni\u0105 czym \u017cyj\u0105 i z\u0142o spe\u0142niaj\u0105<br \/>\nz\u0142e intencje to trucizna serca<br \/>\nkt\u00f3r\u0105 ludzie o z\u0142ej woli chc\u0105 zatru\u0107 \u015bwiata przestrze\u0144<\/p>\n<p><em>z\u0142a wola bazuje na z\u0142ym siebie odniesieniu<\/em><br \/>\n<em>wobec siebie brata i ka\u017cdej rzeczy \u015bwiata<\/em><\/p>\n<p>3. Jednak jest z\u0142o szczeg\u00f3lne<br \/>\nnajbardziej pod\u0142e<br \/>\nto ob\u0142uda z\u0142ych intencji<br \/>\npod p\u0142aszczykiem dobra<\/p>\n<p><em>z\u0142o pod dobra pozorem <\/em><br \/>\n<em>to zepsucie najgorsze woli<\/em><\/p>\n<p>4. Trzeba zawsze wybacza\u0107<br \/>\ntym kt\u00f3rzy w grze z\u0142a niechc\u0105cy wsp\u00f3\u0142uczestnicz\u0105<br \/>\na nad z\u0142ymi tylko modlitwa o ich nawr\u00f3cenie<br \/>\nbo nie wiedz\u0105 co czyni\u0105 pod\u0142e kanalie<\/p>\n<p><em>kocha\u0107 nieprzyjaci\u00f3\u0142<\/em><br \/>\n<em>to wcale nie znaczy<\/em><br \/>\n<em>na z\u0142o biernie patrze\u0107<\/em><\/p>\n<p><img loading=\"lazy\" decoding=\"async\" class=\"JZUAbb\" src=\"https:\/\/lh3.googleusercontent.com\/-UNynprHdabo\/WyjaFOfqQFI\/AAAAAAAAAW4\/IhSN357wQg8l-hTncJuhJQzxzJDyp1vwwCJoC\/w530-h398-n\/IMG_20180618_185753.jpg\" alt=\"Zdj\u0119cie\" width=\"530\" height=\"398\" \/><\/p>\n<p>Na zdj. Lilie &#8211; niewinno\u015bci symbol przy ko\u015bciele Ducha \u015awi\u0119tego w Bia\u0142ymstoku.<\/p>\n","protected":false},"excerpt":{"rendered":"<p>Intencjonalno\u015b\u0107 czysta dobra \/ a ob\u0142uda z\u0142a pod\u0142a 1.Dla czystego wszystko takim jest z serca swego tak on okre\u015bla \u015bwiat bo kto czyste intencje ma&hellip; <\/p>\n","protected":false},"author":1,"featured_media":0,"parent":0,"menu_order":0,"comment_status":"closed","ping_status":"closed","template":"","meta":{"footnotes":""},"class_list":["post-1324","page","type-page","status-publish","hentry"],"_links":{"self":[{"href":"https:\/\/hubertpietka.bialystok.pl\/index.php?rest_route=\/wp\/v2\/pages\/1324","targetHints":{"allow":["GET"]}}],"collection":[{"href":"https:\/\/hubertpietka.bialystok.pl\/index.php?rest_route=\/wp\/v2\/pages"}],"about":[{"href":"https:\/\/hubertpietka.bialystok.pl\/index.php?rest_route=\/wp\/v2\/types\/page"}],"author":[{"embeddable":true,"href":"https:\/\/hubertpietka.bialystok.pl\/index.php?rest_route=\/wp\/v2\/users\/1"}],"replies":[{"embeddable":true,"href":"https:\/\/hubertpietka.bialystok.pl\/index.php?rest_route=%2Fwp%2Fv2%2Fcomments&post=1324"}],"version-history":[{"count":6,"href":"https:\/\/hubertpietka.bialystok.pl\/index.php?rest_route=\/wp\/v2\/pages\/1324\/revisions"}],"predecessor-version":[{"id":1330,"href":"https:\/\/hubertpietka.bialystok.pl\/index.php?rest_route=\/wp\/v2\/pages\/1324\/revisions\/1330"}],"wp:attachment":[{"href":"https:\/\/hubertpietka.bialystok.pl\/index.php?rest_route=%2Fwp%2Fv2%2Fmedia&parent=1324"}],"curies":[{"name":"wp","href":"https:\/\/api.w.org\/{rel}","templated":true}]}}