{"id":1332,"date":"2018-06-19T11:59:42","date_gmt":"2018-06-19T11:59:42","guid":{"rendered":"http:\/\/hubertpietka.bialystok.pl\/?page_id=1332"},"modified":"2018-06-19T12:05:34","modified_gmt":"2018-06-19T12:05:34","slug":"samochodem-podroz-na-mundial-w-rosji","status":"publish","type":"page","link":"https:\/\/hubertpietka.bialystok.pl\/?page_id=1332","title":{"rendered":"Samochodem podr\u00f3\u017c na Mundial w Rosji"},"content":{"rendered":"<p><strong><em>Samochodem podr\u00f3\u017c na Mundial w Rosji<\/em><\/strong><\/p>\n<p><em>Pi\u0119kna impreza sportowa \/ a z\u0142o obok<\/em><br \/>\n<em>\u015bwi\u0119to kibica \/ i ze z\u0142em czyhania na ka\u017cdym kroku droga twoja<\/em><\/p>\n<p>poruszasz si\u0119 samochodem<br \/>\nmafia \u015bledzi Tw\u0105 drog\u0119<br \/>\nna ka\u017cdy b\u0142\u0105d czatuje<br \/>\nwymusi\u0107 go pr\u00f3buje<\/p>\n<p>jedziesz wczoraj na Anglii z Tunezj\u0105 mecz<br \/>\nnawet koszulk\u0119 Anglii masz jako zwyk\u0142y kibic<br \/>\njedziesz jak zwykle sobie by na mecz zd\u0105\u017cy\u0107<br \/>\nlecz zasadzka mafii ju\u017c \u015bwi\u0119ci tryumf sw\u00f3j<\/p>\n<p>poprzez pod\u0142\u0105 ob\u0142ud\u0119<br \/>\npod p\u0142aszczykiem dobra<br \/>\ndopada ci\u0119 mafia kanaliowa<br \/>\nmimo \u017ce wcze\u015bniej nie mog\u0142a<\/p>\n<p>znalaz\u0142a spos\u00f3b<br \/>\nsp\u00f3\u017aniasz si\u0119 na mecz<br \/>\ni spieprzony masz<br \/>\nca\u0142y sw\u00f3j wiecz\u00f3r<\/p>\n<p>\u017ceby \u015bmieszniej by\u0142o<br \/>\nnast\u0119pnego dnia<br \/>\ngra twoja reprezentacja<br \/>\nna co bardzo czekasz<\/p>\n<p>tak dzia\u0142a z\u0142o<br \/>\nniszczy wszelkie dobro<br \/>\ntwoje i innych<br \/>\nkt\u00f3rzy chc\u0105 je czyni\u0107<\/p>\n<p>lecz nie przemo\u017ce mafia<br \/>\ndzisiaj gra twoja reprezentacja<br \/>\nb\u0119dzie dobrze wierzysz w to mocno<br \/>\n\u017ce tam w\u0142a\u015bciwi ludzie na swoich miejscach \ud83d\ude42<\/p>\n<p><em>Epizod ten z\u0142a \/ nie zniszczy rado\u015bci dobra<\/em><br \/>\n<em>mafia dalej zapewne b\u0119dzie si\u0119 podli\u0107 \/ lecz nie przezwyci\u0119\u017cy wsp\u00f3lnej jasnej drogi \ud83d\ude42<\/em><\/p>\n<p style=\"text-align: center;\"><em><strong><a href=\"https:\/\/www.youtube.com\/watch?v=femrzsAWxXs\">Cleo &#8211; \u0141owcy<\/a><\/strong><\/em><\/p>\n","protected":false},"excerpt":{"rendered":"<p>Samochodem podr\u00f3\u017c na Mundial w Rosji Pi\u0119kna impreza sportowa \/ a z\u0142o obok \u015bwi\u0119to kibica \/ i ze z\u0142em czyhania na ka\u017cdym kroku droga twoja&hellip; <\/p>\n","protected":false},"author":1,"featured_media":0,"parent":0,"menu_order":0,"comment_status":"closed","ping_status":"closed","template":"","meta":{"footnotes":""},"class_list":["post-1332","page","type-page","status-publish","hentry"],"_links":{"self":[{"href":"https:\/\/hubertpietka.bialystok.pl\/index.php?rest_route=\/wp\/v2\/pages\/1332","targetHints":{"allow":["GET"]}}],"collection":[{"href":"https:\/\/hubertpietka.bialystok.pl\/index.php?rest_route=\/wp\/v2\/pages"}],"about":[{"href":"https:\/\/hubertpietka.bialystok.pl\/index.php?rest_route=\/wp\/v2\/types\/page"}],"author":[{"embeddable":true,"href":"https:\/\/hubertpietka.bialystok.pl\/index.php?rest_route=\/wp\/v2\/users\/1"}],"replies":[{"embeddable":true,"href":"https:\/\/hubertpietka.bialystok.pl\/index.php?rest_route=%2Fwp%2Fv2%2Fcomments&post=1332"}],"version-history":[{"count":3,"href":"https:\/\/hubertpietka.bialystok.pl\/index.php?rest_route=\/wp\/v2\/pages\/1332\/revisions"}],"predecessor-version":[{"id":1335,"href":"https:\/\/hubertpietka.bialystok.pl\/index.php?rest_route=\/wp\/v2\/pages\/1332\/revisions\/1335"}],"wp:attachment":[{"href":"https:\/\/hubertpietka.bialystok.pl\/index.php?rest_route=%2Fwp%2Fv2%2Fmedia&parent=1332"}],"curies":[{"name":"wp","href":"https:\/\/api.w.org\/{rel}","templated":true}]}}