{"id":1337,"date":"2018-06-21T08:20:27","date_gmt":"2018-06-21T08:20:27","guid":{"rendered":"http:\/\/hubertpietka.bialystok.pl\/?page_id=1337"},"modified":"2018-06-21T08:39:06","modified_gmt":"2018-06-21T08:39:06","slug":"to-co-mam","status":"publish","type":"page","link":"https:\/\/hubertpietka.bialystok.pl\/?page_id=1337","title":{"rendered":"To co mam"},"content":{"rendered":"<p><strong><em>To co mam<\/em><\/strong><\/p>\n<p>to co mam<br \/>\n\u017con\u0119 dzia\u0142k\u0119 psa<br \/>\nmieszkanie samoch\u00f3d i wie\u015b<\/p>\n<p><em>nie prosz\u0119 Ci\u0119 o wi\u0119cej<\/em><br \/>\n<em>ale aby\u015b to utwierdzi\u0142<\/em><\/p>\n<p>to co mam<br \/>\nrodzin\u0119 kilku przyjaci\u00f3\u0142<br \/>\nbliskich i dalszych znajomych<\/p>\n<p><em>nie prosz\u0119 Ci\u0119 o wi\u0119cej<\/em><br \/>\n<em>ale \u017ceby\u015b zachowa\u0142 tych kt\u00f3rych mi da\u0142e\u015b<\/em><\/p>\n<p>to co mam<br \/>\npi\u0142k\u0119 muzyk\u0119 gitar\u0119<br \/>\nwierszy par\u0119<\/p>\n<p><em>nie prosz\u0119 Ci\u0119 o wszystko<\/em><br \/>\n<em>ale \u017ceby\u015b mi w tym pozwoli\u0142 wytrwa\u0107<\/em><\/p>\n<p>to co mam<br \/>\nCiebie modlitw\u0119 i Ko\u015bci\u00f3\u0142<br \/>\nPismo \u015awi\u0119te i troch\u0119 smutk\u00f3w rado\u015bci<\/p>\n<p><em>nie prosz\u0119 Ci\u0119 o wiele<\/em><br \/>\n<em>ale \u017cebym wytrwa\u0142 z Tob\u0105 w Tobie<\/em><\/p>\n<p>to co mam<br \/>\ns\u0142\u00f3w par\u0119 troch\u0119 zdj\u0119\u0107<br \/>\nmy\u015bli swe r\u00f3\u017cne pie\u015bni i sny<\/p>\n<p><em>nie prosz\u0119 Ci\u0119 o nadzwyczajno\u015b\u0107<\/em><br \/>\n<em>ale \u017ceby\u015b zachowa\u0142 mnie w ca\u0142o\u015bci<\/em><\/p>\n<p>to co mam<br \/>\nwszystko jest Twoje<br \/>\nTobie to powierzam i oddaj\u0119<\/p>\n<p><em>nie prosz\u0119 Ci\u0119 o cokolwiek<\/em><br \/>\n<em>co niezgodne jest z wol\u0105 Twoj\u0105<\/em><\/p>\n<p>to co mam<br \/>\nMaryi te\u017c oddam<br \/>\nbo w Niej ca\u0142y Tw\u00f3j jestem<\/p>\n<p><em>nie prosz\u0119 Ci\u0119 o nic<\/em><br \/>\n<em>co by si\u0119 Tobie przeciwstawia\u0142o<\/em><\/p>\n<p>&#8211; w jakikolwiek spos\u00f3b<br \/>\nmnie od Ciebie oddala\u0142o<br \/>\n<em>Fiat Voluntas Tua &#8211; Amen.<\/em><\/p>\n<h1 class=\"title style-scope ytd-video-primary-info-renderer\" style=\"text-align: center;\"><em><a href=\"https:\/\/www.youtube.com\/watch?v=aWFtbV4HBBo\">Kasia Kowalska &#8211; A To Co Mam<\/a><\/em><\/h1>\n<h1 class=\"title style-scope ytd-video-primary-info-renderer\" style=\"text-align: center;\"><em><a href=\"https:\/\/www.youtube.com\/watch?v=vxMY3sdkGQc\">Edyta G\u00f3rniak &#8211; To nie ja<\/a><\/em><\/h1>\n<h1 class=\"title style-scope ytd-video-primary-info-renderer\" style=\"text-align: center;\"><em><a href=\"https:\/\/www.youtube.com\/watch?v=W9lo7RnyFos\">D\u017cem &#8211; Paw<\/a><\/em><\/h1>\n","protected":false},"excerpt":{"rendered":"<p>To co mam to co mam \u017con\u0119 dzia\u0142k\u0119 psa mieszkanie samoch\u00f3d i wie\u015b nie prosz\u0119 Ci\u0119 o wi\u0119cej ale aby\u015b to utwierdzi\u0142 to co mam&hellip; <\/p>\n","protected":false},"author":1,"featured_media":0,"parent":0,"menu_order":0,"comment_status":"closed","ping_status":"closed","template":"","meta":{"footnotes":""},"class_list":["post-1337","page","type-page","status-publish","hentry"],"_links":{"self":[{"href":"https:\/\/hubertpietka.bialystok.pl\/index.php?rest_route=\/wp\/v2\/pages\/1337","targetHints":{"allow":["GET"]}}],"collection":[{"href":"https:\/\/hubertpietka.bialystok.pl\/index.php?rest_route=\/wp\/v2\/pages"}],"about":[{"href":"https:\/\/hubertpietka.bialystok.pl\/index.php?rest_route=\/wp\/v2\/types\/page"}],"author":[{"embeddable":true,"href":"https:\/\/hubertpietka.bialystok.pl\/index.php?rest_route=\/wp\/v2\/users\/1"}],"replies":[{"embeddable":true,"href":"https:\/\/hubertpietka.bialystok.pl\/index.php?rest_route=%2Fwp%2Fv2%2Fcomments&post=1337"}],"version-history":[{"count":5,"href":"https:\/\/hubertpietka.bialystok.pl\/index.php?rest_route=\/wp\/v2\/pages\/1337\/revisions"}],"predecessor-version":[{"id":1342,"href":"https:\/\/hubertpietka.bialystok.pl\/index.php?rest_route=\/wp\/v2\/pages\/1337\/revisions\/1342"}],"wp:attachment":[{"href":"https:\/\/hubertpietka.bialystok.pl\/index.php?rest_route=%2Fwp%2Fv2%2Fmedia&parent=1337"}],"curies":[{"name":"wp","href":"https:\/\/api.w.org\/{rel}","templated":true}]}}