{"id":1344,"date":"2018-06-21T09:08:29","date_gmt":"2018-06-21T09:08:29","guid":{"rendered":"http:\/\/hubertpietka.bialystok.pl\/?page_id=1344"},"modified":"2018-06-21T09:40:48","modified_gmt":"2018-06-21T09:40:48","slug":"milosierdzia-bozego-oaza-a-nienawisc-diabla","status":"publish","type":"page","link":"https:\/\/hubertpietka.bialystok.pl\/?page_id=1344","title":{"rendered":"Mi\u0142osierdzia Bo\u017cego Oaza \/ a nienawi\u015b\u0107 diab\u0142a"},"content":{"rendered":"<p><strong><em>Mi\u0142osierdzia Bo\u017cego Oaza \/ a nienawi\u015b\u0107 diab\u0142a<\/em><\/strong><\/p>\n<p>nie poddawajcie si\u0119<br \/>\njakiejkolwiek nienawi\u015bci \/ nie \/<br \/>\nona niczego nie zbuduje<br \/>\nona niszczy wszystko na swej drodze<br \/>\njest najwi\u0119ksz\u0105 kl\u0119sk\u0105 cz\u0142owieka<br \/>\ni oszustwem szatana najstraszniejszym<\/p>\n<p>diabe\u0142 jest ojcem k\u0142amstwa<br \/>\ni nienawi\u015bci wszelkiej<br \/>\nkt\u00f3rzy tak post\u0119puj\u0105<br \/>\ns\u0105 niestety jego dzie\u0107mi<br \/>\nnie chciejcie mie\u0107<br \/>\ncokolwiek wsp\u00f3lnego z nim<\/p>\n<p>B\u00f3g jest Ojcem dobra<br \/>\nkto z Boga &#8211; w mi\u0142o\u015bci trwa<br \/>\nzbli\u017ca si\u0119 do \u015bwiat\u0142a<br \/>\naby znano jego uczynki<br \/>\nwynikaj\u0105ce z Bo\u017cej mocy<br \/>\ni w mi\u0142osierdziu Bo\u017cym zakorzenione<\/p>\n<p>trwajcie w mi\u0142o\u015bci<br \/>\nw pokoju i rado\u015bci<br \/>\nw ufno\u015bci wobec Bo\u017cej mi\u0142o\u015bci<br \/>\ntylko tak mo\u017cna<br \/>\nzbudowa\u0107 nowy lepszy \u015bwiat<br \/>\nbardziej sprawiedliwy \/ i<\/p>\n<p>&#8211; o\u017cywiaj\u0105cy wszelk\u0105 pustyni\u0119<br \/>\nz sokami \u017cycia wiecznie p\u0142yn\u0105cymi<br \/>\n\/ Mi\u0142osierdzia Bo\u017cego Oaz\u0119 \/<\/p>\n<h1 class=\"title style-scope ytd-video-primary-info-renderer\"><a href=\"https:\/\/www.youtube.com\/watch?v=ItKxVNUFKYI\"><em>Krzysztof Kilja\u0144ski &amp; Kayah &#8211; Pr\u00f3cz ciebie nic<\/em><\/a><\/h1>\n<h1 class=\"title style-scope ytd-video-primary-info-renderer\"><a href=\"https:\/\/www.youtube.com\/watch?v=WyBcLh-fF_8\"><em>Zbigniew Wodecki &#8211; Lubi\u0119 wraca\u0107 tam gdzie by\u0142em<\/em><\/a><\/h1>\n<h1 class=\"title style-scope ytd-video-primary-info-renderer\"><em><a href=\"https:\/\/www.youtube.com\/watch?v=CCJH_3B_Noc\">Odkryjemy mi\u0142o\u015b\u0107 nieznan\u0105 &#8211; benefis Alicji Majewskiej i W\u0142odzimierza Korcza<\/a><\/em><\/h1>\n<p>\ud83d\ude42<\/p>\n<h1 class=\"title style-scope ytd-video-primary-info-renderer\"><em><a href=\"https:\/\/www.youtube.com\/watch?v=Q1NipppqA4Y\">Lady Pank &#8211; 7-me Niebo Nienawi\u015bci<\/a><\/em><\/h1>\n<h1 class=\"title style-scope ytd-video-primary-info-renderer\"><em><a href=\"https:\/\/www.youtube.com\/watch?v=eOOiZLqYseY\">Ich Troje &#8211; Nienawi\u015b\u0107<\/a><\/em><\/h1>\n<h1 class=\"title style-scope ytd-video-primary-info-renderer\"><a href=\"https:\/\/www.youtube.com\/watch?v=PWfOWrJekro\"><em>D\u017cem &#8211; Uwierz Mirando<\/em><\/a><\/h1>\n","protected":false},"excerpt":{"rendered":"<p>Mi\u0142osierdzia Bo\u017cego Oaza \/ a nienawi\u015b\u0107 diab\u0142a nie poddawajcie si\u0119 jakiejkolwiek nienawi\u015bci \/ nie \/ ona niczego nie zbuduje ona niszczy wszystko na swej drodze&hellip; <\/p>\n","protected":false},"author":1,"featured_media":0,"parent":0,"menu_order":0,"comment_status":"closed","ping_status":"closed","template":"","meta":{"footnotes":""},"class_list":["post-1344","page","type-page","status-publish","hentry"],"_links":{"self":[{"href":"https:\/\/hubertpietka.bialystok.pl\/index.php?rest_route=\/wp\/v2\/pages\/1344","targetHints":{"allow":["GET"]}}],"collection":[{"href":"https:\/\/hubertpietka.bialystok.pl\/index.php?rest_route=\/wp\/v2\/pages"}],"about":[{"href":"https:\/\/hubertpietka.bialystok.pl\/index.php?rest_route=\/wp\/v2\/types\/page"}],"author":[{"embeddable":true,"href":"https:\/\/hubertpietka.bialystok.pl\/index.php?rest_route=\/wp\/v2\/users\/1"}],"replies":[{"embeddable":true,"href":"https:\/\/hubertpietka.bialystok.pl\/index.php?rest_route=%2Fwp%2Fv2%2Fcomments&post=1344"}],"version-history":[{"count":4,"href":"https:\/\/hubertpietka.bialystok.pl\/index.php?rest_route=\/wp\/v2\/pages\/1344\/revisions"}],"predecessor-version":[{"id":1348,"href":"https:\/\/hubertpietka.bialystok.pl\/index.php?rest_route=\/wp\/v2\/pages\/1344\/revisions\/1348"}],"wp:attachment":[{"href":"https:\/\/hubertpietka.bialystok.pl\/index.php?rest_route=%2Fwp%2Fv2%2Fmedia&parent=1344"}],"curies":[{"name":"wp","href":"https:\/\/api.w.org\/{rel}","templated":true}]}}