{"id":1359,"date":"2018-06-24T12:36:51","date_gmt":"2018-06-24T12:36:51","guid":{"rendered":"http:\/\/hubertpietka.bialystok.pl\/?page_id=1359"},"modified":"2018-06-24T13:31:21","modified_gmt":"2018-06-24T13:31:21","slug":"zlo-totalne-a-dobro-niezmienne","status":"publish","type":"page","link":"https:\/\/hubertpietka.bialystok.pl\/?page_id=1359","title":{"rendered":"Z\u0142o totalne \/ a dobro niezmienne"},"content":{"rendered":"<p><strong><em>Z\u0142o totalne \/ a dobro niezmienne<\/em><\/strong><\/p>\n<p><strong>I<\/strong><br \/>\n\u015bmier\u0107 przeciwna jest \u017cyciu<br \/>\n<em>(-) \u2260 (+)<\/em><\/p>\n<p>rozwi\u0105z\u0142o\u015b\u0107 to nie czysto\u015b\u0107<br \/>\n<em>(-) \u2260 (+)<\/em><\/p>\n<p>nienawi\u015b\u0107 to nie mi\u0142o\u015b\u0107<br \/>\n<em>(-) \u2260 (+)<\/em><\/p>\n<p>k\u0142amstwo to nie jest prawda<br \/>\n<em>(-) \u2260 (+)<\/em><\/p>\n<p><strong>II<\/strong><br \/>\n\u015bmier\u0107 rozwi\u0105z\u0142o\u015b\u0107 k\u0142amstwo i nienawi\u015b\u0107<br \/>\npoczw\u00f3rne z\u0142o totalne<br \/>\nprzeciwstawia si\u0119 z gruntu moralnie<br \/>\n\u017cyciu dobru mi\u0142o\u015bci czysto\u015bci i prawdzie<\/p>\n<p>bo<br \/>\ndobro to nie z\u0142o<br \/>\n<strong><em><u>(+) \u2260 (-)<\/u><\/em><\/strong><\/p>\n<p>relatywizm spustoszenie sieje ju\u017c<br \/>\nwobec wielu ludzkich dusz<br \/>\n\u015bwiat musi otrz\u0105sn\u0105\u0107 si\u0119<br \/>\nje\u015bli \u017cy\u0107 lepiej chce<\/p>\n<p><strong>III<\/strong><br \/>\nszatan przeciwko Bogu<br \/>\n<em>(-) \u2260 (+)<\/em><\/p>\n<p>szatan przeciwko cz\u0142owiekowi<br \/>\n<em>(-) \u2260 (+)<\/em><\/p>\n<p>podw\u00f3jne zaprzeczenie<br \/>\nliczby 4<br \/>\n<em>(-4)&gt;&lt;2\u00d7(+4)<\/em><br \/>\n<em>2\u00d7\/+4\/=\/+44\/<\/em><\/p>\n<p>je\u015bli \u015bwiat si\u0119 nie nawr\u00f3ci<br \/>\nto z\u0142o czyli \u015bmier\u0107<br \/>\nnienawi\u015b\u0107 nieczysto\u015b\u0107 i k\u0142amstwo<br \/>\nprzezwyci\u0119\u017cy\u0107 cz\u0142owieka mo\u017ce<\/p>\n<p><em>(-4)&gt;(4+); lecz<\/em><br \/>\n<em>(-4) = f; wi\u0119c<\/em><br \/>\n<em>0 &lt; p; bo<\/em><br \/>\n<em>f \u2260 p<\/em><\/p>\n<p>nie dopu\u015b\u0107my do tego<br \/>\nby dobro prawda mi\u0142o\u015b\u0107 i czysto\u015b\u0107<br \/>\n\u015bwi\u0119to\u015b\u0107 \u017cycia<br \/>\nposz\u0142y na banicj\u0119<\/p>\n<p><em>(+4)&gt;(-); wi\u0119c<\/em><br \/>\n<em>(+4) = p; dlatego te\u017c<\/em><br \/>\n<em>p = p; a<\/em><br \/>\n<em>f = f<\/em><\/p>\n<p><strong><em><u>a 4 to liczba cz\u0142owieka<\/u><\/em><\/strong><\/p>\n<p><strong>IV<\/strong><br \/>\n4 przeciwko 44<br \/>\n4&gt;&lt;44<br \/>\nsam wybierasz<br \/>\nco w twoim \u017cyciu chcesz<br \/>\nwcielone z\u0142o czy Bo\u017ce dobro<\/p>\n<p>lecz<br \/>\n&#8211; 4<br \/>\ni tak nie przezwyci\u0119\u017cy<br \/>\n+44<\/p>\n<p>bo to jest ze sob\u0105 razem<br \/>\nB\u00f3g i cz\u0142owiek<\/p>\n<p><em>(-4)&lt;(+44)<\/em><br \/>\n<strong><em><u>44!<\/u><\/em><\/strong><\/p>\n<p style=\"text-align: center;\"><em>Pisano w \u015bwi\u0119to Narodzin Jana Chrzciciela &#8211; 24 czerwca 2018 r. w Bia\u0142ymstoku.<\/em><\/p>\n<h1 class=\"title style-scope ytd-video-primary-info-renderer\" style=\"text-align: center;\"><em><a href=\"https:\/\/www.youtube.com\/watch?v=TULL1OyP4X0\">Edyta Geppert &#8211; Jaka r\u00f3\u017ca taki cier\u0144<\/a><\/em><\/h1>\n<h1 class=\"title style-scope ytd-video-primary-info-renderer\" style=\"text-align: center;\"><em><a href=\"https:\/\/www.youtube.com\/watch?v=SO2OYloTVxs\">Joanna Kulig &#8211; Uciekali (musical Metro) &#8211; Szansa na Sukces 2001<\/a><\/em><\/h1>\n<h1 class=\"title style-scope ytd-video-primary-info-renderer\" style=\"text-align: center;\"><a href=\"https:\/\/www.youtube.com\/watch?v=4wRIUtyzr04\"><em>Metro &#8211; Szyba (Katarzyna Groniec)<\/em><\/a><\/h1>\n<h1 class=\"title style-scope ytd-video-primary-info-renderer\" style=\"text-align: center;\"><a href=\"https:\/\/www.youtube.com\/watch?v=HeyX1H3HTVQ\"><em>K. Pro\u0144ko &#8211; Jeste\u015b Lekiem Na Cale Z\u0142o<\/em><\/a><\/h1>\n","protected":false},"excerpt":{"rendered":"<p>Z\u0142o totalne \/ a dobro niezmienne I \u015bmier\u0107 przeciwna jest \u017cyciu (-) \u2260 (+) rozwi\u0105z\u0142o\u015b\u0107 to nie czysto\u015b\u0107 (-) \u2260 (+) nienawi\u015b\u0107 to nie mi\u0142o\u015b\u0107&hellip; <\/p>\n","protected":false},"author":1,"featured_media":0,"parent":0,"menu_order":0,"comment_status":"closed","ping_status":"closed","template":"","meta":{"footnotes":""},"class_list":["post-1359","page","type-page","status-publish","hentry"],"_links":{"self":[{"href":"https:\/\/hubertpietka.bialystok.pl\/index.php?rest_route=\/wp\/v2\/pages\/1359","targetHints":{"allow":["GET"]}}],"collection":[{"href":"https:\/\/hubertpietka.bialystok.pl\/index.php?rest_route=\/wp\/v2\/pages"}],"about":[{"href":"https:\/\/hubertpietka.bialystok.pl\/index.php?rest_route=\/wp\/v2\/types\/page"}],"author":[{"embeddable":true,"href":"https:\/\/hubertpietka.bialystok.pl\/index.php?rest_route=\/wp\/v2\/users\/1"}],"replies":[{"embeddable":true,"href":"https:\/\/hubertpietka.bialystok.pl\/index.php?rest_route=%2Fwp%2Fv2%2Fcomments&post=1359"}],"version-history":[{"count":6,"href":"https:\/\/hubertpietka.bialystok.pl\/index.php?rest_route=\/wp\/v2\/pages\/1359\/revisions"}],"predecessor-version":[{"id":1365,"href":"https:\/\/hubertpietka.bialystok.pl\/index.php?rest_route=\/wp\/v2\/pages\/1359\/revisions\/1365"}],"wp:attachment":[{"href":"https:\/\/hubertpietka.bialystok.pl\/index.php?rest_route=%2Fwp%2Fv2%2Fmedia&parent=1359"}],"curies":[{"name":"wp","href":"https:\/\/api.w.org\/{rel}","templated":true}]}}