{"id":1367,"date":"2018-06-25T15:51:50","date_gmt":"2018-06-25T15:51:50","guid":{"rendered":"http:\/\/hubertpietka.bialystok.pl\/?page_id=1367"},"modified":"2018-06-25T15:51:50","modified_gmt":"2018-06-25T15:51:50","slug":"narodowe-rekolekcje-wielkie-i-swiete","status":"publish","type":"page","link":"https:\/\/hubertpietka.bialystok.pl\/?page_id=1367","title":{"rendered":"Narodowe rekolekcje \u2013 wielkie i \u015bwi\u0119te"},"content":{"rendered":"<p><strong><em>Narodowe rekolekcje \u2013 wielkie i \u015bwi\u0119te<\/em><\/strong><\/p>\n<p><strong>I<\/strong><br \/>\nnar\u00f3d polski t\u0105 \u0142ask\u0119 ma<br \/>\n\u017ce B\u00f3g go ukocha\u0142<br \/>\na z nim Maryja<\/p>\n<p>je\u015bli tylko g\u0142osowi Bo\u017cemu<br \/>\nb\u0119dzie pos\u0142uszny<br \/>\nB\u00f3g go wywy\u017cszy<\/p>\n<p>je\u015bli si\u0119 nawr\u00f3ci<br \/>\nzwyci\u0119\u017cy wszystkie przeciwno\u015bci<br \/>\nroz\u0142amy w\u0105tpliwo\u015bci i trudno\u015bci<\/p>\n<p><strong>II<\/strong><br \/>\nod odzyskania pe\u0142ni niepodleg\u0142o\u015bci<br \/>\nnar\u00f3d prze\u017cywa\u0142 momenty \u015bwi\u0119te<br \/>\nw swej bytno\u015bci<\/p>\n<p>Solidarno\u015b\u0107 spowodowa\u0142a<br \/>\n\u017ce ludzie zrozumieli<br \/>\nna czym wsp\u00f3lno\u015b\u0107 ludzka polega<\/p>\n<p>potem Wielki Jubileusz 2000 r.<br \/>\nwcze\u015bniej Jana Paw\u0142a II bierzmowanie Polski<br \/>\nwreszcie \u015bmier\u0107 Wielkiego Papie\u017ca rodaka<\/p>\n<p><strong>III<\/strong><br \/>\nco kilka lat Polska<br \/>\nwielkie i \u015bwi\u0119te rekolekcje ma<br \/>\nwa\u017cne by z nich dobre wnioski wyci\u0105ga\u0142a<\/p>\n<p>id\u0105c dalej jeszcze<br \/>\npo roku 2005 rok 2010<br \/>\ni katastrofa smole\u0144ska<\/p>\n<p>ponownie zjednoczy\u0142a si\u0119 Polska<br \/>\nwreszcie \u015awiatowe Dni M\u0142odzie\u017cy<br \/>\nprzyjazd papie\u017ca Franciszka i rado\u015b\u0107 m\u0142odych w Krakowie<\/p>\n<p><strong>IV<\/strong><br \/>\nco kilka lat<br \/>\nPolska narodowe rekolekcje ma<br \/>\noby ten czas dobrze prze\u017cywa\u0142a<\/p>\n<p>od ka\u017cdego Polaka zale\u017cy<br \/>\nco on z \u0142ask\u0105 Bo\u017c\u0105 zrobi<br \/>\nprzyjmie czy odrzuci<\/p>\n<p>je\u015bli ka\u017cdy w pokorze<br \/>\nsk\u0142oni si\u0119 wobec mocy i pot\u0119gi dobroci Bo\u017cej<br \/>\nPolska b\u0119dzie od z\u0142a zbawiona<\/p>\n<p><strong>V<\/strong><br \/>\na zwyci\u0119stwo to<br \/>\nb\u0119dzie za Maryi przyczyn\u0105<br \/>\nkt\u00f3ra jest przecie\u017c Boga najbli\u017cej<\/p>\n<p>a dzieci swe bardzo kocha<br \/>\ni zale\u017cy Jej na ich dobru bardzo<br \/>\nje\u015bli tylko te wobec Boga uni\u017c\u0105 si\u0119<\/p>\n<p>oby Polacy przyj\u0119li t\u0119 \u0142ask\u0119<br \/>\ni dobrze odczytali na czym polega fenomen<br \/>\nich bytu jako narodu i Polski konsekwencji dziejowej<\/p>\n<p><em>Pisano w \u015bw. Adalberta \u2013 25 czerwca 2018 r. w Bia\u0142ymstoku<\/em><\/p>\n","protected":false},"excerpt":{"rendered":"<p>Narodowe rekolekcje \u2013 wielkie i \u015bwi\u0119te I nar\u00f3d polski t\u0105 \u0142ask\u0119 ma \u017ce B\u00f3g go ukocha\u0142 a z nim Maryja je\u015bli tylko g\u0142osowi Bo\u017cemu b\u0119dzie&hellip; <\/p>\n","protected":false},"author":1,"featured_media":0,"parent":0,"menu_order":0,"comment_status":"closed","ping_status":"closed","template":"","meta":{"footnotes":""},"class_list":["post-1367","page","type-page","status-publish","hentry"],"_links":{"self":[{"href":"https:\/\/hubertpietka.bialystok.pl\/index.php?rest_route=\/wp\/v2\/pages\/1367","targetHints":{"allow":["GET"]}}],"collection":[{"href":"https:\/\/hubertpietka.bialystok.pl\/index.php?rest_route=\/wp\/v2\/pages"}],"about":[{"href":"https:\/\/hubertpietka.bialystok.pl\/index.php?rest_route=\/wp\/v2\/types\/page"}],"author":[{"embeddable":true,"href":"https:\/\/hubertpietka.bialystok.pl\/index.php?rest_route=\/wp\/v2\/users\/1"}],"replies":[{"embeddable":true,"href":"https:\/\/hubertpietka.bialystok.pl\/index.php?rest_route=%2Fwp%2Fv2%2Fcomments&post=1367"}],"version-history":[{"count":1,"href":"https:\/\/hubertpietka.bialystok.pl\/index.php?rest_route=\/wp\/v2\/pages\/1367\/revisions"}],"predecessor-version":[{"id":1368,"href":"https:\/\/hubertpietka.bialystok.pl\/index.php?rest_route=\/wp\/v2\/pages\/1367\/revisions\/1368"}],"wp:attachment":[{"href":"https:\/\/hubertpietka.bialystok.pl\/index.php?rest_route=%2Fwp%2Fv2%2Fmedia&parent=1367"}],"curies":[{"name":"wp","href":"https:\/\/api.w.org\/{rel}","templated":true}]}}