{"id":1370,"date":"2018-06-25T21:31:02","date_gmt":"2018-06-25T21:31:02","guid":{"rendered":"http:\/\/hubertpietka.bialystok.pl\/?page_id=1370"},"modified":"2018-06-25T21:36:23","modified_gmt":"2018-06-25T21:36:23","slug":"slonca-wschody-i-zachody-znaki-obecnosci-bozej","status":"publish","type":"page","link":"https:\/\/hubertpietka.bialystok.pl\/?page_id=1370","title":{"rendered":"S\u0142o\u0144ca wschody i zachody &#8211; znaki obecno\u015bci Bo\u017cej"},"content":{"rendered":"<p><em><strong>S\u0142o\u0144ca wschody i zachody &#8211; znaki obecno\u015bci Bo\u017cej<\/strong> <\/em><\/p>\n<p>Co wschody i zachody s\u0142o\u0144ca maj\u0105<br \/>\n\u017be Boga przypominaj\u0105<\/p>\n<p>Co takiego maj\u0105<br \/>\n\u017be uczucia pi\u0119kne oddaj\u0105<\/p>\n<p>Co maj\u0105<br \/>\n\u017be dobre postawy w nas poruszaj\u0105<\/p>\n<p>Co w nich jest<br \/>\n\u017be mo\u017cna w nich odnale\u017a\u0107 serce swe<\/p>\n<p>Dlaczego utwierdzaj\u0105<br \/>\nWarto\u015bci nieprzemijaj\u0105ce<\/p>\n<p>Co takiego w sobie maj\u0105<br \/>\nZe zawsze zaskakuj\u0105<\/p>\n<p>Cho\u0107 podobne<br \/>\nKa\u017cde inne<\/p>\n<p>Jak B\u00f3g zadziwiaj\u0105ce<br \/>\nJak cz\u0142owiek oczekuj\u0105ce<\/p>\n<p>Nieustannie si\u0119 odnawiaj\u0105ce<br \/>\nNadziej\u0119 nios\u0105ce<\/p>\n<p><em>Na zdj. Zachodz\u0105ce s\u0142o\u0144ce przy sanktuarium &#8211; Mi\u0142osierdzie Bo\u017ce.<\/em><\/p>\n<p><img loading=\"lazy\" decoding=\"async\" class=\"JZUAbb\" src=\"https:\/\/lh3.googleusercontent.com\/-_f6Sz4UZfg8\/WzFX91qC-kI\/AAAAAAAAA18\/poBkP-eEpF8jhVNB8f4eai0aJs2gk3MeQCJoC\/w530-h398-n\/IMG_20180625_201829.jpg\" alt=\"Zdj\u0119cie\" width=\"530\" height=\"398\" \/><\/p>\n","protected":false},"excerpt":{"rendered":"<p>S\u0142o\u0144ca wschody i zachody &#8211; znaki obecno\u015bci Bo\u017cej Co wschody i zachody s\u0142o\u0144ca maj\u0105 \u017be Boga przypominaj\u0105 Co takiego maj\u0105 \u017be uczucia pi\u0119kne oddaj\u0105 Co&hellip; <\/p>\n","protected":false},"author":1,"featured_media":0,"parent":0,"menu_order":0,"comment_status":"closed","ping_status":"closed","template":"","meta":{"footnotes":""},"class_list":["post-1370","page","type-page","status-publish","hentry"],"_links":{"self":[{"href":"https:\/\/hubertpietka.bialystok.pl\/index.php?rest_route=\/wp\/v2\/pages\/1370","targetHints":{"allow":["GET"]}}],"collection":[{"href":"https:\/\/hubertpietka.bialystok.pl\/index.php?rest_route=\/wp\/v2\/pages"}],"about":[{"href":"https:\/\/hubertpietka.bialystok.pl\/index.php?rest_route=\/wp\/v2\/types\/page"}],"author":[{"embeddable":true,"href":"https:\/\/hubertpietka.bialystok.pl\/index.php?rest_route=\/wp\/v2\/users\/1"}],"replies":[{"embeddable":true,"href":"https:\/\/hubertpietka.bialystok.pl\/index.php?rest_route=%2Fwp%2Fv2%2Fcomments&post=1370"}],"version-history":[{"count":4,"href":"https:\/\/hubertpietka.bialystok.pl\/index.php?rest_route=\/wp\/v2\/pages\/1370\/revisions"}],"predecessor-version":[{"id":1375,"href":"https:\/\/hubertpietka.bialystok.pl\/index.php?rest_route=\/wp\/v2\/pages\/1370\/revisions\/1375"}],"wp:attachment":[{"href":"https:\/\/hubertpietka.bialystok.pl\/index.php?rest_route=%2Fwp%2Fv2%2Fmedia&parent=1370"}],"curies":[{"name":"wp","href":"https:\/\/api.w.org\/{rel}","templated":true}]}}