{"id":1376,"date":"2018-06-27T21:35:13","date_gmt":"2018-06-27T21:35:13","guid":{"rendered":"http:\/\/hubertpietka.bialystok.pl\/?page_id=1376"},"modified":"2018-06-27T21:35:13","modified_gmt":"2018-06-27T21:35:13","slug":"walka-smiertelna","status":"publish","type":"page","link":"https:\/\/hubertpietka.bialystok.pl\/?page_id=1376","title":{"rendered":"Walka \u015bmiertelna"},"content":{"rendered":"<p><strong><em>Walka \u015bmiertelna<\/em><\/strong><\/p>\n<p>walka \u015bmiertelna<br \/>\njest tylko jedna<br \/>\nz szatanem<br \/>\nna \u015bmier\u0107 i \u017cycie<\/p>\n<p>chocia\u017c jeste\u015b jak Dawid<br \/>\nwalcz\u0105cy z Goliatem<br \/>\nto nie ty<br \/>\nlecz B\u00f3g za ciebie walczy<\/p>\n<p>czasem wydawa\u0107 si\u0119 mo\u017ce<br \/>\n\u017ce z\u0142o przemo\u017ce<br \/>\nale nie stanie si\u0119 tak<br \/>\nje\u015bli w Bogu masz utkwiony sw\u00f3j wzrok<\/p>\n<p>jedna jest walka \u015bmiertelna<br \/>\nz tym kt\u00f3ry na zatracenie<br \/>\ntwej duszy czeka<br \/>\ni chce ci\u0119 pogr\u0105\u017cy\u0107 w odm\u0119tach piek\u0142a<\/p>\n<p>lecz i tego ba\u0107 si\u0119 nie trzeba<br \/>\nlecz walczy\u0107 Bo\u017cym or\u0119\u017cem<br \/>\nmodlitw\u0105 i dobrem<br \/>\nw imi\u0119 nieba<\/p>\n","protected":false},"excerpt":{"rendered":"<p>Walka \u015bmiertelna walka \u015bmiertelna jest tylko jedna z szatanem na \u015bmier\u0107 i \u017cycie chocia\u017c jeste\u015b jak Dawid walcz\u0105cy z Goliatem to nie ty lecz B\u00f3g&hellip; <\/p>\n","protected":false},"author":1,"featured_media":0,"parent":0,"menu_order":0,"comment_status":"closed","ping_status":"closed","template":"","meta":{"footnotes":""},"class_list":["post-1376","page","type-page","status-publish","hentry"],"_links":{"self":[{"href":"https:\/\/hubertpietka.bialystok.pl\/index.php?rest_route=\/wp\/v2\/pages\/1376","targetHints":{"allow":["GET"]}}],"collection":[{"href":"https:\/\/hubertpietka.bialystok.pl\/index.php?rest_route=\/wp\/v2\/pages"}],"about":[{"href":"https:\/\/hubertpietka.bialystok.pl\/index.php?rest_route=\/wp\/v2\/types\/page"}],"author":[{"embeddable":true,"href":"https:\/\/hubertpietka.bialystok.pl\/index.php?rest_route=\/wp\/v2\/users\/1"}],"replies":[{"embeddable":true,"href":"https:\/\/hubertpietka.bialystok.pl\/index.php?rest_route=%2Fwp%2Fv2%2Fcomments&post=1376"}],"version-history":[{"count":1,"href":"https:\/\/hubertpietka.bialystok.pl\/index.php?rest_route=\/wp\/v2\/pages\/1376\/revisions"}],"predecessor-version":[{"id":1377,"href":"https:\/\/hubertpietka.bialystok.pl\/index.php?rest_route=\/wp\/v2\/pages\/1376\/revisions\/1377"}],"wp:attachment":[{"href":"https:\/\/hubertpietka.bialystok.pl\/index.php?rest_route=%2Fwp%2Fv2%2Fmedia&parent=1376"}],"curies":[{"name":"wp","href":"https:\/\/api.w.org\/{rel}","templated":true}]}}