{"id":1379,"date":"2018-06-28T10:18:48","date_gmt":"2018-06-28T10:18:48","guid":{"rendered":"http:\/\/hubertpietka.bialystok.pl\/?page_id=1379"},"modified":"2018-06-28T10:47:43","modified_gmt":"2018-06-28T10:47:43","slug":"glebia-modlitwy-2","status":"publish","type":"page","link":"https:\/\/hubertpietka.bialystok.pl\/?page_id=1379","title":{"rendered":"G\u0142\u0119bia modlitwy"},"content":{"rendered":"<div class=\"SlwI7e\" data-cai=\"i19\">\n<div id=\"body:i19\">\n<div class=\"i8Zvz\">\n<div class=\"R6Ozpf sMVRZe\" data-th=\"180\">\n<div class=\"jVjeQd\" dir=\"ltr\">\n<p><em><strong>G\u0142\u0119bia modlitwy<\/strong> <\/em><\/p>\n<p>Modlitwa jest jak niebo<br \/>\nNiezg\u0142\u0119biona niesko\u0144czona<\/p>\n<p>Kiedy zanurzasz si\u0119 w niej<br \/>\nPiek\u0142o dr\u017cy od mocy Bo\u017cej<\/p>\n<p>Modlitwa jest b\u0142ogos\u0142awie\u0144stwem<br \/>\nNieba dla ziemi tej<\/p>\n<p>Modlitwa jest najpi\u0119kniejszym<br \/>\nOdruchem serca<\/p>\n<p>Czysta modlitwa<br \/>\nMi\u0142o\u015b\u0107 wznieca i \u015bwiat przemienia<\/p>\n<p>Modlitwa jest duszy zanurzeniem<br \/>\nW przestworzach bezkresu nieba<\/p>\n<p>Modlitwa wierna jest jak obosieczny miecz<br \/>\nBro\u0144 to pewna wobec wszelkich dzia\u0142a\u0144 diabelskich<\/p>\n<p>Modlitwa dobra<br \/>\nZwi\u0119ksza jego sum\u0119 w uniwersum \u015bwiata<\/p>\n<p>Modlitwa jasna i prosta<br \/>\nNiszczy z\u0142o u podstaw<\/p>\n<p>Modlitwa to nieba dzia\u0142anie<br \/>\nBoga w \u017cyciu trwanie<\/p>\n<p>Bo\u017ca modlitwa wszystko przemienia<br \/>\ni uderza w piek\u0142o jak grom z jasnego nieba<\/p>\n<p>Modlitwa skrzyde\u0142 dodaje<br \/>\nDzi\u0119ki kt\u00f3rym wszelkie przeciwno\u015bci si\u0119 pokonuje<\/p>\n<p>Modlitwa pozwala wzlata\u0107<br \/>\nPonad wszelkie sprawy \u015bwiata<\/p>\n<p>Modlitwa unosi w g\u00f3r\u0119<br \/>\nBy nad z\u0142o wznosi\u0107 sw\u0105 dusz\u0119<\/p>\n<p>Tylko dzi\u0119ki modlitwie<br \/>\nMo\u017cna z\u0142o pokona\u0107 na tym \u015bwiecie<\/p>\n<p>Kiedy\u015b b\u0119dzie wiadome poznanie<br \/>\nJaka jest moc modlitwy wytrwa\u0142ej<\/p>\n<p>W modlitwie nie ustawa\u0107 i trwa\u0107<br \/>\nTo szata\u0144skie dzia\u0142ania przezwyci\u0119\u017ca\u0107<\/p>\n<p style=\"text-align: center;\"><em>Na zdj. Niebo nad Alej\u0105 Pi\u0142sudskiego.<\/em><\/p>\n<\/div>\n<\/div>\n<\/div>\n<\/div>\n<div>\n<div>\n<div id=\"i20\" class=\"e8zLFb\">\n<div class=\"uvi9me\">\n<div id=\"i21\" class=\"ZC69kc\">\n<div class=\"E68jgf\"><img loading=\"lazy\" decoding=\"async\" class=\"JZUAbb aligncenter\" src=\"https:\/\/lh3.googleusercontent.com\/-ic53i0gfzcM\/WzSLHWo0fnI\/AAAAAAAABB8\/9V0kkndhqZUpnrQfz3jaKn_MpuvEPUuVgCJoC\/w530-h398-n\/IMG_20180628_090254.jpg\" alt=\"Zdj\u0119cie\" width=\"530\" height=\"398\" \/><\/div>\n<div class=\"E68jgf\">\n<h1 class=\"title style-scope ytd-video-primary-info-renderer\" style=\"text-align: center;\"><a href=\"https:\/\/www.youtube.com\/watch?v=n3Hv-1MWz2Y\"><em>Enej &#8211; Skrzydlate R\u0119ce<\/em><\/a><\/h1>\n<h1 class=\"title style-scope ytd-video-primary-info-renderer\" style=\"text-align: center;\"><a href=\"https:\/\/www.youtube.com\/watch?v=_VJuiF9Kvx4\"><em>Bednarek &#8211; Cisza<\/em><\/a><\/h1>\n<h1 class=\"title style-scope ytd-video-primary-info-renderer\" style=\"text-align: center;\"><a href=\"https:\/\/www.youtube.com\/watch?v=NKhbuY8mxB0\"><em>Raz Dwa Trzy &amp; Lech Janerka &#8211; Trudno nie wierzy\u0107 w nic<\/em><\/a><\/h1>\n<\/div>\n<\/div>\n<\/div>\n<\/div>\n<\/div>\n<\/div>\n<\/div>\n","protected":false},"excerpt":{"rendered":"<p>G\u0142\u0119bia modlitwy Modlitwa jest jak niebo Niezg\u0142\u0119biona niesko\u0144czona Kiedy zanurzasz si\u0119 w niej Piek\u0142o dr\u017cy od mocy Bo\u017cej Modlitwa jest b\u0142ogos\u0142awie\u0144stwem Nieba dla ziemi tej&hellip; <\/p>\n","protected":false},"author":1,"featured_media":0,"parent":0,"menu_order":0,"comment_status":"closed","ping_status":"closed","template":"","meta":{"footnotes":""},"class_list":["post-1379","page","type-page","status-publish","hentry"],"_links":{"self":[{"href":"https:\/\/hubertpietka.bialystok.pl\/index.php?rest_route=\/wp\/v2\/pages\/1379","targetHints":{"allow":["GET"]}}],"collection":[{"href":"https:\/\/hubertpietka.bialystok.pl\/index.php?rest_route=\/wp\/v2\/pages"}],"about":[{"href":"https:\/\/hubertpietka.bialystok.pl\/index.php?rest_route=\/wp\/v2\/types\/page"}],"author":[{"embeddable":true,"href":"https:\/\/hubertpietka.bialystok.pl\/index.php?rest_route=\/wp\/v2\/users\/1"}],"replies":[{"embeddable":true,"href":"https:\/\/hubertpietka.bialystok.pl\/index.php?rest_route=%2Fwp%2Fv2%2Fcomments&post=1379"}],"version-history":[{"count":6,"href":"https:\/\/hubertpietka.bialystok.pl\/index.php?rest_route=\/wp\/v2\/pages\/1379\/revisions"}],"predecessor-version":[{"id":1385,"href":"https:\/\/hubertpietka.bialystok.pl\/index.php?rest_route=\/wp\/v2\/pages\/1379\/revisions\/1385"}],"wp:attachment":[{"href":"https:\/\/hubertpietka.bialystok.pl\/index.php?rest_route=%2Fwp%2Fv2%2Fmedia&parent=1379"}],"curies":[{"name":"wp","href":"https:\/\/api.w.org\/{rel}","templated":true}]}}