{"id":1387,"date":"2018-07-04T10:40:07","date_gmt":"2018-07-04T10:40:07","guid":{"rendered":"http:\/\/hubertpietka.bialystok.pl\/?page_id=1387"},"modified":"2018-07-04T11:36:36","modified_gmt":"2018-07-04T11:36:36","slug":"zjednoczeni-piesn-w-swieto-niepodleglosci-usa","status":"publish","type":"page","link":"https:\/\/hubertpietka.bialystok.pl\/?page_id=1387","title":{"rendered":"Zjednoczeni \/ Pie\u015b\u0144 w \u015awi\u0119to Niepodleg\u0142o\u015bci USA \/"},"content":{"rendered":"<p><em><strong>Zjednoczeni<\/strong><\/em><br \/>\n<em><strong> \/ Pie\u015b\u0144 w \u015awi\u0119to Niepodleg\u0142o\u015bci USA \/<\/strong><\/em><\/p>\n<p><em>Ref. B\u0105d\u017amy zjednoczeni jak Stany<\/em><br \/>\n<em> Amerykan\u00f3w<\/em><\/p>\n<p>Mimo r\u00f3\u017cnic &#8211; razem by\u0107<br \/>\nBo mo\u017cna pi\u0119knie r\u00f3\u017cni\u0107 si\u0119<br \/>\nA w fundamentalnych sprawach<br \/>\nBy\u0107 dobrze razem<\/p>\n<p>Ref.<\/p>\n<p>Przewarto\u015bciowa\u0107 trzeba<br \/>\nCo jest rzecz\u0105 najwi\u0119ksz\u0105<br \/>\nA co tylko dodatkiem<br \/>\nW sprawach wielu<\/p>\n<p>Ref.<\/p>\n<p>Odrzuci\u0107 trzeba co dzieli<br \/>\nA szuka\u0107 wsp\u00f3lnych cel\u00f3w<br \/>\nBy razem budowa\u0107<br \/>\nNow\u0105 wsp\u00f3ln\u0105 drog\u0119<\/p>\n<p>Ref.<\/p>\n<p>Tylko tak nowa Polska powstanie<br \/>\nI b\u0119dzie nowy pi\u0119kny \u015bwiat razem<br \/>\nKiedy odst\u0105pi si\u0119 od akcentowania r\u00f3\u017cnic<br \/>\nBy wsp\u00f3lnie now\u0105 drog\u0105 ludzko\u015bci i\u015b\u0107<\/p>\n<p>Ref.<\/p>\n<p><em>Na zdj.<\/em><br \/>\n<em> Przeja\u015bnia si\u0119<\/em><br \/>\n<em> Niebo na \u017bytniej \/<\/em><br \/>\n<em> Nawet chmurki niejako dematerializuj\u0105c si\u0119<\/em><br \/>\n<em> S\u0105 razem \ud83d\ude42<\/em><\/p>\n<div>\n<div>\n<div id=\"i20\" class=\"e8zLFb\">\n<div class=\"uvi9me\">\n<div id=\"i21\" class=\"ZC69kc\">\n<div class=\"E68jgf\"><img loading=\"lazy\" decoding=\"async\" class=\"JZUAbb\" src=\"https:\/\/lh3.googleusercontent.com\/--XW_LpVA-rg\/Wzyf5Ngjq9I\/AAAAAAAABa8\/9CtDwHA3fZooDAE42doO1a27E9w3bxAbACJoC\/w530-h398-n\/IMG_20180704_104049.jpg\" alt=\"Zdj\u0119cie\" width=\"530\" height=\"398\" \/><\/div>\n<div class=\"E68jgf\" style=\"text-align: center;\"><a href=\"https:\/\/www.youtube.com\/watch?v=YMIPTlKbHm4\"><em><strong>T.Love &#8211; Stany<\/strong><\/em><\/a><\/div>\n<div class=\"E68jgf\" style=\"text-align: center;\">\n<h1 class=\"title style-scope ytd-video-primary-info-renderer\"><a href=\"https:\/\/www.youtube.com\/watch?v=ZYt_SxPzWUk\"><em>Agnieszka Adamczewska &#8211; Na wszystko przyjdzie czas<\/em><\/a><\/h1>\n<h1 class=\"title style-scope ytd-video-primary-info-renderer\"><a href=\"https:\/\/www.youtube.com\/watch?v=Zi0RpNSELas\"><em>USA FOR AFRICA &#8211; We Are The World<\/em><\/a><\/h1>\n<h1 class=\"title style-scope ytd-video-primary-info-renderer\"><a href=\"https:\/\/www.youtube.com\/watch?v=vo5yTOZPC0o\"><em>Oceany &#8211; exodus 15<\/em><\/a><\/h1>\n<\/div>\n<\/div>\n<\/div>\n<\/div>\n<\/div>\n<\/div>\n","protected":false},"excerpt":{"rendered":"<p>Zjednoczeni \/ Pie\u015b\u0144 w \u015awi\u0119to Niepodleg\u0142o\u015bci USA \/ Ref. B\u0105d\u017amy zjednoczeni jak Stany Amerykan\u00f3w Mimo r\u00f3\u017cnic &#8211; razem by\u0107 Bo mo\u017cna pi\u0119knie r\u00f3\u017cni\u0107 si\u0119 A&hellip; <\/p>\n","protected":false},"author":1,"featured_media":0,"parent":0,"menu_order":0,"comment_status":"closed","ping_status":"closed","template":"","meta":{"footnotes":""},"class_list":["post-1387","page","type-page","status-publish","hentry"],"_links":{"self":[{"href":"https:\/\/hubertpietka.bialystok.pl\/index.php?rest_route=\/wp\/v2\/pages\/1387","targetHints":{"allow":["GET"]}}],"collection":[{"href":"https:\/\/hubertpietka.bialystok.pl\/index.php?rest_route=\/wp\/v2\/pages"}],"about":[{"href":"https:\/\/hubertpietka.bialystok.pl\/index.php?rest_route=\/wp\/v2\/types\/page"}],"author":[{"embeddable":true,"href":"https:\/\/hubertpietka.bialystok.pl\/index.php?rest_route=\/wp\/v2\/users\/1"}],"replies":[{"embeddable":true,"href":"https:\/\/hubertpietka.bialystok.pl\/index.php?rest_route=%2Fwp%2Fv2%2Fcomments&post=1387"}],"version-history":[{"count":24,"href":"https:\/\/hubertpietka.bialystok.pl\/index.php?rest_route=\/wp\/v2\/pages\/1387\/revisions"}],"predecessor-version":[{"id":1412,"href":"https:\/\/hubertpietka.bialystok.pl\/index.php?rest_route=\/wp\/v2\/pages\/1387\/revisions\/1412"}],"wp:attachment":[{"href":"https:\/\/hubertpietka.bialystok.pl\/index.php?rest_route=%2Fwp%2Fv2%2Fmedia&parent=1387"}],"curies":[{"name":"wp","href":"https:\/\/api.w.org\/{rel}","templated":true}]}}