{"id":142,"date":"2017-01-03T23:25:39","date_gmt":"2017-01-03T23:25:39","guid":{"rendered":"http:\/\/hubertpietka.bialystok.pl\/?page_id=142"},"modified":"2024-01-13T06:52:44","modified_gmt":"2024-01-13T06:52:44","slug":"aktywnosc-zawodowa-2","status":"publish","type":"page","link":"https:\/\/hubertpietka.bialystok.pl\/?page_id=142","title":{"rendered":"Aktywno\u015b\u0107 zawodowa"},"content":{"rendered":"<p>Pracujowa\u0142em w szko\u0142ach jako nauczyciel polonista i bibliotekarz (2005-2006) Kontynuuj\u0119 te zainteresowania poprzez korepetycje (2003 &#8211; )<\/p>\n<p>Wiele lat sp\u0119dzi\u0142em w Ksi\u0105\u017cnicy Podlaskiej im. \u0141ukasza G\u00f3rnickiego w Bia\u0142ymstoku (2007-2016). Najpierw w Czytelni Prasy, a potem jako instruktor w Dziale Instrukcyjno-Metodycznym.<\/p>\n<p>Wykonywa\u0142em te\u017c przez jaki\u015b czas swe zadania w ksi\u0119garni stacjonarnej i ksi\u0119garni internetowej oraz w firmie ubezpieczeniowej (2007-2010).<\/p>\n<p>Pracowa\u0142em te\u017c w MBP w Wasilkowie (2019-2020).<\/p>\n<p>Obecnie pracuj\u0119 jako rzeczoznawca maszyn budowlanych, rolniczych i innych (2022 &#8211; ).<\/p>\n","protected":false},"excerpt":{"rendered":"<p>Pracujowa\u0142em w szko\u0142ach jako nauczyciel polonista i bibliotekarz (2005-2006) Kontynuuj\u0119 te zainteresowania poprzez korepetycje (2003 &#8211; ) Wiele lat sp\u0119dzi\u0142em w Ksi\u0105\u017cnicy Podlaskiej im. \u0141ukasza&hellip; <\/p>\n","protected":false},"author":1,"featured_media":0,"parent":0,"menu_order":0,"comment_status":"closed","ping_status":"closed","template":"","meta":{"footnotes":""},"class_list":["post-142","page","type-page","status-publish","hentry"],"_links":{"self":[{"href":"https:\/\/hubertpietka.bialystok.pl\/index.php?rest_route=\/wp\/v2\/pages\/142","targetHints":{"allow":["GET"]}}],"collection":[{"href":"https:\/\/hubertpietka.bialystok.pl\/index.php?rest_route=\/wp\/v2\/pages"}],"about":[{"href":"https:\/\/hubertpietka.bialystok.pl\/index.php?rest_route=\/wp\/v2\/types\/page"}],"author":[{"embeddable":true,"href":"https:\/\/hubertpietka.bialystok.pl\/index.php?rest_route=\/wp\/v2\/users\/1"}],"replies":[{"embeddable":true,"href":"https:\/\/hubertpietka.bialystok.pl\/index.php?rest_route=%2Fwp%2Fv2%2Fcomments&post=142"}],"version-history":[{"count":5,"href":"https:\/\/hubertpietka.bialystok.pl\/index.php?rest_route=\/wp\/v2\/pages\/142\/revisions"}],"predecessor-version":[{"id":7840,"href":"https:\/\/hubertpietka.bialystok.pl\/index.php?rest_route=\/wp\/v2\/pages\/142\/revisions\/7840"}],"wp:attachment":[{"href":"https:\/\/hubertpietka.bialystok.pl\/index.php?rest_route=%2Fwp%2Fv2%2Fmedia&parent=142"}],"curies":[{"name":"wp","href":"https:\/\/api.w.org\/{rel}","templated":true}]}}