{"id":1436,"date":"2018-07-04T12:22:08","date_gmt":"2018-07-04T12:22:08","guid":{"rendered":"http:\/\/hubertpietka.bialystok.pl\/?page_id=1436"},"modified":"2018-07-04T12:22:08","modified_gmt":"2018-07-04T12:22:08","slug":"wszyscy-jestesmy-poranieni","status":"publish","type":"page","link":"https:\/\/hubertpietka.bialystok.pl\/?page_id=1436","title":{"rendered":"Wszyscy jeste\u015bmy poranieni"},"content":{"rendered":"<p><strong><em>Wszyscy jeste\u015bmy poranieni<\/em><\/strong><\/p>\n<p>Wszyscy jeste\u015bmy poranieni<\/p>\n<p>Relacjami<br \/>\nDo\u015bwiadczeniami<br \/>\nR\u00f3\u017cnymi sytuacjami<\/p>\n<p>Wszyscy jeste\u015bmy poranieni<br \/>\nCi\u0105\u017cy na nas brzemi\u0119\u00a0 grzechu pierwszego<\/p>\n<p>Wszyscy jeste\u015bmy poranieni<br \/>\nGrzechami swymi i innych<\/p>\n<p>Prostowa\u0107 si\u0119 mo\u017cemy<br \/>\nTylko wobec Boga<\/p>\n<p>Kiedy si\u0119 upadnie<br \/>\nDo Niego trzeba si\u0119 zwr\u00f3ci\u0107<\/p>\n<p>Tylko On ma moc<br \/>\nLeczenia przebaczenia<\/p>\n<p>Tylko w Nim mo\u017cemy<br \/>\nUczy\u0107 si\u0119 kocha\u0107 i przebacza\u0107<br \/>\nSobie samemu i innym wzajemnie<\/p>\n<p>Tylko trzeba chcie\u0107<br \/>\nPowsta\u0107 obmy\u0107 si\u0119 z grzechu<br \/>\nTrudno\u015bci sytuacyjno\u015bci relacjonalno\u015bci<br \/>\nWobec Niego<\/p>\n<p>A nie trwa\u0107 w bagnie i brudzie grzechu<br \/>\nOczy\u015bci\u0107 si\u0119 w Bogu<\/p>\n<p><em>Na zdj. Kremowe kwiaty przy bloku obok na \u017bytniej \/<\/em><br \/>\n<em> Oby serce by\u0142o jasne i czyste.<\/em><\/p>\n<p><img loading=\"lazy\" decoding=\"async\" class=\"JZUAbb\" src=\"https:\/\/lh3.googleusercontent.com\/-bJ_ZXeds2a8\/Wzskd3ionNI\/AAAAAAAABXs\/7sdb0X00HlgJeEzgPxb_r-m2D0pFsUsEACJoC\/w530-h707-n\/IMG_20180703_085756.jpg\" alt=\"Zdj\u0119cie\" width=\"530\" height=\"707\" \/><\/p>\n","protected":false},"excerpt":{"rendered":"<p>Wszyscy jeste\u015bmy poranieni Wszyscy jeste\u015bmy poranieni Relacjami Do\u015bwiadczeniami R\u00f3\u017cnymi sytuacjami Wszyscy jeste\u015bmy poranieni Ci\u0105\u017cy na nas brzemi\u0119\u00a0 grzechu pierwszego Wszyscy jeste\u015bmy poranieni Grzechami swymi i&hellip; <\/p>\n","protected":false},"author":1,"featured_media":0,"parent":0,"menu_order":0,"comment_status":"closed","ping_status":"closed","template":"","meta":{"footnotes":""},"class_list":["post-1436","page","type-page","status-publish","hentry"],"_links":{"self":[{"href":"https:\/\/hubertpietka.bialystok.pl\/index.php?rest_route=\/wp\/v2\/pages\/1436","targetHints":{"allow":["GET"]}}],"collection":[{"href":"https:\/\/hubertpietka.bialystok.pl\/index.php?rest_route=\/wp\/v2\/pages"}],"about":[{"href":"https:\/\/hubertpietka.bialystok.pl\/index.php?rest_route=\/wp\/v2\/types\/page"}],"author":[{"embeddable":true,"href":"https:\/\/hubertpietka.bialystok.pl\/index.php?rest_route=\/wp\/v2\/users\/1"}],"replies":[{"embeddable":true,"href":"https:\/\/hubertpietka.bialystok.pl\/index.php?rest_route=%2Fwp%2Fv2%2Fcomments&post=1436"}],"version-history":[{"count":1,"href":"https:\/\/hubertpietka.bialystok.pl\/index.php?rest_route=\/wp\/v2\/pages\/1436\/revisions"}],"predecessor-version":[{"id":1437,"href":"https:\/\/hubertpietka.bialystok.pl\/index.php?rest_route=\/wp\/v2\/pages\/1436\/revisions\/1437"}],"wp:attachment":[{"href":"https:\/\/hubertpietka.bialystok.pl\/index.php?rest_route=%2Fwp%2Fv2%2Fmedia&parent=1436"}],"curies":[{"name":"wp","href":"https:\/\/api.w.org\/{rel}","templated":true}]}}