{"id":1439,"date":"2018-07-07T09:42:59","date_gmt":"2018-07-07T09:42:59","guid":{"rendered":"http:\/\/hubertpietka.bialystok.pl\/?page_id=1439"},"modified":"2018-07-07T09:55:05","modified_gmt":"2018-07-07T09:55:05","slug":"summa-rozancowa-paciorkami-zycia-przenicanie-a-do-boga-czlowieka-droga","status":"publish","type":"page","link":"https:\/\/hubertpietka.bialystok.pl\/?page_id=1439","title":{"rendered":"Summa r\u00f3\u017ca\u0144cowa \/ paciorkami \u017cycia przenicanie, a do Boga cz\u0142owieka droga \/"},"content":{"rendered":"<p><strong><em>Summa r\u00f3\u017ca\u0144cowa<br \/>\n\/ paciorkami \u017cycia przenicanie, a do Boga cz\u0142owieka droga \/<\/em><\/strong><\/p>\n<p><strong>Prolog <\/strong><br \/>\n\u017bycie mo\u017cna zamkn\u0105\u0107<br \/>\nI otworzy\u0107 w r\u00f3\u017ca\u0144cu<\/p>\n<p>On jest kluczem spojrzenia<br \/>\nNa siebie i \u015bwiat<br \/>\nOtwiera oczy duszy<br \/>\nNa przestrze\u0144 Boga<\/p>\n<p><strong>\u00a01. Rado\u015b\u0107<\/strong><br \/>\nMoje \u017cycie otworzy\u0142o<br \/>\nFiat jak Maryja<br \/>\nBy stara\u0107 si\u0119 wype\u0142nia\u0107 to<br \/>\nCzego B\u00f3g ode mnie chce<\/p>\n<p>By pr\u00f3bowa\u0107 by\u0107 cz\u0142owiekiem dobrej woli<br \/>\nKt\u00f3ry wszystko oddaje Bogu i Maryi<br \/>\nBy wsz\u0119dzie Go odnajdywa\u0107<br \/>\nI na Niego wskazywa\u0107<\/p>\n<p><strong>\u00a0 2. \u015awiat\u0142o<\/strong><br \/>\nWszystko musi sie wype\u0142ni\u0107<br \/>\nRobi\u0107 wszystko co Jezus chce<br \/>\nKr\u00f3lestwo Jego g\u0142osi\u0107<br \/>\nI nieustannie nawraca\u0107 si\u0119<\/p>\n<p>Przemienia\u0107 swoje my\u015blenie<br \/>\nTak\u017ce permanentnie<br \/>\nBy coraz bardziej Bo\u017ce by\u0142o<br \/>\n\u017by\u0107 Eucharysti\u0105<\/p>\n<p><strong> 3. B\u00f3l<\/strong><br \/>\nKiedy trudne chwile by\u0142y<br \/>\nGdy bliscy zranili<br \/>\nInni zdradzili<br \/>\nB\u00f3g nie opuszcza nigdy<\/p>\n<p>Kiedy trwoga i cierpienie<br \/>\nBra\u0107 krzy\u017ca brzemi\u0119<br \/>\nBy razem z Jezusem<br \/>\nPrzezwyci\u0119\u017ca\u0107 trudno\u015bci wszelkie<\/p>\n<p><strong>\u00a0 4. Chwa\u0142a<\/strong><br \/>\nZ ka\u017cdego krzy\u017ca<br \/>\nZmartwychwstanie<br \/>\nPo ka\u017cdym cierpieniu<br \/>\nWniebowst\u0105pienie<\/p>\n<p>W mocy Ducha<br \/>\nPrzy pomocy Maryi<br \/>\nO Jej zwyci\u0119stwie \u015bwiadczy\u0107<br \/>\nI chwale Chrystusa Kr\u00f3la<\/p>\n<p><strong>Epilog <\/strong><br \/>\nR\u00f3\u017caniec zachwyca<br \/>\nNieustannie przenika<br \/>\n\u017bycie cz\u0142owieka<br \/>\nBo\u017c\u0105 Ewangeli\u0105<\/p>\n<p>W r\u00f3\u017ca\u0144cu wszystko<br \/>\nRozpocz\u0105\u0107 na nowo zawsze mo\u017cna<br \/>\nOn jest pocz\u0105tkiem bez ko\u0144ca<\/p>\n<p><strong>Pos\u0142anie <\/strong><br \/>\nOdmawiajcie r\u00f3\u017caniec<br \/>\nJe\u015bli chcecie \u017cycie swe<br \/>\nNape\u0142nia\u0107 Bogiem<br \/>\nOn jest pewn\u0105 drog\u0105<\/p>\n<p>Modlitw\u0105 prost\u0105 i czyst\u0105<br \/>\nJak r\u00f3\u017ca niewinn\u0105<br \/>\nLecz moc\u0105 Bo\u017c\u0105 bardzo siln\u0105<\/p>\n<p>&nbsp;<\/p>\n<p style=\"text-align: center;\"><em>Pisano w pierwsz\u0105 sobot\u0119 miesi\u0105ca lipca \u2013 07.07.2018 r. w Bia\u0142ymstoku.<\/em><\/p>\n<h1 class=\"title style-scope ytd-video-primary-info-renderer\" style=\"text-align: right;\"><a href=\"https:\/\/www.youtube.com\/watch?v=YMCPMBI9-7o\"><em>Pom\u00f3dl si\u0119 Miriam<\/em><\/a><\/h1>\n<h1 class=\"title style-scope ytd-video-primary-info-renderer\" style=\"text-align: right;\"><a href=\"https:\/\/www.youtube.com\/watch?v=Ob9ZnzfRSDI\"><em>Nic nie musisz m\u00f3wi nic<\/em><\/a><\/h1>\n","protected":false},"excerpt":{"rendered":"<p>Summa r\u00f3\u017ca\u0144cowa \/ paciorkami \u017cycia przenicanie, a do Boga cz\u0142owieka droga \/ Prolog \u017bycie mo\u017cna zamkn\u0105\u0107 I otworzy\u0107 w r\u00f3\u017ca\u0144cu On jest kluczem spojrzenia Na&hellip; <\/p>\n","protected":false},"author":1,"featured_media":0,"parent":0,"menu_order":0,"comment_status":"closed","ping_status":"closed","template":"","meta":{"footnotes":""},"class_list":["post-1439","page","type-page","status-publish","hentry"],"_links":{"self":[{"href":"https:\/\/hubertpietka.bialystok.pl\/index.php?rest_route=\/wp\/v2\/pages\/1439","targetHints":{"allow":["GET"]}}],"collection":[{"href":"https:\/\/hubertpietka.bialystok.pl\/index.php?rest_route=\/wp\/v2\/pages"}],"about":[{"href":"https:\/\/hubertpietka.bialystok.pl\/index.php?rest_route=\/wp\/v2\/types\/page"}],"author":[{"embeddable":true,"href":"https:\/\/hubertpietka.bialystok.pl\/index.php?rest_route=\/wp\/v2\/users\/1"}],"replies":[{"embeddable":true,"href":"https:\/\/hubertpietka.bialystok.pl\/index.php?rest_route=%2Fwp%2Fv2%2Fcomments&post=1439"}],"version-history":[{"count":3,"href":"https:\/\/hubertpietka.bialystok.pl\/index.php?rest_route=\/wp\/v2\/pages\/1439\/revisions"}],"predecessor-version":[{"id":1442,"href":"https:\/\/hubertpietka.bialystok.pl\/index.php?rest_route=\/wp\/v2\/pages\/1439\/revisions\/1442"}],"wp:attachment":[{"href":"https:\/\/hubertpietka.bialystok.pl\/index.php?rest_route=%2Fwp%2Fv2%2Fmedia&parent=1439"}],"curies":[{"name":"wp","href":"https:\/\/api.w.org\/{rel}","templated":true}]}}