{"id":1444,"date":"2018-07-09T11:07:49","date_gmt":"2018-07-09T11:07:49","guid":{"rendered":"http:\/\/hubertpietka.bialystok.pl\/?page_id=1444"},"modified":"2018-07-09T11:33:06","modified_gmt":"2018-07-09T11:33:06","slug":"dekalog-serca-zyc-jak-trzeba-to-droga-do-nieba","status":"publish","type":"page","link":"https:\/\/hubertpietka.bialystok.pl\/?page_id=1444","title":{"rendered":"Dekalog serca ( \u017by\u0107 jak trzeba \/ to droga do nieba )"},"content":{"rendered":"<p><strong><em>Dekalog serca<br \/>\n( \u017by\u0107 jak trzeba \/ to droga do nieba )<\/em><\/strong><\/p>\n<p>Zycie jest darem najcenniejszym<br \/>\nJak by\u0107 aby je dobrze prze\u017cy\u0107<\/p>\n<p>W zgodzie z niebem trwa\u0107<br \/>\nTo podstawa zasada zasad<\/p>\n<p>W zgodzie z lud\u017ami je\u015bli si\u0119 da<br \/>\nTo druga najwa\u017cniejsza wytyczna<\/p>\n<p>Post\u0119powa\u0107 w zgodzie z wiar\u0105<br \/>\nI z rozumem do pary<\/p>\n<p>Nie oddawa\u0107 si\u0119 materialno\u015bci w niewol\u0119<br \/>\nLecz czerpa\u0107 z niej to co potrzebne<\/p>\n<p>Trwa\u0107 w pokoju<br \/>\nMimo zmienno\u015bci losu<\/p>\n<p>Robi\u0107 co trzeba<br \/>\nDla siebie ludzi nieba<\/p>\n<p>\u017by\u0107 w zgodzie z natur\u0105<br \/>\nCzerpa\u0107 z pok\u0142ad\u00f3w dobrej kultury<\/p>\n<p>Duch i cia\u0142o to nie ma\u0142o<br \/>\nRuch i B\u00f3g<\/p>\n<p>Szacunek wobec powinnego<br \/>\nSprawiedliwo\u015b\u0107 wedle innych i siebie samego<\/p>\n<p>Po prostu pi\u0119knie \u017cy\u0107<br \/>\nDar ten w prawdzie i w pokorze ceni\u0107<\/p>\n<p>Na zdj. Niebo na \u017bytniej przeja\u015bnia si\u0119 \/<br \/>\nPrzeja\u015bnia si\u0119 te\u017c serce \/<br \/>\nNiech dusza wytchnie \/<br \/>\nWobec tego co dobre i pi\u0119kne<\/p>\n<p><img loading=\"lazy\" decoding=\"async\" class=\"JZUAbb\" src=\"https:\/\/lh3.googleusercontent.com\/-NyiYc-vb-IA\/W0MkOUQJgcI\/AAAAAAAABs0\/BXa_bl9-K_wyyZBGAnBG72SC0lVlB8EoQCJoC\/w530-h398-n\/IMG_20180709_104913.jpg\" alt=\"Zdj\u0119cie\" width=\"530\" height=\"398\" \/><\/p>\n<h1 class=\"title style-scope ytd-video-primary-info-renderer\" style=\"text-align: center;\"><em><a href=\"https:\/\/www.youtube.com\/watch?v=sDmUjj6i5GI\">Sound&#8217;n&#8217;Grace &amp; Filip Lato \u2013 100<\/a><\/em><\/h1>\n<h1 class=\"title style-scope ytd-video-primary-info-renderer\" style=\"text-align: center;\"><a href=\"https:\/\/www.youtube.com\/watch?v=5vl-sZmZiDg\"><em>Natalia Szroeder, Katarzyna Cerekwicka, Halina Mlynkova &#8211; \u017bycie cudem jest<\/em><\/a><\/h1>\n<h1 class=\"title style-scope ytd-video-primary-info-renderer\" style=\"text-align: center;\"><em><a href=\"https:\/\/www.youtube.com\/watch?v=mco8I0CUFJ0\">Stanis\u0142aw Sojka &#8211; Czas Nas Uczy Pogody<\/a><\/em><\/h1>\n","protected":false},"excerpt":{"rendered":"<p>Dekalog serca ( \u017by\u0107 jak trzeba \/ to droga do nieba ) Zycie jest darem najcenniejszym Jak by\u0107 aby je dobrze prze\u017cy\u0107 W zgodzie z&hellip; <\/p>\n","protected":false},"author":1,"featured_media":0,"parent":0,"menu_order":0,"comment_status":"closed","ping_status":"closed","template":"","meta":{"footnotes":""},"class_list":["post-1444","page","type-page","status-publish","hentry"],"_links":{"self":[{"href":"https:\/\/hubertpietka.bialystok.pl\/index.php?rest_route=\/wp\/v2\/pages\/1444","targetHints":{"allow":["GET"]}}],"collection":[{"href":"https:\/\/hubertpietka.bialystok.pl\/index.php?rest_route=\/wp\/v2\/pages"}],"about":[{"href":"https:\/\/hubertpietka.bialystok.pl\/index.php?rest_route=\/wp\/v2\/types\/page"}],"author":[{"embeddable":true,"href":"https:\/\/hubertpietka.bialystok.pl\/index.php?rest_route=\/wp\/v2\/users\/1"}],"replies":[{"embeddable":true,"href":"https:\/\/hubertpietka.bialystok.pl\/index.php?rest_route=%2Fwp%2Fv2%2Fcomments&post=1444"}],"version-history":[{"count":4,"href":"https:\/\/hubertpietka.bialystok.pl\/index.php?rest_route=\/wp\/v2\/pages\/1444\/revisions"}],"predecessor-version":[{"id":1448,"href":"https:\/\/hubertpietka.bialystok.pl\/index.php?rest_route=\/wp\/v2\/pages\/1444\/revisions\/1448"}],"wp:attachment":[{"href":"https:\/\/hubertpietka.bialystok.pl\/index.php?rest_route=%2Fwp%2Fv2%2Fmedia&parent=1444"}],"curies":[{"name":"wp","href":"https:\/\/api.w.org\/{rel}","templated":true}]}}