{"id":1450,"date":"2018-07-09T11:56:58","date_gmt":"2018-07-09T11:56:58","guid":{"rendered":"http:\/\/hubertpietka.bialystok.pl\/?page_id=1450"},"modified":"2018-07-09T12:04:04","modified_gmt":"2018-07-09T12:04:04","slug":"rzezi-wolynskiej-wolanie-nieustanne-o-niepowtarzanie-zbrodni-na-czlowieku","status":"publish","type":"page","link":"https:\/\/hubertpietka.bialystok.pl\/?page_id=1450","title":{"rendered":"Rzezi wo\u0142y\u0144skiej wo\u0142anie nieustanne \/o niepowtarzanie zbrodni na cz\u0142owieku"},"content":{"rendered":"<p><strong><em>Rzezi wo\u0142y\u0144skiej wo\u0142anie nieustanne<br \/>\n\/ o niepowtarzanie zbrodni na cz\u0142owieku \/<\/em><\/strong><\/p>\n<p>Historia dziwnie swe losy zaplata<br \/>\nGdy brat zabija brata<\/p>\n<p>Wsp\u00f3lni w swym losie s\u0142owia\u0144skim<br \/>\nPodnosimy na siebie r\u0119ce<\/p>\n<p>Rzez wo\u0142y\u0144ska to by\u0142a kl\u0119ska<br \/>\nBraterstwa i cz\u0142owiecze\u0144stwa<\/p>\n<p>To nie powinno nigdy wydarzy\u0107 sie<br \/>\nZgin\u0119\u0142o 100 tysi\u0119cy m\u0119\u017cczyzn kobiet i dzieci<\/p>\n<p>Tylko dlatego \u017ce byli Polakami<br \/>\nSpotka\u0142a ich ta kl\u0119ska straszna<\/p>\n<p>Jest tu nauka wieczysta<br \/>\nNigdy nie powinna powt\u00f3rzy\u0107 sie taka czystka<\/p>\n<p>Oby historia nie przetoczy\u0142a w ten spos\u00f3b wi\u0119cej swego kola<br \/>\nNigdy wi\u0119cej zbrodni na ludziach<\/p>\n<p>Hekatomba drugiej wojny<br \/>\nWskaz\u00f3wk\u0105 jest dla wsp\u00f3\u0142czesnych i potomnych<\/p>\n<p>Nienawi\u015b\u0107 nigdy nie mo\u017ce<br \/>\nDeterminowa\u0107 los\u00f3w ludzkich istnie\u0144<\/p>\n<p>Rzez wo\u0142y\u0144ska wo\u0142a<br \/>\nNieustaj\u0105cym g\u0142osem historii<\/p>\n<p>Nigdy wi\u0119cej nienawi\u015bci<br \/>\nNigdy wi\u0119cej zbrodni<\/p>\n<p>Ludzi na innych<br \/>\nBrata na swoich<\/p>\n<p>Rany niech sie goj\u0105<br \/>\nLecz w prawdzie historii<\/p>\n<p>Ale te\u017c \u00a0w pokoju i nadziei<br \/>\n\u017be takie rzeczy nie stan\u0105 si\u0119 ju\u017c wi\u0119cej<\/p>\n<p>By cz\u0142owiek ju\u017c nigdy wi\u0119cej nie podni\u00f3s\u0142<br \/>\nNa innych ludzi na innego cz\u0142owieka swej morderczej r\u0119ki<\/p>\n<p>Na zdj. Przeb\u0142ysk s\u0142o\u0144ca przez drzewa \/<br \/>\nPrzy ko\u015bciele Ducha \u015awi\u0119tego \/<br \/>\nHistoria po to wynurza si\u0119 z czasu \/<br \/>\nBy zmienia\u0107 nasze post\u0119powanie zawczasu \/<br \/>\nBy wi\u0119cej nie powt\u00f3rzy\u0142o si\u0119 to \/<br \/>\nCo wydarzy\u0107 si\u0119 nigdy nie powinno.<\/p>\n<p><img loading=\"lazy\" decoding=\"async\" class=\"JZUAbb\" src=\"https:\/\/lh3.googleusercontent.com\/-eyoIM7m92sw\/W0KRzvkykzI\/AAAAAAAABsM\/DuBlKfvHXWgr2FdsdaSRrcF0wPauQzt0wCJoC\/w530-h398-n\/IMG_20180708_185335.jpg\" alt=\"Zdj\u0119cie\" width=\"530\" height=\"398\" \/><\/p>\n","protected":false},"excerpt":{"rendered":"<p>Rzezi wo\u0142y\u0144skiej wo\u0142anie nieustanne \/ o niepowtarzanie zbrodni na cz\u0142owieku \/ Historia dziwnie swe losy zaplata Gdy brat zabija brata Wsp\u00f3lni w swym losie s\u0142owia\u0144skim&hellip; <\/p>\n","protected":false},"author":1,"featured_media":0,"parent":0,"menu_order":0,"comment_status":"closed","ping_status":"closed","template":"","meta":{"footnotes":""},"class_list":["post-1450","page","type-page","status-publish","hentry"],"_links":{"self":[{"href":"https:\/\/hubertpietka.bialystok.pl\/index.php?rest_route=\/wp\/v2\/pages\/1450","targetHints":{"allow":["GET"]}}],"collection":[{"href":"https:\/\/hubertpietka.bialystok.pl\/index.php?rest_route=\/wp\/v2\/pages"}],"about":[{"href":"https:\/\/hubertpietka.bialystok.pl\/index.php?rest_route=\/wp\/v2\/types\/page"}],"author":[{"embeddable":true,"href":"https:\/\/hubertpietka.bialystok.pl\/index.php?rest_route=\/wp\/v2\/users\/1"}],"replies":[{"embeddable":true,"href":"https:\/\/hubertpietka.bialystok.pl\/index.php?rest_route=%2Fwp%2Fv2%2Fcomments&post=1450"}],"version-history":[{"count":2,"href":"https:\/\/hubertpietka.bialystok.pl\/index.php?rest_route=\/wp\/v2\/pages\/1450\/revisions"}],"predecessor-version":[{"id":1454,"href":"https:\/\/hubertpietka.bialystok.pl\/index.php?rest_route=\/wp\/v2\/pages\/1450\/revisions\/1454"}],"wp:attachment":[{"href":"https:\/\/hubertpietka.bialystok.pl\/index.php?rest_route=%2Fwp%2Fv2%2Fmedia&parent=1450"}],"curies":[{"name":"wp","href":"https:\/\/api.w.org\/{rel}","templated":true}]}}