{"id":1455,"date":"2018-07-13T15:56:16","date_gmt":"2018-07-13T15:56:16","guid":{"rendered":"http:\/\/hubertpietka.bialystok.pl\/?page_id=1455"},"modified":"2018-07-13T15:58:49","modified_gmt":"2018-07-13T15:58:49","slug":"obecnosc-czyli-byc-wobec-kogos","status":"publish","type":"page","link":"https:\/\/hubertpietka.bialystok.pl\/?page_id=1455","title":{"rendered":"Obecno\u015b\u0107 \/ czyli by\u0107 wobec Kogo\u015b"},"content":{"rendered":"<p><strong><em>Obecno\u015b\u0107 \/ czyli by\u0107 wobec Kogo\u015b<\/em><\/strong><\/p>\n<p><strong>Pro<br \/>\n<\/strong><\/p>\n<p>By\u0107 obecnym i my\u015ble\u0107<br \/>\nJestem czyli wobec Kogo\u015b \u017cyj\u0119<br \/>\nBo obecno\u015b\u0107 to wi\u0119cej ni\u017c o Kim\u015b my\u015ble\u0107<br \/>\nObecno\u015b\u0107 to zawierzenie i ufno\u015b\u0107<\/p>\n<p>By\u0107 to wi\u0119c wi\u0119cej ni\u017c tylko my\u015ble\u0107<br \/>\nTo wi\u0119cej ni\u017c tylko czu\u0107<br \/>\nBy\u0107 to podstawa i postawa<br \/>\nObecno\u015bci wobec Kogo\u015b i Jego \u015bwiadomo\u015bci<\/p>\n<p>To zawierzenie siebie Komu\u015b<br \/>\nTo te\u017c zawierzenie Kogo\u015b tobie<br \/>\nZaufanie<br \/>\nWzajemne si\u0119 dope\u0142nianie i spe\u0142nianie<\/p>\n<p><strong>1.<\/strong> Maryjo<br \/>\nNie musz\u0119 my\u015ble\u0107 o Tobie stale<br \/>\nBo Tobie zaufa\u0142em<br \/>\nI wiem ze zawsze ze mn\u0105 jeste\u015b<br \/>\nBo jeste\u015b moim zawierzeniem<\/p>\n<p>Kiedy przywo\u0142uj\u0119 Ciebie<br \/>\nW modlitwie s\u0142ownej lub my\u015blnej<br \/>\nTo tylko potwierdzam i odnawiam<br \/>\nZawierzenie siebie \u015bwiata i brata<\/p>\n<p><strong> 2.<\/strong> Jezu<br \/>\nTy zawsze jeste\u015b ze mn\u0105<br \/>\nWiem to na pewno<br \/>\nLecz musz\u0119 Ci\u0119 w modlitwie spotyka\u0107<br \/>\nBy Ewangelia by\u0142a zawsze \u017cywa<\/p>\n<p>Szczeg\u00f3lnie Panie odnawiasz si\u0119 we mnie<br \/>\nKiedy przychodzisz eucharystycznie i sakramentalnie<br \/>\nW S\u0142owie Twym wiecznie \u017cywym<br \/>\nI w drugim cz\u0142owieku moim bracie<\/p>\n<p><strong>3. <\/strong>\u017bono moja<br \/>\nZawsze mi bliska jeste\u015b i b\u0119dziesz<br \/>\nNawet kiedy oddzielaj\u0105 nas emocje<br \/>\nNie musz\u0119 my\u015ble\u0107 stale o Tobie<br \/>\nBo mam Cie zawsze w sobie<\/p>\n<p>Lecz mi\u0142o\u015b\u0107 potrzebuje odnawiania potwierdzania<br \/>\nW naszym \u017cyciu i wsp\u00f3lnym s\u0142owie dialogu<br \/>\nBudujemy ci\u0105gle na nowo wzajemnie siebie<br \/>\nWe wsp\u00f3lnej naszej drodze<\/p>\n<p><strong>4.<\/strong> Rodzino Przyjaciele Bliscy i Dalsi moi<br \/>\nWi\u0119zi krwi i serca<br \/>\nZnacz\u0105 wiele<br \/>\nNie my\u015blimy o sobie stale<br \/>\nLecz \u0142\u0105czymy nasze drogi wytrwale<\/p>\n<p>Dobrze \u017ce jeste\u015bcie<br \/>\nWy prostujecie nasze wn\u0119trza<br \/>\nWobec \u015bwiata i cz\u0142owieka<br \/>\nWsp\u00f3\u0142konstytuujecie nasze ja<\/p>\n<p><strong>5.<\/strong> \u015awi\u0119ci Anio\u0142owie Zmarli kochani<br \/>\nWy zawsze z nami<br \/>\nZa nami si\u0119 wstawiacie<br \/>\nNawet kiedy o tym nie wiemy wcale<\/p>\n<p>Tylko modli\u0107 si\u0119 trzeba<br \/>\nBy ten kontakt by\u0142 \u017cywy<br \/>\nDobrze ze jeste\u015bmy<br \/>\nWe wsp\u00f3lnej eschatologicznej kondycji ludzkiej<\/p>\n<p><strong>End <\/strong><br \/>\nObecno\u015b\u0107 to wi\u0119cej ni\u017c my\u015bl tylko<br \/>\nLecz j\u0105 odnawia ta w\u0142a\u015bnie paradoksalnie<br \/>\nBo s\u0142owo<br \/>\n\u0141\u0105czy niebo z ziemi\u0105<\/p>\n<p>Obecno\u015b\u0107 i my\u015bl wzajemnie<br \/>\nPrzenikaj\u0105 si\u0119 i pe\u0142ni\u0105<br \/>\nFunkcj\u0119 zawierzenia<br \/>\nSiebie i \u015bwiata zmys\u0142owi Boga<\/p>\n<p>Bo\u017cej Opatrzno\u015bci i Mi\u0142osierdziu Bo\u017cemu<br \/>\nZaufanie<br \/>\nWszystko i wszystkich<br \/>\nW sercu Boga sk\u0142adam<\/p>\n<p>Na zdj. Niebo na \u017bytniej przed chwil paru \/<br \/>\nU jak United czyli zjednoczenie \/<br \/>\nOb\u0142ok\u00f3w to wyznanie \/<br \/>\nTrzeba by\u0107 razem.<\/p>\n<p><img loading=\"lazy\" decoding=\"async\" class=\"JZUAbb\" src=\"https:\/\/lh3.googleusercontent.com\/-Ho4N9RkfmvQ\/W0jDGNc1WBI\/AAAAAAAAB-Y\/3Sy2J9Fq1DkncZXbbj9oj50hpQZN8gXvwCJoC\/w530-h398-n\/IMG_20180713_164747.jpg\" alt=\"Zdj\u0119cie\" width=\"530\" height=\"398\" \/><\/p>\n","protected":false},"excerpt":{"rendered":"<p>Obecno\u015b\u0107 \/ czyli by\u0107 wobec Kogo\u015b Pro By\u0107 obecnym i my\u015ble\u0107 Jestem czyli wobec Kogo\u015b \u017cyj\u0119 Bo obecno\u015b\u0107 to wi\u0119cej ni\u017c o Kim\u015b my\u015ble\u0107 Obecno\u015b\u0107&hellip; <\/p>\n","protected":false},"author":1,"featured_media":0,"parent":0,"menu_order":0,"comment_status":"closed","ping_status":"closed","template":"","meta":{"footnotes":""},"class_list":["post-1455","page","type-page","status-publish","hentry"],"_links":{"self":[{"href":"https:\/\/hubertpietka.bialystok.pl\/index.php?rest_route=\/wp\/v2\/pages\/1455","targetHints":{"allow":["GET"]}}],"collection":[{"href":"https:\/\/hubertpietka.bialystok.pl\/index.php?rest_route=\/wp\/v2\/pages"}],"about":[{"href":"https:\/\/hubertpietka.bialystok.pl\/index.php?rest_route=\/wp\/v2\/types\/page"}],"author":[{"embeddable":true,"href":"https:\/\/hubertpietka.bialystok.pl\/index.php?rest_route=\/wp\/v2\/users\/1"}],"replies":[{"embeddable":true,"href":"https:\/\/hubertpietka.bialystok.pl\/index.php?rest_route=%2Fwp%2Fv2%2Fcomments&post=1455"}],"version-history":[{"count":4,"href":"https:\/\/hubertpietka.bialystok.pl\/index.php?rest_route=\/wp\/v2\/pages\/1455\/revisions"}],"predecessor-version":[{"id":1459,"href":"https:\/\/hubertpietka.bialystok.pl\/index.php?rest_route=\/wp\/v2\/pages\/1455\/revisions\/1459"}],"wp:attachment":[{"href":"https:\/\/hubertpietka.bialystok.pl\/index.php?rest_route=%2Fwp%2Fv2%2Fmedia&parent=1455"}],"curies":[{"name":"wp","href":"https:\/\/api.w.org\/{rel}","templated":true}]}}