{"id":1461,"date":"2018-07-15T22:11:12","date_gmt":"2018-07-15T22:11:12","guid":{"rendered":"http:\/\/hubertpietka.bialystok.pl\/?page_id=1461"},"modified":"2018-07-15T23:04:17","modified_gmt":"2018-07-15T23:04:17","slug":"modlitwa-to-nad-szatanem-zwyciestwo","status":"publish","type":"page","link":"https:\/\/hubertpietka.bialystok.pl\/?page_id=1461","title":{"rendered":"Modlitwa to \/ nad szatanem zwyci\u0119stwo"},"content":{"rendered":"<p><strong><em>Modlitwa to \/ nad szatanem zwyci\u0119stwo<\/em><\/strong><\/p>\n<p>Wm\u00f3wienie ludziom<br \/>\n\u017be modlitwa nic nie znaczy<br \/>\nJest najwi\u0119kszym szata\u0144skim k\u0142amstwem<\/p>\n<p>M\u00f3wienie \u017ce modlitwa<br \/>\nTo bezczynno\u015b\u0107 i nier\u00f3bstwo<br \/>\nJest wobec Boga ob\u0142udnym zarzutem<\/p>\n<p>Bo B\u00f3g stworzy\u0142 \u015bwiat przez s\u0142owo<br \/>\nCzyli esencj\u0119 modlitwy<br \/>\nJej tkank\u0119 czyst\u0105<\/p>\n<p>Trzeci szata\u0144ski zarzut o dewoctwo<br \/>\nTo kolejne k\u0142amstwo<br \/>\nBo nikt stwierdzi\u0107 nie mo\u017ce<br \/>\nCo przez modlitw\u0119 si\u0119 dzieje<\/p>\n<p>A kiedy\u015b poznacie<br \/>\nJak jest moc modlitwy wytrwalej<br \/>\nDzi\u0119ki niej ten \u015bwiat jeszcze istnieje<\/p>\n<p>Szatan k\u0142amie bo wie<br \/>\n\u017be z modlitw\u0105 ufn\u0105<br \/>\nWygra\u0107 nie mo\u017ce<br \/>\nOna jest zwiastunem jego kl\u0119sk<\/p>\n<p>Modlitwa<br \/>\nModli sie dusza twa<br \/>\nTrwaj<br \/>\nS\u0142owu Boga ufaj<\/p>\n<p>Na zdj. Pi\u0119kne niebo na \u017bytniej \/<br \/>\nModlitwa oczyszcza my\u015bli \/<br \/>\nJak to niebo \/<br \/>\nJest wyrazem duszy cz\u0142owieczej.<\/p>\n<p><img loading=\"lazy\" decoding=\"async\" class=\"JZUAbb\" src=\"https:\/\/lh3.googleusercontent.com\/-ORreqaCMf7M\/W0vEbNnjwRI\/AAAAAAAACE4\/t-ArPC7hdwwJhTjFJvxZxdXa51wvN1SkgCJoC\/w530-h398-n\/IMG_20180715_193856.jpg\" alt=\"Zdj\u0119cie\" width=\"530\" height=\"398\" \/><\/p>\n","protected":false},"excerpt":{"rendered":"<p>Modlitwa to \/ nad szatanem zwyci\u0119stwo Wm\u00f3wienie ludziom \u017be modlitwa nic nie znaczy Jest najwi\u0119kszym szata\u0144skim k\u0142amstwem M\u00f3wienie \u017ce modlitwa To bezczynno\u015b\u0107 i nier\u00f3bstwo Jest&hellip; <\/p>\n","protected":false},"author":1,"featured_media":0,"parent":0,"menu_order":0,"comment_status":"closed","ping_status":"closed","template":"","meta":{"footnotes":""},"class_list":["post-1461","page","type-page","status-publish","hentry"],"_links":{"self":[{"href":"https:\/\/hubertpietka.bialystok.pl\/index.php?rest_route=\/wp\/v2\/pages\/1461","targetHints":{"allow":["GET"]}}],"collection":[{"href":"https:\/\/hubertpietka.bialystok.pl\/index.php?rest_route=\/wp\/v2\/pages"}],"about":[{"href":"https:\/\/hubertpietka.bialystok.pl\/index.php?rest_route=\/wp\/v2\/types\/page"}],"author":[{"embeddable":true,"href":"https:\/\/hubertpietka.bialystok.pl\/index.php?rest_route=\/wp\/v2\/users\/1"}],"replies":[{"embeddable":true,"href":"https:\/\/hubertpietka.bialystok.pl\/index.php?rest_route=%2Fwp%2Fv2%2Fcomments&post=1461"}],"version-history":[{"count":2,"href":"https:\/\/hubertpietka.bialystok.pl\/index.php?rest_route=\/wp\/v2\/pages\/1461\/revisions"}],"predecessor-version":[{"id":1474,"href":"https:\/\/hubertpietka.bialystok.pl\/index.php?rest_route=\/wp\/v2\/pages\/1461\/revisions\/1474"}],"wp:attachment":[{"href":"https:\/\/hubertpietka.bialystok.pl\/index.php?rest_route=%2Fwp%2Fv2%2Fmedia&parent=1461"}],"curies":[{"name":"wp","href":"https:\/\/api.w.org\/{rel}","templated":true}]}}