{"id":1464,"date":"2018-07-15T22:18:13","date_gmt":"2018-07-15T22:18:13","guid":{"rendered":"http:\/\/hubertpietka.bialystok.pl\/?page_id=1464"},"modified":"2018-07-15T22:18:13","modified_gmt":"2018-07-15T22:18:13","slug":"mundialowy-alfabet-slowny","status":"publish","type":"page","link":"https:\/\/hubertpietka.bialystok.pl\/?page_id=1464","title":{"rendered":"Mundialowy alfabet s\u0142owny"},"content":{"rendered":"<p><strong><em>Mundialowy alfabet s\u0142owny<\/em><\/strong><\/p>\n<p>Od czwartego do pierwszego miejsca<br \/>\n<em>A jak Anglia<br \/>\nB jak Belgia<br \/>\nC jak Chorwacja<br \/>\n&#8230;<br \/>\nF jak Francja<\/em><\/p>\n<p>I taka s\u0142owna zabawa<br \/>\n<em>A jak ambicja<br \/>\nB jak bojowanie<br \/>\nC jak czysto\u015b\u0107<br \/>\n&#8230;<br \/>\nF jak fa\u0142sz<\/em><\/p>\n<p>A pomi\u0119dzy<br \/>\n<em>D jak deszcz<br \/>\nE jak Eli<\/em><\/p>\n<p><strong>Podsumowanie <\/strong><br \/>\nPi\u0142karska gra<br \/>\nBardzo ambitna<br \/>\nBojowanie czyste<br \/>\nCzyli fair play<br \/>\nA fa\u0142sz wy\u017cszych sfer<\/p>\n<p>Pi\u0119knie to deszcz<br \/>\nNa prezentacji pofina\u0142owej obna\u017cy\u0142<br \/>\nBo\u017ce to dzia\u0142anie<br \/>\nAmen<\/p>\n<p>Ps. Gratuluj\u0119 Francji &#8211; na zwyci\u0119stwo zas\u0142u\u017cy\u0142a \/<br \/>\nChorwacji &#8211; pi\u0119knie walczy\u0142a \/<br \/>\nBelgii &#8211; \u0142adnie gra\u0142a \/<br \/>\nAnglii &#8211; daleko dosz\u0142a \/<br \/>\nI Wszystkim Reprezentacjom &#8211; bo na Mundialu zagra\u0107 to gratka nie lada \/<br \/>\nPi\u0142karzy i kibic\u00f3w pozdrawiam \ud83d\ude42<\/p>\n<p>Ps 2. A na zdj\u0119ciu pi\u0119kne niebo wieczorne \/<br \/>\nPrzy Mi\u0142osierdzia Bo\u017cego sanktuarium \/<br \/>\nRefleksji kilka w tym miejscu \/<br \/>\nMy\u015bl jest jak pi\u0142ka szybka \ud83d\ude42<\/p>\n<p><img loading=\"lazy\" decoding=\"async\" class=\"JZUAbb\" src=\"https:\/\/lh3.googleusercontent.com\/-CCgHiUpr1UE\/W0vDZitvb-I\/AAAAAAAACEE\/_GWtk-k0P4MPTBQZjzN1N_ap9c-hr754wCJoC\/w530-h398-n\/IMG_20180715_195502.jpg\" alt=\"Zdj\u0119cie\" width=\"530\" height=\"398\" \/><\/p>\n","protected":false},"excerpt":{"rendered":"<p>Mundialowy alfabet s\u0142owny Od czwartego do pierwszego miejsca A jak Anglia B jak Belgia C jak Chorwacja &#8230; F jak Francja I taka s\u0142owna zabawa&hellip; <\/p>\n","protected":false},"author":1,"featured_media":0,"parent":0,"menu_order":0,"comment_status":"closed","ping_status":"closed","template":"","meta":{"footnotes":""},"class_list":["post-1464","page","type-page","status-publish","hentry"],"_links":{"self":[{"href":"https:\/\/hubertpietka.bialystok.pl\/index.php?rest_route=\/wp\/v2\/pages\/1464","targetHints":{"allow":["GET"]}}],"collection":[{"href":"https:\/\/hubertpietka.bialystok.pl\/index.php?rest_route=\/wp\/v2\/pages"}],"about":[{"href":"https:\/\/hubertpietka.bialystok.pl\/index.php?rest_route=\/wp\/v2\/types\/page"}],"author":[{"embeddable":true,"href":"https:\/\/hubertpietka.bialystok.pl\/index.php?rest_route=\/wp\/v2\/users\/1"}],"replies":[{"embeddable":true,"href":"https:\/\/hubertpietka.bialystok.pl\/index.php?rest_route=%2Fwp%2Fv2%2Fcomments&post=1464"}],"version-history":[{"count":1,"href":"https:\/\/hubertpietka.bialystok.pl\/index.php?rest_route=\/wp\/v2\/pages\/1464\/revisions"}],"predecessor-version":[{"id":1465,"href":"https:\/\/hubertpietka.bialystok.pl\/index.php?rest_route=\/wp\/v2\/pages\/1464\/revisions\/1465"}],"wp:attachment":[{"href":"https:\/\/hubertpietka.bialystok.pl\/index.php?rest_route=%2Fwp%2Fv2%2Fmedia&parent=1464"}],"curies":[{"name":"wp","href":"https:\/\/api.w.org\/{rel}","templated":true}]}}