{"id":1467,"date":"2018-07-15T22:23:22","date_gmt":"2018-07-15T22:23:22","guid":{"rendered":"http:\/\/hubertpietka.bialystok.pl\/?page_id=1467"},"modified":"2018-07-15T23:01:28","modified_gmt":"2018-07-15T23:01:28","slug":"czasem-trzeba","status":"publish","type":"page","link":"https:\/\/hubertpietka.bialystok.pl\/?page_id=1467","title":{"rendered":"Czasem trzeba"},"content":{"rendered":"<p><strong><em>Czasem trzeba<\/em><\/strong><\/p>\n<p>Czasem trzeba<br \/>\nPopatrze\u0107 w niebo<\/p>\n<p>Oderwa\u0107 my\u015bli<br \/>\nOd spraw ziemskich<\/p>\n<p>Mo\u017ce lepszy \u015bwiat<br \/>\nCi si\u0119 przy\u015bni<\/p>\n<p>Mo\u017ce zobaczysz<br \/>\nW prawdzie siebie<\/p>\n<p>Czasem trzeba popatrze\u0107<br \/>\nW niebo<\/p>\n<p>Na zdj. Niebo w parku przy basenie \/<br \/>\nNiebo lepsze ni\u017c ziemia \/<br \/>\nNiebem serce trzeba nape\u0142nia\u0107 \/<br \/>\nBy wszelkie trudno\u015bci ziemskie przetrwa\u0107.<\/p>\n<p><img loading=\"lazy\" decoding=\"async\" class=\"JZUAbb\" src=\"https:\/\/lh3.googleusercontent.com\/-4Gz_OVLvP3c\/W0stW0ZSVII\/AAAAAAAACDc\/CebUw5s6H88l3XjUbT3JDMNPEESqdJczQCJoC\/w530-h707-n\/IMG_20180715_131228.jpg\" alt=\"Zdj\u0119cie\" width=\"530\" height=\"707\" \/><\/p>\n<h1 class=\"title style-scope ytd-video-primary-info-renderer\" style=\"text-align: center;\"><a href=\"https:\/\/www.youtube.com\/watch?v=m_Cj9QHnLDQ\"><em>D\u017cem &#8211; Niebo na wyci\u0105gni\u0119cie r\u0119ki<\/em><\/a><\/h1>\n<h1 class=\"title style-scope ytd-video-primary-info-renderer\" style=\"text-align: center;\"><a href=\"https:\/\/www.youtube.com\/watch?v=G1Re_GfUVOs\"><em>D\u017cem &#8211; Geronimo<\/em><\/a><\/h1>\n<h1 class=\"title style-scope ytd-video-primary-info-renderer\" style=\"text-align: center;\"><a href=\"https:\/\/www.youtube.com\/watch?v=KpBMYjnCLRU\"><em>Anna Maria Jopek &#8211; Ale Jestem<\/em><\/a><\/h1>\n","protected":false},"excerpt":{"rendered":"<p>Czasem trzeba Czasem trzeba Popatrze\u0107 w niebo Oderwa\u0107 my\u015bli Od spraw ziemskich Mo\u017ce lepszy \u015bwiat Ci si\u0119 przy\u015bni Mo\u017ce zobaczysz W prawdzie siebie Czasem trzeba&hellip; <\/p>\n","protected":false},"author":1,"featured_media":0,"parent":0,"menu_order":0,"comment_status":"closed","ping_status":"closed","template":"","meta":{"footnotes":""},"class_list":["post-1467","page","type-page","status-publish","hentry"],"_links":{"self":[{"href":"https:\/\/hubertpietka.bialystok.pl\/index.php?rest_route=\/wp\/v2\/pages\/1467","targetHints":{"allow":["GET"]}}],"collection":[{"href":"https:\/\/hubertpietka.bialystok.pl\/index.php?rest_route=\/wp\/v2\/pages"}],"about":[{"href":"https:\/\/hubertpietka.bialystok.pl\/index.php?rest_route=\/wp\/v2\/types\/page"}],"author":[{"embeddable":true,"href":"https:\/\/hubertpietka.bialystok.pl\/index.php?rest_route=\/wp\/v2\/users\/1"}],"replies":[{"embeddable":true,"href":"https:\/\/hubertpietka.bialystok.pl\/index.php?rest_route=%2Fwp%2Fv2%2Fcomments&post=1467"}],"version-history":[{"count":4,"href":"https:\/\/hubertpietka.bialystok.pl\/index.php?rest_route=\/wp\/v2\/pages\/1467\/revisions"}],"predecessor-version":[{"id":1471,"href":"https:\/\/hubertpietka.bialystok.pl\/index.php?rest_route=\/wp\/v2\/pages\/1467\/revisions\/1471"}],"wp:attachment":[{"href":"https:\/\/hubertpietka.bialystok.pl\/index.php?rest_route=%2Fwp%2Fv2%2Fmedia&parent=1467"}],"curies":[{"name":"wp","href":"https:\/\/api.w.org\/{rel}","templated":true}]}}